{"id":6370,"date":"2020-10-21T13:05:58","date_gmt":"2020-10-21T11:05:58","guid":{"rendered":"https:\/\/dogpride1.wpengine.com\/?post_type=product&#038;p=6370"},"modified":"2026-03-19T12:47:54","modified_gmt":"2026-03-19T11:47:54","slug":"sporthund-bijtmouw-balance-round","status":"publish","type":"product","link":"https:\/\/dogpride.nl\/de\/sporthund-bijtmouw-balance-round\/","title":{"rendered":"SPORTHUND Bei\u00dfh\u00fclse Balance Round"},"content":{"rendered":"<h4>SPORTHUND Bei\u00dfh\u00fclse Balance Round<\/h4>\n<p>Der Junghundearm SPORTHUND Bei\u00dfh\u00fclse Balance Round basiert auf unserem Bestseller Junghundearm Balance Long. Beim \u201eRound\u201c ist der Keil etwas voller und runder, was sich viele Hundesportler vom Mondioring w\u00fcnschen.<\/p>\n<p><a href=\"https:\/\/dogpride.nl\/de\/\"><img loading=\"lazy\" decoding=\"async\" class=\"alignnone\" title=\"SPORTHUND Bei\u00dfh\u00fclse Balance Round\" src=\"https:\/\/dogpride.nl\/wp-content\/uploads\/junghundarm-balance-round.jpg\" alt=\"SPORTHUND bijtmouw Balance Round\" width=\"200\" height=\"200\" \/><\/a><\/p>\n<p>Dieser Junghundearm ist eine Kombination aus Bei\u00dfkissen und Junghundearm. Dadurch haben Sie den Blick auf einen kompletten Arm, die weiche, elastische Bei\u00dffl\u00e4che, 2 Stege zur Verhinderung des Greifverhaltens und einen Mittelsteg zur Verbesserung des Ausdrehens \u201ebeim langen Flug\u201c.<br \/>\nInsbesondere junge Hunde k\u00f6nnen ihren Arm problemlos mit einem Mittelbiss tragen, ohne dar\u00fcber zu stolpern. Es verhindert auch ein Kippen des Kopfes, wodurch sich der Griff immer lockert.<\/p>\n<p><a href=\"https:\/\/www.licg.nl\/honden\/\" target=\"_blank\" rel=\"noopener\"><img loading=\"lazy\" decoding=\"async\" class=\"alignnone\" src=\"https:\/\/dogpride.nl\/wp-content\/uploads\/junghundarm-balance-round.jpg\" alt=\"\" width=\"200\" height=\"200\" \/><\/a><\/p>\n<p>Hinweis: Farben k\u00f6nnen variieren. Technische \u00c4nderungen vorbehalten.<\/p>\n<p><img loading=\"lazy\" decoding=\"async\" class=\"alignnone size-full wp-image-71248\" src=\"https:\/\/www.dogpride.nl\/wp-content\/uploads\/Logo-Sporthund-2.jpg\" alt=\"\" width=\"300\" height=\"88\" srcset=\"https:\/\/dogpride.nl\/wp-content\/uploads\/Logo-Sporthund-2.jpg 300w, https:\/\/dogpride.nl\/wp-content\/uploads\/Logo-Sporthund-2-250x73.jpg 250w, https:\/\/dogpride.nl\/wp-content\/uploads\/Logo-Sporthund-2-200x59.jpg 200w\" sizes=\"auto, (max-width: 300px) 100vw, 300px\" \/><\/p>","protected":false},"excerpt":{"rendered":"<p>SPORTHUND Bei\u00dfh\u00fclse Balance Round. Der Junghundearm Balance Round basiert auf unserem Bestseller Junghundearm Balance Long.<\/p>","protected":false},"featured_media":62229,"template":"","meta":[],"product_brand":[],"product_cat":[10273],"product_tag":[26011,6237,7304,4779],"class_list":{"0":"post-6370","1":"product","2":"type-product","3":"status-publish","4":"has-post-thumbnail","6":"product_cat-sporthund-bijtmouwen","7":"product_tag-balance","8":"product_tag-bijtmouw","9":"product_tag-round","10":"product_tag-sporthund","12":"first","13":"onbackorder","14":"taxable","15":"shipping-taxable","16":"purchasable","17":"product-type-simple"},"mb":[],"mfb_rest_fields":["title"],"_links":{"self":[{"href":"https:\/\/dogpride.nl\/de\/wp-json\/wp\/v2\/product\/6370","targetHints":{"allow":["GET"]}}],"collection":[{"href":"https:\/\/dogpride.nl\/de\/wp-json\/wp\/v2\/product"}],"about":[{"href":"https:\/\/dogpride.nl\/de\/wp-json\/wp\/v2\/types\/product"}],"wp:featuredmedia":[{"embeddable":true,"href":"https:\/\/dogpride.nl\/de\/wp-json\/wp\/v2\/media\/62229"}],"wp:attachment":[{"href":"https:\/\/dogpride.nl\/de\/wp-json\/wp\/v2\/media?parent=6370"}],"wp:term":[{"taxonomy":"product_brand","embeddable":true,"href":"https:\/\/dogpride.nl\/de\/wp-json\/wp\/v2\/product_brand?post=6370"},{"taxonomy":"product_cat","embeddable":true,"href":"https:\/\/dogpride.nl\/de\/wp-json\/wp\/v2\/product_cat?post=6370"},{"taxonomy":"product_tag","embeddable":true,"href":"https:\/\/dogpride.nl\/de\/wp-json\/wp\/v2\/product_tag?post=6370"}],"curies":[{"name":"wp","href":"https:\/\/api.w.org\/{rel}","templated":true}]}}