{"id":6112,"date":"2020-10-07T12:26:15","date_gmt":"2020-10-07T10:26:15","guid":{"rendered":"https:\/\/dogpride1.wpengine.com\/?post_type=product&#038;p=6112"},"modified":"2025-11-06T14:22:55","modified_gmt":"2025-11-06T13:22:55","slug":"pinewood-wilda-dames-parka","status":"publish","type":"product","link":"https:\/\/dogpride.nl\/de\/pinewood-wilda-dames-parka\/","title":{"rendered":"Pinewood Wilda Damenparka"},"content":{"rendered":"<h4>Pinewood Wilda Damenparka<\/h4>\n<p>Pinewood Wilda Damenparka<\/p>\n<p>De Pinewood Wilda Dames Parka is voor zowel alledaags gebruik als voor hondensport gerelateerde activiteiten. Deze parka is gemaakt van een duurzame stof dat bestand is tegen wind en regen.<br \/>\nGeschikt voor diegene die een actief leven leidt, met of zonder hond(en).<\/p>\n<p>De parka heeft aan de voorzijde 2 grote zakken, met ritssluiting en elastische D-ring, uitneembaar zakje voor hondenbeloningen. Voorzien van hoge napoleon steekzakken.<br \/>\nDe binnenzakken zijn eenvoudig toegankelijk. Een binnenzak met rubberen opening voor hondenpoepzakjes. een ruime achterzak om al uw accessoires in op te bergen.<\/p>\n<p><strong>Eigenschaften:<\/strong><\/p>\n<ul>\n<li>Wind- und wasserdicht<\/li>\n<li>Verklebte N\u00e4hte<\/li>\n<li>Zwei-Wege-Rei\u00dfverschluss, mit Magnetverschluss auf der Vorderseite<\/li>\n<li>Abnehmbare Kapuze<\/li>\n<li>Reflektierende Elemente<\/li>\n<li>Feminine Passform<\/li>\n<li>L\u00e4ngeres Modell<\/li>\n<li>Verstellbare Kapuze<\/li>\n<li>In der Taille und unten mit Riemen verstellbar<\/li>\n<li>An den B\u00fcndchen mit Klettverschluss verstellbar<\/li>\n<li>Umweltfreundliche Behandlung: Bionic Finish\u00ae Eco Organic Fluorcarbon (PFC)-freie Impr\u00e4gnierung \u2013 f\u00fcr zus\u00e4tzliche wasser- und schmutzabweisende Eigenschaften.<\/li>\n<\/ul>\n<h3><span style=\"font-size: 10pt;\"><strong>Material<\/strong><\/span><\/h3>\n<p>Material: 100% Polyamid.<br \/>\nFutter: 100% Polyester.<br \/>\nFutter 2: 100% Polyamid.<br \/>\nGewicht: 920 Gramm (Gr\u00f6\u00dfe XS)<\/p>\n<p><strong>Erh\u00e4ltlich in den Farben:<\/strong> MOSSGREEN, EARTH PLUM, BLACK, PLUM, URBAN GREY<\/p>\n<h3><span style=\"font-size: 10pt;\"><strong>Waschanleitung<\/strong><\/span><\/h3>\n<ul>\n<li>Bei maximal 30 Grad oder per Handw\u00e4sche waschen<\/li>\n<li>NICHT zentrifugieren<\/li>\n<li>Mit einem milden Reinigungsmittel f\u00fcr wasserdichte Jacken waschen (z. B. dem mitgelieferten Hochleistungswaschmittel von Grangers).<\/li>\n<li>An der Luft trocknen, nicht im W\u00e4schetrockner trocknen<\/li>\n<li>Nicht bleichen, b\u00fcgeln oder chemisch reinigen<\/li>\n<\/ul>\n<p><span style=\"font-size: 10pt;\"><strong>Technische Eigenschaften<\/strong><\/span><\/p>\n<p>Wassers\u00e4ule: &gt;12.000 mm<strong><br \/>\n<\/strong>Atmungsaktiv: 14.000 g\/m<sup>2<\/sup>\/24h<\/p>\n<h4 id=\"article-symbols\">Gr\u00f6\u00dfentabelle:<\/h4>\n<div><\/div>\n<div><img loading=\"lazy\" decoding=\"async\" class=\"alignnone wp-image-69339 size-large\" src=\"https:\/\/www.dogpride.nl\/wp-content\/uploads\/size-guide-spring-summer-2019-en-1-659x1024.png\" alt=\"\" width=\"659\" height=\"1024\" srcset=\"https:\/\/dogpride.nl\/wp-content\/uploads\/size-guide-spring-summer-2019-en-1-659x1024.png 659w, https:\/\/dogpride.nl\/wp-content\/uploads\/size-guide-spring-summer-2019-en-1-250x389.png 250w, https:\/\/dogpride.nl\/wp-content\/uploads\/size-guide-spring-summer-2019-en-1-400x622.png 400w, https:\/\/dogpride.nl\/wp-content\/uploads\/size-guide-spring-summer-2019-en-1-193x300.png 193w, https:\/\/dogpride.nl\/wp-content\/uploads\/size-guide-spring-summer-2019-en-1-768x1194.png 768w, https:\/\/dogpride.nl\/wp-content\/uploads\/size-guide-spring-summer-2019-en-1-988x1536.png 988w, https:\/\/dogpride.nl\/wp-content\/uploads\/size-guide-spring-summer-2019-en-1-1317x2048.png 1317w, https:\/\/dogpride.nl\/wp-content\/uploads\/size-guide-spring-summer-2019-en-1-200x311.png 200w, https:\/\/dogpride.nl\/wp-content\/uploads\/size-guide-spring-summer-2019-en-1-600x933.png 600w, https:\/\/dogpride.nl\/wp-content\/uploads\/size-guide-spring-summer-2019-en-1-800x1244.png 800w, https:\/\/dogpride.nl\/wp-content\/uploads\/size-guide-spring-summer-2019-en-1-1200x1866.png 1200w, https:\/\/dogpride.nl\/wp-content\/uploads\/size-guide-spring-summer-2019-en-1.png 1559w\" sizes=\"auto, (max-width: 659px) 100vw, 659px\" \/><\/div>\n<div><a href=\"https:\/\/dogpride.nl\/de\/pinewood-wilda-dames-parka\/\"><img loading=\"lazy\" decoding=\"async\" class=\"alignnone\" title=\"Pinewood Wilda Damenparka\" src=\"https:\/\/dogpride.nl\/wp-content\/uploads\/3181-581-01_Pinewood-Womens-Parka-Wilda_Plum.webp\" alt=\"Pinewood Wilda Dames Parka\" width=\"144\" height=\"144\" \/><\/a><\/div>\n<div><a href=\"https:\/\/pinewood.eu\/en-eu\" target=\"_blank\" rel=\"noopener\"><img loading=\"lazy\" decoding=\"async\" class=\"alignnone wp-image-139633 size-full\" src=\"https:\/\/dogpride.nl\/wp-content\/uploads\/Pinewood-1.jpg\" alt=\"Logo Pinewood\" width=\"191\" height=\"50\" srcset=\"https:\/\/dogpride.nl\/wp-content\/uploads\/Pinewood-1.jpg 191w, https:\/\/dogpride.nl\/wp-content\/uploads\/Pinewood-1-18x5.jpg 18w\" sizes=\"auto, (max-width: 191px) 100vw, 191px\" \/><\/a><\/div>\n<div><span style=\"color: #ffffff;\"><a style=\"color: #ffffff;\" href=\"https:\/\/devrolijkekwispel.nl\/\" target=\"_blank\" rel=\"noopener\">Dogpride NL sponsert Kelly Albers<\/a><\/span><\/div>","protected":false},"excerpt":{"rendered":"<p>Der Wilda Damenparka ist sowohl f\u00fcr den t\u00e4glichen Gebrauch als auch f\u00fcr Aktivit\u00e4ten im Zusammenhang mit dem Hundesport geeignet. Dieser Parka besteht aus einem strapazierf\u00e4higen Stoff, der Wind und Regen standh\u00e4lt. Geeignet f\u00fcr alle, die ein aktives Leben f\u00fchren, mit oder ohne Hund(e).<\/p>","protected":false},"featured_media":101030,"template":"","meta":[],"product_brand":[],"product_cat":[3854],"product_tag":[4768,4749,3168,5013],"class_list":{"0":"post-6112","1":"product","2":"type-product","3":"status-publish","4":"has-post-thumbnail","6":"product_cat-pinewood-jassen","7":"product_tag-dames","8":"product_tag-parka","9":"product_tag-pinewood","10":"product_tag-wilda","12":"first","13":"instock","14":"taxable","15":"shipping-taxable","16":"purchasable","17":"product-type-variable"},"mb":[],"mfb_rest_fields":["title"],"_links":{"self":[{"href":"https:\/\/dogpride.nl\/de\/wp-json\/wp\/v2\/product\/6112","targetHints":{"allow":["GET"]}}],"collection":[{"href":"https:\/\/dogpride.nl\/de\/wp-json\/wp\/v2\/product"}],"about":[{"href":"https:\/\/dogpride.nl\/de\/wp-json\/wp\/v2\/types\/product"}],"wp:featuredmedia":[{"embeddable":true,"href":"https:\/\/dogpride.nl\/de\/wp-json\/wp\/v2\/media\/101030"}],"wp:attachment":[{"href":"https:\/\/dogpride.nl\/de\/wp-json\/wp\/v2\/media?parent=6112"}],"wp:term":[{"taxonomy":"product_brand","embeddable":true,"href":"https:\/\/dogpride.nl\/de\/wp-json\/wp\/v2\/product_brand?post=6112"},{"taxonomy":"product_cat","embeddable":true,"href":"https:\/\/dogpride.nl\/de\/wp-json\/wp\/v2\/product_cat?post=6112"},{"taxonomy":"product_tag","embeddable":true,"href":"https:\/\/dogpride.nl\/de\/wp-json\/wp\/v2\/product_tag?post=6112"}],"curies":[{"name":"wp","href":"https:\/\/api.w.org\/{rel}","templated":true}]}}