{"id":5646,"date":"2020-07-02T10:33:17","date_gmt":"2020-07-02T08:33:17","guid":{"rendered":"https:\/\/dogpride1.wpengine.com\/?post_type=product&#038;p=5646"},"modified":"2025-11-27T13:26:42","modified_gmt":"2025-11-27T12:26:42","slug":"mooria-lijn-abstract-red","status":"publish","type":"product","link":"https:\/\/dogpride.nl\/de\/mooria-lijn-abstract-red\/","title":{"rendered":"MOORIA Linie Abstrakt Rot"},"content":{"rendered":"<h4>MOORIA Linie Abstrakt Rot<\/h4>\n<p>MOORIA Linie Abstrakt Rot. Die MOORIA-Linien bestehen aus funktionellen wasserdichten Stoffen. Die Basis besteht aus schwerem Nylongewebe, das mit bedrucktem oder einfarbigem Softshell-Gewebe \u00fcberzogen ist.<br \/>\nUnsere Halsb\u00e4nder und Leinen haben die gleiche Funktionalit\u00e4t und Widerstandsf\u00e4higkeit wie beliebte Nylonprodukte; Dar\u00fcber hinaus bieten wir ein attraktives Erscheinungsbild durch eine gro\u00dfe Auswahl an Mustern, Drucken und Farben.<\/p>\n<p><a href=\"https:\/\/dogpride.nl\/de\/lijnen-en-tuigjes-voor-honden\/mooria-hondenlijnen\/\"><img loading=\"lazy\" decoding=\"async\" class=\"alignnone\" title=\"MOORIA Linie Abstrakt Rot\" src=\"https:\/\/dogpride.nl\/wp-content\/uploads\/leash-abstract-red.jpg\" alt=\"MOORIA Lijn Abstract Red\" width=\"303\" height=\"202\" \/><\/a><\/p>\n<p>Sie k\u00f6nnen zwischen zwei Arten von Linien w\u00e4hlen: Einzel- und Doppellinien.<br \/>\nEinige Leinen sind 1,3 Meter lang und mit einem Karabiner ausgestattet. Dies sind typische Leinen, die zum Gassigehen mit einem Hund gedacht sind.<br \/>\nDoppelleinen sind 2,6 Meter lang und verf\u00fcgen \u00fcber zwei Karabinerhaken, die zum Gassigehen mit zwei Hunden oder zur individuellen Anpassung der Leinengr\u00f6\u00dfe \u2013 135, 185 und 205 cm \u2013 geeignet sind.<\/p>\n<p><a href=\"https:\/\/dogpride.nl\/de\/lijnen-en-tuigjes-voor-honden\/mooria-hondenlijnen\/\"><img loading=\"lazy\" decoding=\"async\" class=\"alignnone\" title=\"MOORIA Linie Abstrakt Rot\" src=\"https:\/\/dogpride.nl\/wp-content\/uploads\/leash-abstract-red.jpg\" alt=\"MOORIA Lijn Abstract Red\" width=\"303\" height=\"202\" \/><\/a><\/p>\n<p>Breiten:<\/p>\n<p>S&gt;1,6 cm<br \/>\nM &gt; 2cm<br \/>\nL &gt; 2,5 cm<\/p>\n<p>Bijpassende halsband:<\/p>\n<p><a href=\"https:\/\/dogpride.nl\/de\/mooria-original-halsband-abstract-red\/\">https:\/\/dogpride.nl\/mooria-original-halsband-abstract-red\/<\/a><\/p>\n<p><a href=\"https:\/\/www.mooria.eu\/\" target=\"_blank\" rel=\"noopener\"><img loading=\"lazy\" decoding=\"async\" class=\"alignnone wp-image-118346 size-full\" src=\"https:\/\/dogpride.nl\/wp-content\/uploads\/Logo-MOORIA-2.png\" sizes=\"auto, (max-width: 233px) 100vw, 233px\" srcset=\"https:\/\/dogpride.nl\/wp-content\/uploads\/Logo-MOORIA-2.png 233w, https:\/\/dogpride.nl\/wp-content\/uploads\/Logo-MOORIA-2-18x4.png 18w\" alt=\"Logo Mooria\" width=\"233\" height=\"53\" \/><\/a><\/p>","protected":false},"excerpt":{"rendered":"<p>Unsere Halsb\u00e4nder und Leinen haben die gleiche Funktionalit\u00e4t und Widerstandsf\u00e4higkeit wie beliebte Nylonprodukte; Dar\u00fcber hinaus bieten wir ein attraktives Erscheinungsbild durch eine gro\u00dfe Auswahl an Mustern, Drucken und Farben.<\/p>","protected":false},"featured_media":28681,"template":"","meta":[],"product_brand":[],"product_cat":[1911],"product_tag":[],"class_list":{"0":"post-5646","1":"product","2":"type-product","3":"status-publish","4":"has-post-thumbnail","6":"product_cat-mooria-hondenlijnen","7":"product_shipping_class-vast-tarief-eu-overig","9":"first","10":"instock","11":"taxable","12":"shipping-taxable","13":"purchasable","14":"product-type-variable"},"mb":[],"mfb_rest_fields":["title"],"_links":{"self":[{"href":"https:\/\/dogpride.nl\/de\/wp-json\/wp\/v2\/product\/5646","targetHints":{"allow":["GET"]}}],"collection":[{"href":"https:\/\/dogpride.nl\/de\/wp-json\/wp\/v2\/product"}],"about":[{"href":"https:\/\/dogpride.nl\/de\/wp-json\/wp\/v2\/types\/product"}],"wp:featuredmedia":[{"embeddable":true,"href":"https:\/\/dogpride.nl\/de\/wp-json\/wp\/v2\/media\/28681"}],"wp:attachment":[{"href":"https:\/\/dogpride.nl\/de\/wp-json\/wp\/v2\/media?parent=5646"}],"wp:term":[{"taxonomy":"product_brand","embeddable":true,"href":"https:\/\/dogpride.nl\/de\/wp-json\/wp\/v2\/product_brand?post=5646"},{"taxonomy":"product_cat","embeddable":true,"href":"https:\/\/dogpride.nl\/de\/wp-json\/wp\/v2\/product_cat?post=5646"},{"taxonomy":"product_tag","embeddable":true,"href":"https:\/\/dogpride.nl\/de\/wp-json\/wp\/v2\/product_tag?post=5646"}],"curies":[{"name":"wp","href":"https:\/\/api.w.org\/{rel}","templated":true}]}}