{"id":5596,"date":"2020-07-01T12:18:13","date_gmt":"2020-07-01T10:18:13","guid":{"rendered":"https:\/\/dogpride1.wpengine.com\/?post_type=product&#038;p=5596"},"modified":"2026-03-13T10:55:43","modified_gmt":"2026-03-13T09:55:43","slug":"mooria-original-halsband-sheep-dream","status":"publish","type":"product","link":"https:\/\/dogpride.nl\/de\/mooria-original-halsband-sheep-dream\/","title":{"rendered":"MOORIA Original Halsband Sheep-Dream"},"content":{"rendered":"<h4>MOORIA Original Halsband Sheep-Dream<\/h4>\n<p>MOORIA Original Halsband Sheep-Dream. De MOORIA halsbanden en lijnen zijn gemaakt van functionele waterdichte stoffen. De basis is gemaakt van zwaar nylonweefsel dat bedekt is met bedrukte of monochrome softshell-stof.<br \/>\nUnsere Halsb\u00e4nder und Leinen haben die gleiche Funktionalit\u00e4t und Widerstandsf\u00e4higkeit wie beliebte Nylonprodukte; Dar\u00fcber hinaus bieten wir ein attraktives Erscheinungsbild durch eine gro\u00dfe Auswahl an Mustern, Drucken und Farben.<br \/>\nDie hervorragende Textilbasis ist nicht der einzige Vorteil unserer Produkte. Auch die gesamte weitere Hardware wie Schnallen, Ringe und Karabiner sind hochwertig und hochwertig verarbeitet.<br \/>\nWir verwenden ausschlie\u00dflich Hardware von sorgf\u00e4ltig ausgew\u00e4hlten Herstellern in Europa und den USA. Durch den Fokus auf hohe Qualit\u00e4t und Funktionalit\u00e4t k\u00f6nnen wir diese einzigartig attraktiven und stilvollen Produkte anbieten.<\/p>\n<p>* An dem kleinen Ring kann eine Medaille etc. befestigt werden.<\/p>\n<p>* Erh\u00e4ltlich mit Kunststoff- oder Aluminiumverschluss.<\/p>\n<p>* <a href=\"https:\/\/dogpride.nl\/de\/mooria-lijn-sheep-dream-green\/\">Passende Linien verf\u00fcgbar<\/a><\/p>\n<p><strong>Ma\u00dfe:<\/strong><\/p>\n<p><img loading=\"lazy\" decoding=\"async\" class=\"alignnone size-full wp-image-81263\" src=\"https:\/\/www.dogpride.nl\/wp-content\/uploads\/mAATTABEL-mOORIA-HALSBANDEN-1.jpg\" alt=\"Mooria Maatbabel\" width=\"853\" height=\"501\" srcset=\"https:\/\/dogpride.nl\/wp-content\/uploads\/mAATTABEL-mOORIA-HALSBANDEN-1.jpg 853w, https:\/\/dogpride.nl\/wp-content\/uploads\/mAATTABEL-mOORIA-HALSBANDEN-1-250x147.jpg 250w, https:\/\/dogpride.nl\/wp-content\/uploads\/mAATTABEL-mOORIA-HALSBANDEN-1-400x235.jpg 400w, https:\/\/dogpride.nl\/wp-content\/uploads\/mAATTABEL-mOORIA-HALSBANDEN-1-300x176.jpg 300w, https:\/\/dogpride.nl\/wp-content\/uploads\/mAATTABEL-mOORIA-HALSBANDEN-1-768x451.jpg 768w, https:\/\/dogpride.nl\/wp-content\/uploads\/mAATTABEL-mOORIA-HALSBANDEN-1-200x117.jpg 200w, https:\/\/dogpride.nl\/wp-content\/uploads\/mAATTABEL-mOORIA-HALSBANDEN-1-600x352.jpg 600w, https:\/\/dogpride.nl\/wp-content\/uploads\/mAATTABEL-mOORIA-HALSBANDEN-1-800x470.jpg 800w\" sizes=\"auto, (max-width: 853px) 100vw, 853px\" \/><\/p>\n<p><a href=\"https:\/\/www.mooria.eu\/\" target=\"_blank\" rel=\"noopener\"><img loading=\"lazy\" decoding=\"async\" class=\"alignnone wp-image-118346 size-full\" src=\"https:\/\/dogpride.nl\/wp-content\/uploads\/Logo-MOORIA-2.png\" sizes=\"auto, (max-width: 233px) 100vw, 233px\" srcset=\"https:\/\/dogpride.nl\/wp-content\/uploads\/Logo-MOORIA-2.png 233w, https:\/\/dogpride.nl\/wp-content\/uploads\/Logo-MOORIA-2-18x4.png 18w\" alt=\"Logo Mooria\" width=\"233\" height=\"53\" \/><\/a><\/p>\n<p><img loading=\"lazy\" decoding=\"async\" class=\"alignnone\" title=\"MOORIA Original Halsband Sheep-Dream\" src=\"https:\/\/dogpride.nl\/wp-content\/uploads\/collar-sheep-dream-green-4-150x150.jpg\" alt=\"MOORIA Original Halsband Sheep-Dream\" width=\"150\" height=\"150\" \/><\/p>","protected":false},"excerpt":{"rendered":"<p>Unsere Halsb\u00e4nder und Leinen haben die gleiche Funktionalit\u00e4t und Widerstandsf\u00e4higkeit wie beliebte Nylonprodukte; Dar\u00fcber hinaus bieten wir ein attraktives Erscheinungsbild durch eine gro\u00dfe Auswahl an Mustern, Drucken und Farben.<\/p>","protected":false},"featured_media":28479,"template":"","meta":[],"product_brand":[],"product_cat":[696],"product_tag":[],"class_list":{"0":"post-5596","1":"product","2":"type-product","3":"status-publish","4":"has-post-thumbnail","6":"product_cat-mooria-hondenhalsbanden","7":"product_shipping_class-vast-tarief-eu-overig","9":"first","10":"instock","11":"taxable","12":"shipping-taxable","13":"purchasable","14":"product-type-variable"},"exclude_global_add_ons":false,"addons":[{"name":"Halsomtrek","type":"custom_text","position":0,"required":true,"title_format":"label","default":"","description_enable":false,"description":"","placeholder_enable":false,"placeholder":"","display":"select","restrictions_type":"any_text","adjust_price":false,"price":"","price_type":"flat_fee","restrictions":false,"min":"0","max":"0","options":[],"id":1777902362},{"name":"Typ Verschluss","type":"multiple_choice","position":1,"required":false,"title_format":"label","default":"","description_enable":false,"description":"","placeholder_enable":false,"placeholder":"","display":"select","restrictions_type":"any_text","adjust_price":false,"price":"","price_type":"flat_fee","restrictions":false,"min":"0","max":"0","options":[{"label":"Kunststof Sluiting (Standaard)","price":"","price_type":"quantity_based","image":0,"visibility":true},{"label":"Metalen Sluiting","price":"7.00","price_type":"quantity_based","image":0,"visibility":true},{"label":"Riemsluiting","price":"","price_type":"flat_fee","image":0,"visibility":true},{"label":"Sliphalsband zonder sluiting","price":"","price_type":"quantity_based","image":0,"visibility":true}],"id":1777902363},{"name":"Namensschild","type":"multiple_choice","position":2,"required":false,"title_format":"label","default":"","description_enable":false,"description":"","placeholder_enable":false,"placeholder":"","display":"select","restrictions_type":"any_text","adjust_price":false,"price":"","price_type":"flat_fee","restrictions":false,"min":"0","max":"0","options":[{"label":"Met Naamtag","price":"8.00","price_type":"quantity_based","image":0,"visibility":true}],"id":1777902364},{"name":"Name auf Namensschild","type":"custom_text","position":3,"required":false,"title_format":"label","default":"","description_enable":false,"description":"","placeholder_enable":false,"placeholder":"","display":"select","restrictions_type":"any_text","adjust_price":false,"price":"","price_type":"flat_fee","restrictions":false,"min":"0","max":"0","options":[],"id":1777902365},{"name":"Telefonnummer auf Namensschild","type":"custom_text","position":4,"required":false,"title_format":"label","default":"","description_enable":false,"description":"","placeholder_enable":false,"placeholder":"","display":"select","restrictions_type":"any_text","adjust_price":false,"price":"","price_type":"flat_fee","restrictions":false,"min":"0","max":"0","options":[],"id":1777902366},{"name":"Dekorative Schleife","type":"multiple_choice","position":5,"required":false,"title_format":"label","default":"","description_enable":false,"description":"","placeholder_enable":false,"placeholder":"","display":"select","restrictions_type":"any_text","adjust_price":false,"price":"","price_type":"flat_fee","restrictions":false,"min":"0","max":"0","options":[{"label":"Met decoratieve strik","price":"7.00","price_type":"quantity_based","image":0,"visibility":true}],"id":1777902367},{"name":"Naam Tag?","type":"multiple_choice","position":0,"required":true,"title_format":"label","default":"","description_enable":false,"description":"","placeholder_enable":false,"placeholder":"","display":"select","restrictions_type":"any_text","adjust_price":false,"price":"","price_type":"flat_fee","restrictions":false,"min":"0","max":"0","options":[{"label":"Nee","price":"","price_type":"quantity_based","image":0,"visibility":true},{"label":"Ja","price":"8.00","price_type":"quantity_based","image":0,"visibility":true}],"id":1773389909},{"name":"Naam Tag tekst","type":"custom_text","position":1,"required":false,"title_format":"label","default":"","description_enable":true,"description":"Voer de naam van je hond in","placeholder_enable":false,"placeholder":"","display":"select","restrictions_type":"any_text","adjust_price":false,"price":"6.00","price_type":"flat_fee","restrictions":false,"min":"0","max":"0","options":[],"id":1773389910},{"name":"Telefoonnummer optioneel onder naam","type":"custom_text","position":2,"required":false,"title_format":"label","default":"","description_enable":true,"description":"Voer je telefoonnummer in","placeholder_enable":false,"placeholder":"","display":"select","restrictions_type":"only_numbers","adjust_price":false,"price":"","price_type":"flat_fee","restrictions":false,"min":"0","max":"0","options":[],"id":1773389911}],"mb":[],"mfb_rest_fields":["title","exclude_global_add_ons","addons"],"_links":{"self":[{"href":"https:\/\/dogpride.nl\/de\/wp-json\/wp\/v2\/product\/5596","targetHints":{"allow":["GET"]}}],"collection":[{"href":"https:\/\/dogpride.nl\/de\/wp-json\/wp\/v2\/product"}],"about":[{"href":"https:\/\/dogpride.nl\/de\/wp-json\/wp\/v2\/types\/product"}],"wp:featuredmedia":[{"embeddable":true,"href":"https:\/\/dogpride.nl\/de\/wp-json\/wp\/v2\/media\/28479"}],"wp:attachment":[{"href":"https:\/\/dogpride.nl\/de\/wp-json\/wp\/v2\/media?parent=5596"}],"wp:term":[{"taxonomy":"product_brand","embeddable":true,"href":"https:\/\/dogpride.nl\/de\/wp-json\/wp\/v2\/product_brand?post=5596"},{"taxonomy":"product_cat","embeddable":true,"href":"https:\/\/dogpride.nl\/de\/wp-json\/wp\/v2\/product_cat?post=5596"},{"taxonomy":"product_tag","embeddable":true,"href":"https:\/\/dogpride.nl\/de\/wp-json\/wp\/v2\/product_tag?post=5596"}],"curies":[{"name":"wp","href":"https:\/\/api.w.org\/{rel}","templated":true}]}}