{"id":5427,"date":"2020-06-15T14:45:35","date_gmt":"2020-06-15T12:45:35","guid":{"rendered":"https:\/\/dogpride1.wpengine.com\/?post_type=product&#038;p=5427"},"modified":"2025-11-16T09:44:59","modified_gmt":"2025-11-16T08:44:59","slug":"dogs4me-dogsport-vest-kabala","status":"publish","type":"product","link":"https:\/\/dogpride.nl\/de\/dogs4me-dogsport-vest-kabala\/","title":{"rendered":"DOGS4ME Hundesportweste Kabala"},"content":{"rendered":"<h4>DOGS4ME Hundesportweste Kabala<\/h4>\n<p>DOGS4ME Hundesportweste Kabala. Oberteil 100% Polyamid \u2013 atmungsaktiver als klassische Westen mit Gummibeschichtung.<br \/>\nMit Kapuze.<br \/>\nDer Cardigan l\u00e4sst sich perfekt das ganze Jahr \u00fcber tragen.<br \/>\nMarkenrei\u00dfverschluss YKK<br \/>\nFutter 100% PES<br \/>\nGer\u00e4umige Taschen hinten und Ring vorne zum Befestigen des G\u00fcrtels<br \/>\n2 Brusttaschen mit Rei\u00dfverschluss oben<\/p>\n<p>Erh\u00e4ltlich in den Farbkombinationen: Schwarz\/Blau\/Pink, Schwarz\/Grau\/Gr\u00fcn, Schwarz\/Braun\/Blau<\/p>\n<p>Unisex-Modell<\/p>\n<p><strong>Diese Weste verf\u00fcgt standardm\u00e4\u00dfig \u00fcber einen normalen Rei\u00dfverschluss. Die Lieferzeit f\u00fcr eine Strickjacke mit Zwei-Wege-Rei\u00dfverschluss betr\u00e4gt \u00b1 2-3 Wochen.<\/strong><\/p>\n<p><strong>Gr\u00f6\u00dfentabelle:<\/strong><\/p>\n<p><img loading=\"lazy\" decoding=\"async\" class=\"alignnone wp-image-70272 size-full\" src=\"https:\/\/www.dogpride.nl\/wp-content\/uploads\/Maattabel-Kabala.png\" alt=\"Maattabel\" width=\"591\" height=\"315\" srcset=\"https:\/\/dogpride.nl\/wp-content\/uploads\/Maattabel-Kabala.png 591w, https:\/\/dogpride.nl\/wp-content\/uploads\/Maattabel-Kabala-250x133.png 250w, https:\/\/dogpride.nl\/wp-content\/uploads\/Maattabel-Kabala-400x213.png 400w, https:\/\/dogpride.nl\/wp-content\/uploads\/Maattabel-Kabala-300x160.png 300w, https:\/\/dogpride.nl\/wp-content\/uploads\/Maattabel-Kabala-200x107.png 200w\" sizes=\"auto, (max-width: 591px) 100vw, 591px\" \/><\/p>\n<p><a href=\"https:\/\/dogpride.nl\/de\/kleding\/trainingsvesten\/dogs4me-trainingsvesten\/\"><img loading=\"lazy\" decoding=\"async\" class=\"alignnone\" title=\"DOGS4ME Hundesportweste Kabala \" src=\"https:\/\/dogpride.nl\/wp-content\/uploads\/dogsport-vest-kabala-1-4-150x150.jpg\" alt=\"DOGS4ME Dogsport Vest Kabala \" width=\"150\" height=\"150\" \/><\/a><\/p>\n<p><a href=\"https:\/\/d4m.eu\/en\/\" target=\"_blank\" rel=\"noopener\"><img loading=\"lazy\" decoding=\"async\" class=\"alignnone wp-image-142870 size-medium\" src=\"https:\/\/dogpride.nl\/wp-content\/uploads\/Logo-Dogs4me-2-300x188.jpg\" alt=\"Logo\" width=\"300\" height=\"188\" srcset=\"https:\/\/dogpride.nl\/wp-content\/uploads\/Logo-Dogs4me-2-300x188.jpg 300w, https:\/\/dogpride.nl\/wp-content\/uploads\/Logo-Dogs4me-2-1024x640.jpg 1024w, https:\/\/dogpride.nl\/wp-content\/uploads\/Logo-Dogs4me-2-768x480.jpg 768w, https:\/\/dogpride.nl\/wp-content\/uploads\/Logo-Dogs4me-2-1536x960.jpg 1536w, https:\/\/dogpride.nl\/wp-content\/uploads\/Logo-Dogs4me-2-18x12.jpg 18w, https:\/\/dogpride.nl\/wp-content\/uploads\/Logo-Dogs4me-2-250x156.jpg 250w, https:\/\/dogpride.nl\/wp-content\/uploads\/Logo-Dogs4me-2-400x250.jpg 400w, https:\/\/dogpride.nl\/wp-content\/uploads\/Logo-Dogs4me-2.jpg 1680w\" sizes=\"auto, (max-width: 300px) 100vw, 300px\" \/><\/a><\/p>","protected":false},"excerpt":{"rendered":"<p>Hundesportweste Kabala. Oberteil 100% Polyamid \u2013 atmungsaktiver als klassische Westen mit Gummibeschichtung. Mit Kapuze. Der Cardigan l\u00e4sst sich perfekt das ganze Jahr \u00fcber tragen.<\/p>","protected":false},"featured_media":28071,"template":"","meta":[],"product_brand":[],"product_cat":[3872],"product_tag":[],"class_list":{"0":"post-5427","1":"product","2":"type-product","3":"status-publish","4":"has-post-thumbnail","6":"product_cat-dogs4me-trainingsvesten","8":"first","9":"instock","10":"taxable","11":"shipping-taxable","12":"purchasable","13":"product-type-variable"},"mb":[],"mfb_rest_fields":["title"],"_links":{"self":[{"href":"https:\/\/dogpride.nl\/de\/wp-json\/wp\/v2\/product\/5427","targetHints":{"allow":["GET"]}}],"collection":[{"href":"https:\/\/dogpride.nl\/de\/wp-json\/wp\/v2\/product"}],"about":[{"href":"https:\/\/dogpride.nl\/de\/wp-json\/wp\/v2\/types\/product"}],"wp:featuredmedia":[{"embeddable":true,"href":"https:\/\/dogpride.nl\/de\/wp-json\/wp\/v2\/media\/28071"}],"wp:attachment":[{"href":"https:\/\/dogpride.nl\/de\/wp-json\/wp\/v2\/media?parent=5427"}],"wp:term":[{"taxonomy":"product_brand","embeddable":true,"href":"https:\/\/dogpride.nl\/de\/wp-json\/wp\/v2\/product_brand?post=5427"},{"taxonomy":"product_cat","embeddable":true,"href":"https:\/\/dogpride.nl\/de\/wp-json\/wp\/v2\/product_cat?post=5427"},{"taxonomy":"product_tag","embeddable":true,"href":"https:\/\/dogpride.nl\/de\/wp-json\/wp\/v2\/product_tag?post=5427"}],"curies":[{"name":"wp","href":"https:\/\/api.w.org\/{rel}","templated":true}]}}