{"id":5195,"date":"2020-05-07T15:20:07","date_gmt":"2020-05-07T13:20:07","guid":{"rendered":"https:\/\/dogpride1.wpengine.com\/?post_type=product&#038;p=5195"},"modified":"2025-11-16T09:47:30","modified_gmt":"2025-11-16T08:47:30","slug":"dogs4me-dogsport-vest-look","status":"publish","type":"product","link":"https:\/\/dogpride.nl\/de\/dogs4me-dogsport-vest-look\/","title":{"rendered":"DOGS4ME Hundesportweste LOOK"},"content":{"rendered":"<h4>DOGS4ME Hundesportweste LOOK<\/h4>\n<p>DOGS4ME Hundesportweste LOOK. Erh\u00e4ltlich in 4 Farben.<\/p>\n<p>Schwarzgrau<br \/>\nSchwarz Blau<br \/>\nSchwarz\/Rosa<br \/>\nSchwarz Gr\u00fcn<\/p>\n<p>* Diese Weste ist besonders f\u00fcr den Hundesport geeignet<br \/>\n* Leichterer Cardigan ohne Kapuze<br \/>\n* Obermaterial ist 100% Polyamid<br \/>\n* Teilweise wasserdicht<br \/>\n* Die Weste hat ein schwarzes Futter \u2013 100% PES<br \/>\n* YKK-Rei\u00dfverschluss<br \/>\n* 4 ger\u00e4umige Taschen + 1 gro\u00dfe auf der R\u00fcckseite<br \/>\n* Ring zum Halten des G\u00fcrtels<br \/>\n* Die Taille kann durch einen Tunnel mit Gummizug angepasst werden<br \/>\n* 1 Brusttasche mit Rei\u00dfverschluss verschlie\u00dfbar, ideal f\u00fcr Handy und Schl\u00fcssel<\/p>\n<p><strong>Diese Weste verf\u00fcgt standardm\u00e4\u00dfig \u00fcber einen normalen Rei\u00dfverschluss. Die Lieferzeit f\u00fcr eine Strickjacke mit Zwei-Wege-Rei\u00dfverschluss betr\u00e4gt \u00b1 2-3 Wochen.<\/strong><\/p>\n<p>GR\u00d6SSENTABELLE:<\/p>\n<p><img loading=\"lazy\" decoding=\"async\" class=\"alignnone wp-image-70282 size-full\" src=\"https:\/\/www.dogpride.nl\/wp-content\/uploads\/Maattabel-LOOK.png\" alt=\"Maattabel\" width=\"595\" height=\"331\" srcset=\"https:\/\/dogpride.nl\/wp-content\/uploads\/Maattabel-LOOK.png 595w, https:\/\/dogpride.nl\/wp-content\/uploads\/Maattabel-LOOK-250x139.png 250w, https:\/\/dogpride.nl\/wp-content\/uploads\/Maattabel-LOOK-400x223.png 400w, https:\/\/dogpride.nl\/wp-content\/uploads\/Maattabel-LOOK-300x167.png 300w, https:\/\/dogpride.nl\/wp-content\/uploads\/Maattabel-LOOK-200x111.png 200w\" sizes=\"auto, (max-width: 595px) 100vw, 595px\" \/><\/p>\n<p><a href=\"https:\/\/dogpride.nl\/de\/kleding\/trainingsvesten\/dogs4me-trainingsvesten\/\"><img loading=\"lazy\" decoding=\"async\" class=\"alignnone\" title=\"DOGS4ME Hundesportweste LOOK \" src=\"https:\/\/dogpride.nl\/wp-content\/uploads\/dogsport-vest-look-7-150x150.jpg\" alt=\"DOGS4ME Dogsport Vest LOOK \" width=\"150\" height=\"150\" \/><\/a><\/p>\n<p><a href=\"https:\/\/d4m.eu\/en\/\" target=\"_blank\" rel=\"noopener\"><img loading=\"lazy\" decoding=\"async\" class=\"alignnone wp-image-142870 size-medium\" src=\"https:\/\/dogpride.nl\/wp-content\/uploads\/Logo-Dogs4me-2-300x188.jpg\" alt=\"Logo\" width=\"300\" height=\"188\" srcset=\"https:\/\/dogpride.nl\/wp-content\/uploads\/Logo-Dogs4me-2-300x188.jpg 300w, https:\/\/dogpride.nl\/wp-content\/uploads\/Logo-Dogs4me-2-1024x640.jpg 1024w, https:\/\/dogpride.nl\/wp-content\/uploads\/Logo-Dogs4me-2-768x480.jpg 768w, https:\/\/dogpride.nl\/wp-content\/uploads\/Logo-Dogs4me-2-1536x960.jpg 1536w, https:\/\/dogpride.nl\/wp-content\/uploads\/Logo-Dogs4me-2-18x12.jpg 18w, https:\/\/dogpride.nl\/wp-content\/uploads\/Logo-Dogs4me-2-250x156.jpg 250w, https:\/\/dogpride.nl\/wp-content\/uploads\/Logo-Dogs4me-2-400x250.jpg 400w, https:\/\/dogpride.nl\/wp-content\/uploads\/Logo-Dogs4me-2.jpg 1680w\" sizes=\"auto, (max-width: 300px) 100vw, 300px\" \/><\/a><\/p>","protected":false},"excerpt":{"rendered":"<p>D4M Hundesportweste LOOK. Diese Weste ist besonders f\u00fcr den Hundesport geeignet. Leichterer Cardigan ohne Kapuze. Das Obermaterial besteht aus 100% Polyamid.<\/p>","protected":false},"featured_media":27607,"template":"","meta":[],"product_brand":[],"product_cat":[3872],"product_tag":[],"class_list":{"0":"post-5195","1":"product","2":"type-product","3":"status-publish","4":"has-post-thumbnail","6":"product_cat-dogs4me-trainingsvesten","8":"first","9":"instock","10":"taxable","11":"shipping-taxable","12":"purchasable","13":"product-type-variable"},"exclude_global_add_ons":false,"addons":[{"name":"Rei\u00dfverschlusstyp","type":"multiple_choice","position":0,"required":false,"title_format":"label","default":"","description_enable":false,"description":"","placeholder_enable":false,"placeholder":"","display":"select","restrictions_type":"any_text","adjust_price":false,"price":"","price_type":"flat_fee","restrictions":false,"min":"0","max":"0","options":[{"label":"Normale rits","price":"","price_type":"flat_fee","image":0,"visibility":true},{"label":"Two-way rits","price":"2.00","price_type":"flat_fee","image":0,"visibility":true}],"id":1763286450},{"name":"Naam Tag?","type":"multiple_choice","position":0,"required":true,"title_format":"label","default":"","description_enable":false,"description":"","placeholder_enable":false,"placeholder":"","display":"select","restrictions_type":"any_text","adjust_price":false,"price":"","price_type":"flat_fee","restrictions":false,"min":"0","max":"0","options":[{"label":"Nee","price":"","price_type":"quantity_based","image":0,"visibility":true},{"label":"Ja","price":"8.00","price_type":"quantity_based","image":0,"visibility":true}],"id":1773389909},{"name":"Naam Tag tekst","type":"custom_text","position":1,"required":false,"title_format":"label","default":"","description_enable":true,"description":"Voer de naam van je hond in","placeholder_enable":false,"placeholder":"","display":"select","restrictions_type":"any_text","adjust_price":false,"price":"6.00","price_type":"flat_fee","restrictions":false,"min":"0","max":"0","options":[],"id":1773389910},{"name":"Telefoonnummer optioneel onder naam","type":"custom_text","position":2,"required":false,"title_format":"label","default":"","description_enable":true,"description":"Voer je telefoonnummer in","placeholder_enable":false,"placeholder":"","display":"select","restrictions_type":"only_numbers","adjust_price":false,"price":"","price_type":"flat_fee","restrictions":false,"min":"0","max":"0","options":[],"id":1773389911}],"mb":[],"mfb_rest_fields":["title","exclude_global_add_ons","addons"],"_links":{"self":[{"href":"https:\/\/dogpride.nl\/de\/wp-json\/wp\/v2\/product\/5195","targetHints":{"allow":["GET"]}}],"collection":[{"href":"https:\/\/dogpride.nl\/de\/wp-json\/wp\/v2\/product"}],"about":[{"href":"https:\/\/dogpride.nl\/de\/wp-json\/wp\/v2\/types\/product"}],"wp:featuredmedia":[{"embeddable":true,"href":"https:\/\/dogpride.nl\/de\/wp-json\/wp\/v2\/media\/27607"}],"wp:attachment":[{"href":"https:\/\/dogpride.nl\/de\/wp-json\/wp\/v2\/media?parent=5195"}],"wp:term":[{"taxonomy":"product_brand","embeddable":true,"href":"https:\/\/dogpride.nl\/de\/wp-json\/wp\/v2\/product_brand?post=5195"},{"taxonomy":"product_cat","embeddable":true,"href":"https:\/\/dogpride.nl\/de\/wp-json\/wp\/v2\/product_cat?post=5195"},{"taxonomy":"product_tag","embeddable":true,"href":"https:\/\/dogpride.nl\/de\/wp-json\/wp\/v2\/product_tag?post=5195"}],"curies":[{"name":"wp","href":"https:\/\/api.w.org\/{rel}","templated":true}]}}