{"id":4722,"date":"2020-03-24T10:10:10","date_gmt":"2020-03-24T09:10:10","guid":{"rendered":"https:\/\/dogpride1.wpengine.com\/?post_type=product&#038;p=4722"},"modified":"2026-01-29T12:42:31","modified_gmt":"2026-01-29T11:42:31","slug":"kong-jumbler-ball-voor-dubbel-zoveel-plezier","status":"publish","type":"product","link":"https:\/\/dogpride.nl\/de\/kong-jumbler-ball-voor-dubbel-zoveel-plezier\/","title":{"rendered":"KONG Jumbler Ball"},"content":{"rendered":"<h4>KONG Jumbler Ball<\/h4>\n<p>KONG Jumbler Ball<\/p>\n<p><strong>KONG Jumbler Ball<\/strong><br \/>\nDer KONG Jumbler ist ein Zwei-in-Eins-Spielball f\u00fcr doppelten interaktiven Spa\u00df. Der Tennisball im Inneren und der auff\u00e4llige Quietscher sorgen f\u00fcr unwiderstehlichen Spa\u00df f\u00fcr Ihren Hund und dank der praktischen Griffe k\u00f6nnen Sie ihn leicht greifen und sch\u00fctteln. Der Jumbler h\u00e4lt intensivem Spielen stand und eignet sich daher ideal zum Apportieren.<\/p>\n<p>\u2022 H\u00fcpfender Ball und Quietscher im Inneren laden zum Spielen ein<br \/>\n\u2022 Ideal f\u00fcr interaktiven Spa\u00df<br \/>\n\u2022 Griffe zum einfachen Aufnehmen und Sch\u00fctteln<\/p>\n<p><strong>Format<\/strong><br \/>\nKONGTMB2E: Mittel\/Gro\u00df \u2013 \u00f8 13,97 cm<br \/>\nKONGTMB1E: Gro\u00df\/Extragro\u00df \u2013 \u00f8 17,78 cm<\/p>\n<p><a href=\"https:\/\/www.kongcompany.com\/\" target=\"_blank\" rel=\"noopener\"><img loading=\"lazy\" decoding=\"async\" class=\"alignnone wp-image-71733 size-full\" title=\"KONG Jumbler Ball\" src=\"https:\/\/dogpride.nl\/wp-content\/uploads\/kong_solid_logo_red-thumb-1.jpg\" alt=\"KONG Jumbler Ball\" width=\"150\" height=\"150\" srcset=\"https:\/\/dogpride.nl\/wp-content\/uploads\/kong_solid_logo_red-thumb-1.jpg 150w, https:\/\/dogpride.nl\/wp-content\/uploads\/kong_solid_logo_red-thumb-1-100x100.jpg 100w, https:\/\/dogpride.nl\/wp-content\/uploads\/kong_solid_logo_red-thumb-1-66x66.jpg 66w\" sizes=\"auto, (max-width: 150px) 100vw, 150px\" \/><\/a><\/p>\n<p><a href=\"https:\/\/dogpride.nl\/de\/speelgoed\/ballen-apporteren\/?product-page=3\"><img loading=\"lazy\" decoding=\"async\" class=\"alignnone\" title=\"KONG Jumbler Ball\" src=\"https:\/\/dogpride.nl\/wp-content\/uploads\/TMB2E-4-4-150x150.jpg\" alt=\"KONG Jumbler Ball\" width=\"150\" height=\"150\" \/><\/a><\/p>","protected":false},"excerpt":{"rendered":"<p>Der KONG Jumbler ist ein Zwei-in-Eins-Spielball f\u00fcr doppelten interaktiven Spa\u00df. Der Tennisball im Inneren und der auff\u00e4llige Quietscher sorgen f\u00fcr unwiderstehlichen Spa\u00df f\u00fcr Ihren Hund und dank der praktischen Griffe k\u00f6nnen Sie ihn leicht greifen und sch\u00fctteln.<\/p>","protected":false},"featured_media":26743,"template":"","meta":[],"product_brand":[],"product_cat":[22512],"product_tag":[],"class_list":{"0":"post-4722","1":"product","2":"type-product","3":"status-publish","4":"has-post-thumbnail","6":"product_cat-kong-speelgoed","8":"first","9":"instock","10":"taxable","11":"shipping-taxable","12":"purchasable","13":"product-type-variable"},"mb":[],"mfb_rest_fields":["title"],"_links":{"self":[{"href":"https:\/\/dogpride.nl\/de\/wp-json\/wp\/v2\/product\/4722","targetHints":{"allow":["GET"]}}],"collection":[{"href":"https:\/\/dogpride.nl\/de\/wp-json\/wp\/v2\/product"}],"about":[{"href":"https:\/\/dogpride.nl\/de\/wp-json\/wp\/v2\/types\/product"}],"wp:featuredmedia":[{"embeddable":true,"href":"https:\/\/dogpride.nl\/de\/wp-json\/wp\/v2\/media\/26743"}],"wp:attachment":[{"href":"https:\/\/dogpride.nl\/de\/wp-json\/wp\/v2\/media?parent=4722"}],"wp:term":[{"taxonomy":"product_brand","embeddable":true,"href":"https:\/\/dogpride.nl\/de\/wp-json\/wp\/v2\/product_brand?post=4722"},{"taxonomy":"product_cat","embeddable":true,"href":"https:\/\/dogpride.nl\/de\/wp-json\/wp\/v2\/product_cat?post=4722"},{"taxonomy":"product_tag","embeddable":true,"href":"https:\/\/dogpride.nl\/de\/wp-json\/wp\/v2\/product_tag?post=4722"}],"curies":[{"name":"wp","href":"https:\/\/api.w.org\/{rel}","templated":true}]}}