{"id":3686,"date":"2020-02-11T15:57:31","date_gmt":"2020-02-11T14:57:31","guid":{"rendered":"https:\/\/dogpride1.wpengine.com\/?post_type=product&#038;p=3686"},"modified":"2025-10-29T12:40:32","modified_gmt":"2025-10-29T11:40:32","slug":"pride-sterke-biothane-halsband-post","status":"publish","type":"product","link":"https:\/\/dogpride.nl\/de\/pride-sterke-biothane-halsband-post\/","title":{"rendered":"PRIDE Strong Biothane Halsband POST"},"content":{"rendered":"<h4>PRIDE Strong Biothane Halsband POST<\/h4>\n<p>PRIDE Strong Biothane Halsband POST<\/p>\n<p>Starkes Biothane-Halsband POST<br \/>\nDieses robuste, schwarze, wetterfeste Hundehalsband Biothane 100% besteht aus dem revolution\u00e4ren Biothane\u00ae. Biothane\u00ae-Material, das sich nicht dehnt, verrottet oder schimmelt.<br \/>\nSie m\u00fcssen das Halsband nicht trocknen. Bei Bedarf einfach abwischen.<br \/>\nDiese Halsb\u00e4nder sind sehr flexibel. Sie eignen sich perfekt f\u00fcr alle Bedingungen, insbesondere f\u00fcr Hunde, die viel Zeit im Wasser verbringen.<\/p>\n<p>Biothane\u00ae erfordert keine Behandlung und kann mit einem einfachen Wisch gereinigt werden.<\/p>\n<p>Material: Biothane\u00ae<br \/>\nModell: CL-055<br \/>\nFarbe schwarz<br \/>\nBreite: 32 mm<br \/>\nGr\u00f6\u00dfe: S 45 cm<br \/>\nM 50 cm<br \/>\nL 60 cm<br \/>\nXL 70 cm<\/p>\n<p><a href=\"https:\/\/www.dogpride.eu\/\" target=\"_blank\" rel=\"noopener\"><img loading=\"lazy\" decoding=\"async\" class=\"alignnone wp-image-70657 size-medium\" src=\"https:\/\/dogpride.nl\/wp-content\/uploads\/Logo-Pride2-1-300x96.png\" alt=\"\" width=\"300\" height=\"96\" srcset=\"https:\/\/dogpride.nl\/wp-content\/uploads\/Logo-Pride2-1-300x96.png 300w, https:\/\/dogpride.nl\/wp-content\/uploads\/Logo-Pride2-1-250x80.png 250w, https:\/\/dogpride.nl\/wp-content\/uploads\/Logo-Pride2-1-200x64.png 200w, https:\/\/dogpride.nl\/wp-content\/uploads\/Logo-Pride2-1.png 327w\" sizes=\"auto, (max-width: 300px) 100vw, 300px\" \/><\/a><\/p>\n<p><a href=\"https:\/\/dogpride.nl\/de\/pride-sterke-biothane-halsband-post\/\"><img loading=\"lazy\" decoding=\"async\" class=\"alignnone wp-image-136936\" title=\"PRIDE Strong Biothane Halsband POST\" src=\"https:\/\/dogpride.nl\/wp-content\/uploads\/PRIDE-Sterke-Biothane-halsband-POST.png\" alt=\"PRIDE Sterke Biothane halsband POST\" width=\"269\" height=\"179\" srcset=\"https:\/\/dogpride.nl\/wp-content\/uploads\/PRIDE-Sterke-Biothane-halsband-POST.png 900w, https:\/\/dogpride.nl\/wp-content\/uploads\/PRIDE-Sterke-Biothane-halsband-POST-300x200.png 300w, https:\/\/dogpride.nl\/wp-content\/uploads\/PRIDE-Sterke-Biothane-halsband-POST-768x512.png 768w, https:\/\/dogpride.nl\/wp-content\/uploads\/PRIDE-Sterke-Biothane-halsband-POST-18x12.png 18w, https:\/\/dogpride.nl\/wp-content\/uploads\/PRIDE-Sterke-Biothane-halsband-POST-250x167.png 250w, https:\/\/dogpride.nl\/wp-content\/uploads\/PRIDE-Sterke-Biothane-halsband-POST-400x267.png 400w\" sizes=\"auto, (max-width: 269px) 100vw, 269px\" \/><\/a><\/p>\n<p>&nbsp;<\/p>","protected":false},"excerpt":{"rendered":"<p>PRIDE Strong Biothane Halsband POST. Dieses robuste, schwarze, wetterfeste Hundehalsband Biothane 100% besteht aus dem revolution\u00e4ren Biothane\u00ae.<\/p>","protected":false},"featured_media":21060,"template":"","meta":[],"product_brand":[],"product_cat":[90],"product_tag":[8486,8254,6349,3332,10823,10759,10780,10824,4866,10825,3157,7444,3389],"class_list":{"0":"post-3686","1":"product","2":"type-product","3":"status-publish","4":"has-post-thumbnail","6":"product_cat-pride-hondenhalsbanden","7":"product_tag-comfortabel","8":"product_tag-duurzaam","9":"product_tag-hondenhalsband","10":"product_tag-hondensport","11":"product_tag-luxe-accessoire","12":"product_tag-pride-collectie","13":"product_tag-pride-halsband","14":"product_tag-robuust","15":"product_tag-sterke-halsband","16":"product_tag-stijlvol","17":"product_tag-training","18":"product_tag-verstelbaar","19":"product_tag-werkhond","21":"first","22":"instock","23":"taxable","24":"shipping-taxable","25":"purchasable","26":"product-type-variable"},"mb":[],"mfb_rest_fields":["title"],"_links":{"self":[{"href":"https:\/\/dogpride.nl\/de\/wp-json\/wp\/v2\/product\/3686","targetHints":{"allow":["GET"]}}],"collection":[{"href":"https:\/\/dogpride.nl\/de\/wp-json\/wp\/v2\/product"}],"about":[{"href":"https:\/\/dogpride.nl\/de\/wp-json\/wp\/v2\/types\/product"}],"wp:featuredmedia":[{"embeddable":true,"href":"https:\/\/dogpride.nl\/de\/wp-json\/wp\/v2\/media\/21060"}],"wp:attachment":[{"href":"https:\/\/dogpride.nl\/de\/wp-json\/wp\/v2\/media?parent=3686"}],"wp:term":[{"taxonomy":"product_brand","embeddable":true,"href":"https:\/\/dogpride.nl\/de\/wp-json\/wp\/v2\/product_brand?post=3686"},{"taxonomy":"product_cat","embeddable":true,"href":"https:\/\/dogpride.nl\/de\/wp-json\/wp\/v2\/product_cat?post=3686"},{"taxonomy":"product_tag","embeddable":true,"href":"https:\/\/dogpride.nl\/de\/wp-json\/wp\/v2\/product_tag?post=3686"}],"curies":[{"name":"wp","href":"https:\/\/api.w.org\/{rel}","templated":true}]}}