{"id":3671,"date":"2020-02-05T12:16:04","date_gmt":"2020-02-05T11:16:04","guid":{"rendered":"https:\/\/dogpride1.wpengine.com\/?post_type=product&#038;p=3671"},"modified":"2025-12-02T18:14:08","modified_gmt":"2025-12-02T17:14:08","slug":"julius-k9-idc-hondentuig-longwalk-blauw-grijs","status":"publish","type":"product","link":"https:\/\/dogpride.nl\/de\/julius-k9-idc-hondentuig-longwalk-blauw-grijs\/","title":{"rendered":"Julius K9 IDC Hundegeschirr Longwalk Blau\/Grau"},"content":{"rendered":"<h4>Julius K9 IDC Hundegeschirr Longwalk Blau\/Grau<\/h4>\n<p>Das Julius K9 IDC Hundegeschirr Longwalk Blau\/Grau<span style=\"color: #000000; background-color: #ffffff; font-size: 13.33px; text-align: left; display: inline; float: none; text-decoration: none;\">\u00a0ist ein gelenkschonendes hochwertiges Geschirr f\u00fcr den Hund, ideal f\u00fcr l\u00e4ngere Spazierg\u00e4nge.<\/span><br style=\"color: #000000; font-size: 13.33px; text-align: left; text-decoration: none;\" \/><span style=\"color: #000000; background-color: #ffffff; font-size: 13.33px; text-align: left; display: inline; float: none; text-decoration: none;\"> Dieses Premium-Hundegeschirr der bekannten Marke Julius K9 ist das Geschirr f\u00fcr Besitzer, die gerne lange Spazierg\u00e4nge mit ihrem Hund unternehmen, und f\u00fcr alle, f\u00fcr die Komfort an erster Stelle steht!<\/span><\/p>\n<p><span style=\"color: #000000; background-color: #ffffff; font-size: 13.33px; text-align: left; display: inline; float: none; text-decoration: none;\">Dieses Geschirr ist an drei entscheidenden Stellen mit elastischen Elementen ausgestattet: Diese Elemente absorbieren Vibrationen, denen der Hund beim Gehen ausgesetzt ist.<br \/>\nDadurch werden die Gelenke geschont und der Hund hat beim Gassigehen maximale Bewegungsfreiheit. Diese Technik hat dem Rig den Red Dot Award 2019 f\u00fcr Design und Farbe eingebracht!<br \/>\nDurch die Klettbefestigung k\u00f6nnen Sie das Long Walk-Geschirr perfekt an Ihren Hund anpassen und reflektierende Elemente sorgen f\u00fcr gute Sichtbarkeit. Es besteht auch die M\u00f6glichkeit, Seitentaschen oder Taschenlampen am Gurtzeug zu befestigen.<br \/>\nUm das Ganze abzurunden, k\u00f6nnen Sie die Etiketten durch die bekannten anderen sch\u00f6nen Varianten von Julius-Etiketten ersetzen!<\/span><\/p>\n<p><a href=\"https:\/\/dogpride.nl\/de\/hondenlijnen\/julius-k9-harnassen\/\"><img loading=\"lazy\" decoding=\"async\" class=\"alignnone\" title=\"Julius K9 IDC Hundegeschirr Longwalk Blau\/Grau\" src=\"https:\/\/dogpride.nl\/wp-content\/uploads\/julius-k9-idc-hondentuig-longwalk-blauw-1.png\" alt=\"Julius K9 IDC Hondentuig Longwalk Blauw\/Grijs\" width=\"150\" height=\"138\" \/><\/a><\/p>\n<ul>\n<li><span style=\"color: #000000; background-color: #ffffff; font-size: 13.33px; text-align: left; display: inline; float: none; text-decoration: none;\">Hochwertiges Hundegeschirr der bekannten Marke Julius K9<\/span><\/li>\n<li><span style=\"color: #000000; background-color: #ffffff; font-size: 13.33px; text-align: left; display: inline; float: none; text-decoration: none;\">Speziell entwickelt f\u00fcr hohen Komfort und Bewegungsfreiheit<\/span><\/li>\n<li><span style=\"color: #000000; background-color: #ffffff; font-size: 13.33px; text-align: left; display: inline; float: none; text-decoration: none;\">Die Gelenke werden durch die speziellen elastischen Elemente geschont<\/span><\/li>\n<li><span style=\"color: #000000; background-color: #ffffff; font-size: 13.33px; text-align: left; display: inline; float: none; text-decoration: none;\">Mit reflektierenden Teilen f\u00fcr gute Sichtbarkeit<\/span><\/li>\n<li><span style=\"color: #000000; background-color: #ffffff; font-size: 13.33px; text-align: left; display: inline; float: none; text-decoration: none;\">M\u00f6glichkeit zur Anbringung von Seitentaschen oder Taschenlampen<\/span><\/li>\n<li><span style=\"color: #000000; background-color: #ffffff; font-size: 13.33px; text-align: left; display: inline; float: none; text-decoration: none;\">Einstellbar f\u00fcr eine perfekte Passform<\/span><\/li>\n<\/ul>\n<h5><span style=\"color: #000000; background-color: #ffffff; font-size: 13.33px; text-align: left; display: inline; float: none; text-decoration: none;\">Gr\u00f6\u00dfe: S<\/span><\/h5>\n<p><span style=\"color: #000000; background-color: #ffffff; font-size: 13.33px; text-align: left; display: inline; float: none; text-decoration: none;\">Ma\u00dfe:<\/span><br style=\"color: #000000; font-size: 13.33px; text-align: left; text-decoration: none;\" \/><span style=\"color: #000000; background-color: #ffffff; font-size: 13.33px; text-align: left; display: inline; float: none; text-decoration: none;\"> Bauchgr\u00f6\u00dfe 55 \u2013 76 cm\u00a0<\/span><br style=\"color: #000000; font-size: 13.33px; text-align: left; text-decoration: none;\" \/><span style=\"color: #000000; background-color: #ffffff; font-size: 13.33px; text-align: left; display: inline; float: none; text-decoration: none;\"> Halsumfang: 38\u201346 cm<\/span><br style=\"color: #000000; font-size: 13.33px; text-align: left; text-decoration: none;\" \/><span style=\"color: #000000; background-color: #ffffff; font-size: 13.33px; text-align: left; display: inline; float: none; text-decoration: none;\"> Gewicht des Hundes: 9-15 kg\u00a0<\/span><\/p>\n<h5 style=\"color: #000000; font-size: 13px; text-align: left; text-decoration: none;\"><span style=\"color: #000000; background-color: #ffffff; font-size: 13.33px; text-align: left; display: inline; float: none; text-decoration: none;\">Gr\u00f6\u00dfe M<\/span><\/h5>\n<p style=\"color: #000000; font-size: 13px; text-align: left; text-decoration: none;\"><span style=\"color: #000000; background-color: #ffffff; font-size: 13.33px; text-align: left; display: inline; float: none; text-decoration: none;\">Ma\u00dfe:<\/span><br style=\"color: #000000; font-size: 13.33px; text-align: left; text-decoration: none;\" \/><span style=\"color: #000000; background-color: #ffffff; font-size: 13.33px; text-align: left; display: inline; float: none; text-decoration: none;\"> Bauchgr\u00f6\u00dfe 55 \u2013 76 cm\u00a0<\/span><br style=\"color: #000000; font-size: 13.33px; text-align: left; text-decoration: none;\" \/><span style=\"color: #000000; background-color: #ffffff; font-size: 13.33px; text-align: left; display: inline; float: none; text-decoration: none;\"> Halsumfang: 38\u201346 cm<\/span><br style=\"color: #000000; font-size: 13.33px; text-align: left; text-decoration: none;\" \/><span style=\"color: #000000; background-color: #ffffff; font-size: 13.33px; text-align: left; display: inline; float: none; text-decoration: none;\"> Hundegewicht: 14-20 kg\u00a0<\/span><\/p>\n<h5 style=\"color: #000000; font-size: 13px; text-align: left; text-decoration: none;\"><span style=\"color: #000000; background-color: #ffffff; font-size: 13.33px; text-align: left; display: inline; float: none; text-decoration: none;\">Gr\u00f6\u00dfe L<\/span><\/h5>\n<p style=\"color: #000000; font-size: 13px; text-align: left; text-decoration: none;\"><span style=\"color: #000000; background-color: #ffffff; font-size: 13.33px; text-align: left; display: inline; float: none; text-decoration: none;\">Ma\u00dfe:<\/span><br style=\"color: #000000; font-size: 13.33px; text-align: left; text-decoration: none;\" \/><span style=\"color: #000000; background-color: #ffffff; font-size: 13.33px; text-align: left; display: inline; float: none; text-decoration: none;\"> Bauchgr\u00f6\u00dfe 66 \u2013 86 cm\u00a0<\/span><br style=\"color: #000000; font-size: 13.33px; text-align: left; text-decoration: none;\" \/><span style=\"color: #000000; background-color: #ffffff; font-size: 13.33px; text-align: left; display: inline; float: none; text-decoration: none;\"> Halsumfang: 43 - 60 cm<\/span><br style=\"color: #000000; font-size: 13.33px; text-align: left; text-decoration: none;\" \/><span style=\"color: #000000; background-color: #ffffff; font-size: 13.33px; text-align: left; display: inline; float: none; text-decoration: none;\"> Hundegewicht: 16 \u2013 22 kg\u00a0<\/span><\/p>\n<h5 style=\"color: #000000; font-size: 13px; text-align: left; text-decoration: none;\"><span style=\"color: #000000; background-color: #ffffff; font-size: 13.33px; text-align: left; display: inline; float: none; text-decoration: none;\">Gr\u00f6\u00dfe: XL<\/span><\/h5>\n<p style=\"color: #000000; font-size: 13px; text-align: left; text-decoration: none;\"><span style=\"color: #000000; background-color: #ffffff; font-size: 13.33px; text-align: left; display: inline; float: none; text-decoration: none;\">Ma\u00dfe:<\/span><br style=\"color: #000000; font-size: 13.33px; text-align: left; text-decoration: none;\" \/><span style=\"color: #000000; background-color: #ffffff; font-size: 13.33px; text-align: left; display: inline; float: none; text-decoration: none;\"> Bauchgr\u00f6\u00dfe 70 \u2013 96 cm\u00a0<\/span><br style=\"color: #000000; font-size: 13.33px; text-align: left; text-decoration: none;\" \/><span style=\"color: #000000; background-color: #ffffff; font-size: 13.33px; text-align: left; display: inline; float: none; text-decoration: none;\"> Halsumfang: 50 - 70 cm<\/span><br style=\"color: #000000; font-size: 13.33px; text-align: left; text-decoration: none;\" \/><span style=\"color: #000000; background-color: #ffffff; font-size: 13.33px; text-align: left; display: inline; float: none; text-decoration: none;\"> Hundegewicht: 20-28 kg\u00a0<\/span><\/p>\n<h5 style=\"color: #000000; font-size: 13px; text-align: left; text-decoration: none;\"><span style=\"color: #000000; background-color: #ffffff; font-size: 13.33px; text-align: left; display: inline; float: none; text-decoration: none;\">Gr\u00f6\u00dfe: XXL<\/span><\/h5>\n<p style=\"color: #000000; font-size: 13px; text-align: left; text-decoration: none;\"><span style=\"color: #000000; background-color: #ffffff; font-size: 13.33px; text-align: left; display: inline; float: none; text-decoration: none;\">Ma\u00dfe:<\/span><br style=\"color: #000000; font-size: 13.33px; text-align: left; text-decoration: none;\" \/><span style=\"color: #000000; background-color: #ffffff; font-size: 13.33px; text-align: left; display: inline; float: none; text-decoration: none;\"> Bauchgr\u00f6\u00dfe 70 \u2013 96 cm\u00a0<\/span><br style=\"color: #000000; font-size: 13.33px; text-align: left; text-decoration: none;\" \/><span style=\"color: #000000; background-color: #ffffff; font-size: 13.33px; text-align: left; display: inline; float: none; text-decoration: none;\"> Halsumfang: 50 - 70 cm<\/span><br style=\"color: #000000; font-size: 13.33px; text-align: left; text-decoration: none;\" \/><span style=\"color: #000000; background-color: #ffffff; font-size: 13.33px; text-align: left; display: inline; float: none; text-decoration: none;\"> Hundegewicht: 23 \u2013 35 kg\u00a0<\/span><\/p>\n<p><a href=\"https:\/\/dogpride.nl\/de\/hondenlijnen\/julius-k9-harnassen\/\"><img loading=\"lazy\" decoding=\"async\" class=\"alignnone\" title=\"Julius K9 IDC Hundegeschirr Longwalk Blau\/Grau\" src=\"https:\/\/dogpride.nl\/wp-content\/uploads\/julius-k9-idc-hondentuig-longwalk-blauw-1.png\" alt=\"Julius K9 IDC Hondentuig Longwalk Blauw\/Grijs\" width=\"150\" height=\"138\" \/><\/a><\/p>\n<p>&nbsp;<\/p>\n<p><a href=\"https:\/\/www.k9shop.nl\/\" target=\"_blank\" rel=\"noopener\"><img loading=\"lazy\" decoding=\"async\" class=\"alignnone wp-image-147096 size-full\" src=\"https:\/\/dogpride.nl\/wp-content\/uploads\/Logo-K9-shop.jpg\" alt=\"Logo K9 shop\" width=\"201\" height=\"86\" srcset=\"https:\/\/dogpride.nl\/wp-content\/uploads\/Logo-K9-shop.jpg 201w, https:\/\/dogpride.nl\/wp-content\/uploads\/Logo-K9-shop-18x8.jpg 18w\" sizes=\"auto, (max-width: 201px) 100vw, 201px\" \/><\/a><\/p>","protected":false},"excerpt":{"rendered":"<p><span style=\"color: #000000; background-color: #ffffff; font-size: 13.33px; text-align: left; display: inline; float: none; text-decoration: none;\">Dieses Premium-Hundegeschirr der bekannten Marke Julius K9 ist das Geschirr f\u00fcr Besitzer, die gerne lange Spazierg\u00e4nge mit ihrem Hund unternehmen, und f\u00fcr alle, f\u00fcr die Komfort an erster Stelle steht!<\/span><\/p>","protected":false},"featured_media":21058,"template":"","meta":[],"product_brand":[],"product_cat":[9270],"product_tag":[],"class_list":{"0":"post-3671","1":"product","2":"type-product","3":"status-publish","4":"has-post-thumbnail","6":"product_cat-julius-k9-harnassen","8":"first","9":"instock","10":"taxable","11":"shipping-taxable","12":"purchasable","13":"product-type-variable"},"mb":[],"mfb_rest_fields":["title"],"_links":{"self":[{"href":"https:\/\/dogpride.nl\/de\/wp-json\/wp\/v2\/product\/3671","targetHints":{"allow":["GET"]}}],"collection":[{"href":"https:\/\/dogpride.nl\/de\/wp-json\/wp\/v2\/product"}],"about":[{"href":"https:\/\/dogpride.nl\/de\/wp-json\/wp\/v2\/types\/product"}],"wp:featuredmedia":[{"embeddable":true,"href":"https:\/\/dogpride.nl\/de\/wp-json\/wp\/v2\/media\/21058"}],"wp:attachment":[{"href":"https:\/\/dogpride.nl\/de\/wp-json\/wp\/v2\/media?parent=3671"}],"wp:term":[{"taxonomy":"product_brand","embeddable":true,"href":"https:\/\/dogpride.nl\/de\/wp-json\/wp\/v2\/product_brand?post=3671"},{"taxonomy":"product_cat","embeddable":true,"href":"https:\/\/dogpride.nl\/de\/wp-json\/wp\/v2\/product_cat?post=3671"},{"taxonomy":"product_tag","embeddable":true,"href":"https:\/\/dogpride.nl\/de\/wp-json\/wp\/v2\/product_tag?post=3671"}],"curies":[{"name":"wp","href":"https:\/\/api.w.org\/{rel}","templated":true}]}}