{"id":3557,"date":"2020-01-29T14:51:37","date_gmt":"2020-01-29T13:51:37","guid":{"rendered":"https:\/\/dogpride1.wpengine.com\/?post_type=product&#038;p=3557"},"modified":"2025-12-12T07:12:01","modified_gmt":"2025-12-12T06:12:01","slug":"pride-prikhalsband-metaal-met-snelsluiting","status":"publish","type":"product","link":"https:\/\/dogpride.nl\/de\/pride-prikhalsband-metaal-met-snelsluiting\/","title":{"rendered":"PRIDE Prikhalsband metaal met snelsluiting"},"content":{"rendered":"<h4>PRIDE Prikhalsband metaal met snelsluiting<\/h4>\n<p>PRIDE Prikhalsband metaal met snelsluiting<\/p>\n<h4>PRIDE Prikhalsband metaal met snelsluiting Maat S en M<\/h4>\n<ul>\n<li style=\"color: #666666; font-size: 13px; text-align: left; text-decoration: none;\"><span style=\"color: #000000;\"><span style=\"background-color: #ffffff; font-size: 10pt; text-align: left; display: inline; float: none; text-decoration: none;\">Model: <span style=\"color: #000000; background-color: #ffffff; text-align: left; display: inline; float: none; text-decoration: none;\">CL\u2013037 S<\/span><\/span><br \/>\nL\u00e4nge: 50 cm<br \/>\nBreite: 25\u201330 mm<\/span><\/li>\n<li>Model :\u00a0CL \u2013 037 M<\/li>\n<li>L\u00e4nge: 60 cm<\/li>\n<li>Breite: 30 mm<\/li>\n<\/ul>\n<div><a href=\"https:\/\/dogpride.nl\/de\/prid-prikhalsband-metaal-met-snelsluiting-maat-s\/\"><img loading=\"lazy\" decoding=\"async\" class=\"alignnone wp-image-136940\" src=\"https:\/\/dogpride.nl\/wp-content\/uploads\/PRIDE-Prikhalsband-metaal-met-snelsluiting-maat-S.jpg\" alt=\"PRIDE Prikhalsband metaal met snelsluiting maat S\" width=\"255\" height=\"204\" srcset=\"https:\/\/dogpride.nl\/wp-content\/uploads\/PRIDE-Prikhalsband-metaal-met-snelsluiting-maat-S.jpg 600w, https:\/\/dogpride.nl\/wp-content\/uploads\/PRIDE-Prikhalsband-metaal-met-snelsluiting-maat-S-300x240.jpg 300w, https:\/\/dogpride.nl\/wp-content\/uploads\/PRIDE-Prikhalsband-metaal-met-snelsluiting-maat-S-15x12.jpg 15w, https:\/\/dogpride.nl\/wp-content\/uploads\/PRIDE-Prikhalsband-metaal-met-snelsluiting-maat-S-250x200.jpg 250w, https:\/\/dogpride.nl\/wp-content\/uploads\/PRIDE-Prikhalsband-metaal-met-snelsluiting-maat-S-400x320.jpg 400w\" sizes=\"auto, (max-width: 255px) 100vw, 255px\" \/><\/a><\/div>\n<div><\/div>\n<div style=\"color: #000000; font-size: 13px; text-align: left; text-decoration: none;\">De PRIDE Prikhalsband metaal met snelsluiting is een buitengewoon effectief alternatief voor een slipketting voor het begeleiden van uw hond tijdens het wandelen en is ideaal voor eigenaren van honden die aan de riem trekken.<br \/>\nDePRIDE Prikhalsband metaal met snelsluiting is een zachte methode om te voorkomen dat uw honden zichzelf gaan stikken en onnodige druk uitoefenen op de nek. Bij correct gebruik biedt de prikband fantastische en direct merkbare resultaten. We raden u ten zeerste aan de halsband verstandig te gebruiken om uw hond niet te bezeren en als u op enig moment twijfelt, stop dan en raadpleeg een gekwalificeerde trainer.<br \/>\nDas Stachelhalsband wird am besten mit einer kurzen Leine verwendet, um Ihren Hund in der N\u00e4he zu halten.<br \/>\nDie Annahme, dass dieses Halsband \u201equetscht\u201c, wenn Druck auf den Hund ausge\u00fcbt wird, ist nicht wahr. Der Klappgurt klemmt nicht so, dass es zu Verletzungen kommen kann.<\/div>\n<div style=\"color: #000000; font-size: 13px; text-align: left; text-decoration: none;\">Denken Sie daran, diese Art von Stachelhalsb\u00e4ndern NIEMALS \u00fcber den Kopf Ihres Hundes zu ziehen.<br \/>\nDer Klappstecker sollte so angesetzt werden, dass die Stifte nach innen zeigen. Das Halsband sollte abgenommen werden, wenn der Hund nicht an der Leine ist und Platz zum Laufen oder Spielen hat.<br \/>\nDas Stachelhalsband ist kein Ersatz f\u00fcr das \u00fcbliche Halsband Ihres Hundes und kann mit fast jedem Halsband verwendet werden, das Ihr Hund t\u00e4glich tr\u00e4gt.<\/div>\n<div style=\"color: #000000; font-size: 13px; text-align: left; text-decoration: none;\">Achten Sie darauf, den Hals Ihres Hundes richtig zu messen, bevor Sie das Halsband anlegen. Der Zinkenriemen l\u00e4sst sich sehr einfach durch Hinzuf\u00fcgen oder Entfernen von Gliedern anpassen.<\/div>\n<div><\/div>\n<div><a href=\"https:\/\/www.dogpride.eu\/\" target=\"_blank\" rel=\"noopener\"><img loading=\"lazy\" decoding=\"async\" class=\"alignnone wp-image-70657 size-medium\" src=\"https:\/\/dogpride.nl\/wp-content\/uploads\/Logo-Pride2-1-300x96.png\" alt=\"\" width=\"300\" height=\"96\" srcset=\"https:\/\/dogpride.nl\/wp-content\/uploads\/Logo-Pride2-1-300x96.png 300w, https:\/\/dogpride.nl\/wp-content\/uploads\/Logo-Pride2-1-250x80.png 250w, https:\/\/dogpride.nl\/wp-content\/uploads\/Logo-Pride2-1-200x64.png 200w, https:\/\/dogpride.nl\/wp-content\/uploads\/Logo-Pride2-1.png 327w\" sizes=\"auto, (max-width: 300px) 100vw, 300px\" \/><\/a><\/div>\n<div><a href=\"https:\/\/dogpride.nl\/de\/prid-prikhalsband-metaal-met-snelsluiting-maat-s\/\"><img loading=\"lazy\" decoding=\"async\" class=\"alignnone wp-image-136940\" src=\"https:\/\/dogpride.nl\/wp-content\/uploads\/PRIDE-Prikhalsband-metaal-met-snelsluiting-maat-S.jpg\" alt=\"PRIDE Prikhalsband metaal met snelsluiting maat S\" width=\"255\" height=\"204\" srcset=\"https:\/\/dogpride.nl\/wp-content\/uploads\/PRIDE-Prikhalsband-metaal-met-snelsluiting-maat-S.jpg 600w, https:\/\/dogpride.nl\/wp-content\/uploads\/PRIDE-Prikhalsband-metaal-met-snelsluiting-maat-S-300x240.jpg 300w, https:\/\/dogpride.nl\/wp-content\/uploads\/PRIDE-Prikhalsband-metaal-met-snelsluiting-maat-S-15x12.jpg 15w, https:\/\/dogpride.nl\/wp-content\/uploads\/PRIDE-Prikhalsband-metaal-met-snelsluiting-maat-S-250x200.jpg 250w, https:\/\/dogpride.nl\/wp-content\/uploads\/PRIDE-Prikhalsband-metaal-met-snelsluiting-maat-S-400x320.jpg 400w\" sizes=\"auto, (max-width: 255px) 100vw, 255px\" \/><\/a><\/div>\n<div>\n<p>&nbsp;<\/p>\n<\/div>","protected":false},"excerpt":{"rendered":"<p>PRIDE Zinkenhalsband aus Metall mit Schnellverschluss, Gr\u00f6\u00dfe S. Das Zinkenhalsband ist eine \u00e4u\u00dferst effektive Alternative zu einer Rutschkette zum F\u00fchren Ihres Hundes.<\/p>","protected":false},"featured_media":20997,"template":"","meta":[],"product_brand":[],"product_cat":[90],"product_tag":[8486,8254,6349,3332,10823,10759,10780,10824,4866,10825,3157,7444,3389],"class_list":{"0":"post-3557","1":"product","2":"type-product","3":"status-publish","4":"has-post-thumbnail","6":"product_cat-pride-hondenhalsbanden","7":"product_tag-comfortabel","8":"product_tag-duurzaam","9":"product_tag-hondenhalsband","10":"product_tag-hondensport","11":"product_tag-luxe-accessoire","12":"product_tag-pride-collectie","13":"product_tag-pride-halsband","14":"product_tag-robuust","15":"product_tag-sterke-halsband","16":"product_tag-stijlvol","17":"product_tag-training","18":"product_tag-verstelbaar","19":"product_tag-werkhond","21":"first","22":"instock","23":"taxable","24":"shipping-taxable","25":"purchasable","26":"product-type-variable"},"mb":[],"mfb_rest_fields":["title"],"_links":{"self":[{"href":"https:\/\/dogpride.nl\/de\/wp-json\/wp\/v2\/product\/3557","targetHints":{"allow":["GET"]}}],"collection":[{"href":"https:\/\/dogpride.nl\/de\/wp-json\/wp\/v2\/product"}],"about":[{"href":"https:\/\/dogpride.nl\/de\/wp-json\/wp\/v2\/types\/product"}],"wp:featuredmedia":[{"embeddable":true,"href":"https:\/\/dogpride.nl\/de\/wp-json\/wp\/v2\/media\/20997"}],"wp:attachment":[{"href":"https:\/\/dogpride.nl\/de\/wp-json\/wp\/v2\/media?parent=3557"}],"wp:term":[{"taxonomy":"product_brand","embeddable":true,"href":"https:\/\/dogpride.nl\/de\/wp-json\/wp\/v2\/product_brand?post=3557"},{"taxonomy":"product_cat","embeddable":true,"href":"https:\/\/dogpride.nl\/de\/wp-json\/wp\/v2\/product_cat?post=3557"},{"taxonomy":"product_tag","embeddable":true,"href":"https:\/\/dogpride.nl\/de\/wp-json\/wp\/v2\/product_tag?post=3557"}],"curies":[{"name":"wp","href":"https:\/\/api.w.org\/{rel}","templated":true}]}}