{"id":3393,"date":"2020-01-10T14:42:26","date_gmt":"2020-01-10T13:42:26","guid":{"rendered":"https:\/\/dogpride1.wpengine.com\/?post_type=product&#038;p=3393"},"modified":"2025-11-16T09:47:48","modified_gmt":"2025-11-16T08:47:48","slug":"dogs4me-dogsport-vest-costa","status":"publish","type":"product","link":"https:\/\/dogpride.nl\/de\/dogs4me-dogsport-vest-costa\/","title":{"rendered":"DOGS4ME Hundesportweste Costa"},"content":{"rendered":"<h4>DOGS4ME Hundesportweste Costa<\/h4>\n<div>\n<p>DOGS4ME Hundesportweste Costa<\/p>\n<p>Obermaterial 100% Polyamid \u2013 Rakel<br \/>\nTeilweise wasserdicht, die Unterseite ist gummiert<br \/>\nDie Weste hat ein hochwertiges schwarzes Futter \u2013 100% PES<br \/>\nMarkenrei\u00dfverschl\u00fcsse YKK<\/p>\n<p>Eine attraktive Kombination aus 3 Farben. Die Grundfarbe ist Schwarz und daher praktisch f\u00fcr das Training<br \/>\nDie Weste verf\u00fcgt \u00fcber eine Kapuze, die Teil des Kragens ist, wodurch sie sich ideal f\u00fcr den Einsatz bei nassem Wetter eignet.<br \/>\nD-Ring zum Halten des G\u00fcrtels<br \/>\n2 ger\u00e4umige Vordertaschen + 1 gro\u00dfe Ges\u00e4\u00dftasche<br \/>\nOben 2 abgedeckte Rei\u00dfverschlusstaschen, ideal f\u00fcr Mobiltelefone und Schl\u00fcssel<br \/>\nDie Taille kann durch einen Tunnel mit Gummizug angepasst werden<br \/>\nAuf der R\u00fcckseite ist die Weste mit einer eleganten Pfotenstickerei versehen, die in einem grauen Streifen platziert ist. Kappenfarbene Stickerei.<\/p>\n<\/div>\n<div><\/div>\n<div>\n<p style=\"color: #000000; font-size: 13px; text-align: left; text-decoration: none;\">Diese Strickjacke ist in den folgenden Farben erh\u00e4ltlich: Schwarz\/wei\u00df kariert, Lila, Gr\u00fcn, Pink, Orange, T\u00fcrkis, Aubergine.<\/p>\n<p style=\"color: #000000; font-size: 13px; text-align: left; text-decoration: none;\">Gr\u00f6\u00dfen Xs bis XXL (oder angepasst an Ihre Gr\u00f6\u00dfe)<\/p>\n<p><strong>Diese Weste verf\u00fcgt standardm\u00e4\u00dfig \u00fcber einen normalen Rei\u00dfverschluss. Die Lieferzeit f\u00fcr eine Strickjacke mit Zwei-Wege-Rei\u00dfverschluss betr\u00e4gt \u00b1 2-3 Wochen.<\/strong><\/p>\n<\/div>\n<div>GR\u00d6SSENTABELLE ANZEIGEN<\/div>\n<div><\/div>\n<div><img decoding=\"async\" src=\"\/data\/upload\/images\/costa.jpg\" alt=\"\" width=\"450\" \/><img loading=\"lazy\" decoding=\"async\" class=\"alignnone wp-image-70284 size-full\" src=\"https:\/\/www.dogpride.nl\/wp-content\/uploads\/costa.jpg\" alt=\"\" width=\"595\" height=\"327\" srcset=\"https:\/\/dogpride.nl\/wp-content\/uploads\/costa.jpg 595w, https:\/\/dogpride.nl\/wp-content\/uploads\/costa-250x137.jpg 250w, https:\/\/dogpride.nl\/wp-content\/uploads\/costa-400x220.jpg 400w, https:\/\/dogpride.nl\/wp-content\/uploads\/costa-300x165.jpg 300w, https:\/\/dogpride.nl\/wp-content\/uploads\/costa-200x110.jpg 200w\" sizes=\"auto, (max-width: 595px) 100vw, 595px\" \/><\/div>\n<div><\/div>\n<div><a href=\"https:\/\/dogpride.nl\/de\/kleding\/trainingsvesten\/dogs4me-trainingsvesten\/\"><img loading=\"lazy\" decoding=\"async\" class=\"alignnone\" title=\"DOGS4ME Hundesportweste Costa\" src=\"https:\/\/dogpride.nl\/wp-content\/uploads\/dogsport-vest-costa7-4-150x150.jpg\" alt=\"DOGS4ME Dogsport Vest Costa\" width=\"150\" height=\"150\" \/><\/a><\/div>\n<div><span style=\"color: #ffffff;\"><a style=\"color: #ffffff;\" href=\"https:\/\/d4m.eu\/en\" target=\"_blank\" rel=\"noopener\">https:\/\/d4m.eu\/en<\/a>\/<\/span><\/div>\n<div><a href=\"https:\/\/d4m.eu\/en\/\" target=\"_blank\" rel=\"noopener\"><img loading=\"lazy\" decoding=\"async\" class=\"alignnone wp-image-142870 size-medium\" src=\"https:\/\/dogpride.nl\/wp-content\/uploads\/Logo-Dogs4me-2-300x188.jpg\" alt=\"Logo\" width=\"300\" height=\"188\" srcset=\"https:\/\/dogpride.nl\/wp-content\/uploads\/Logo-Dogs4me-2-300x188.jpg 300w, https:\/\/dogpride.nl\/wp-content\/uploads\/Logo-Dogs4me-2-1024x640.jpg 1024w, https:\/\/dogpride.nl\/wp-content\/uploads\/Logo-Dogs4me-2-768x480.jpg 768w, https:\/\/dogpride.nl\/wp-content\/uploads\/Logo-Dogs4me-2-1536x960.jpg 1536w, https:\/\/dogpride.nl\/wp-content\/uploads\/Logo-Dogs4me-2-18x12.jpg 18w, https:\/\/dogpride.nl\/wp-content\/uploads\/Logo-Dogs4me-2-250x156.jpg 250w, https:\/\/dogpride.nl\/wp-content\/uploads\/Logo-Dogs4me-2-400x250.jpg 400w, https:\/\/dogpride.nl\/wp-content\/uploads\/Logo-Dogs4me-2.jpg 1680w\" sizes=\"auto, (max-width: 300px) 100vw, 300px\" \/><\/a><\/div>\n<div><\/div>","protected":false},"excerpt":{"rendered":"<p>D4M Hundesportweste Costa. Eine attraktive Kombination aus 3 Farben. Die Grundfarbe ist Schwarz und daher praktisch f\u00fcr das Training.<\/p>","protected":false},"featured_media":25036,"template":"","meta":[],"product_brand":[],"product_cat":[3872],"product_tag":[],"class_list":{"0":"post-3393","1":"product","2":"type-product","3":"status-publish","4":"has-post-thumbnail","6":"product_cat-dogs4me-trainingsvesten","8":"first","9":"instock","10":"taxable","11":"shipping-taxable","12":"purchasable","13":"product-type-variable"},"mb":[],"mfb_rest_fields":["title"],"_links":{"self":[{"href":"https:\/\/dogpride.nl\/de\/wp-json\/wp\/v2\/product\/3393","targetHints":{"allow":["GET"]}}],"collection":[{"href":"https:\/\/dogpride.nl\/de\/wp-json\/wp\/v2\/product"}],"about":[{"href":"https:\/\/dogpride.nl\/de\/wp-json\/wp\/v2\/types\/product"}],"wp:featuredmedia":[{"embeddable":true,"href":"https:\/\/dogpride.nl\/de\/wp-json\/wp\/v2\/media\/25036"}],"wp:attachment":[{"href":"https:\/\/dogpride.nl\/de\/wp-json\/wp\/v2\/media?parent=3393"}],"wp:term":[{"taxonomy":"product_brand","embeddable":true,"href":"https:\/\/dogpride.nl\/de\/wp-json\/wp\/v2\/product_brand?post=3393"},{"taxonomy":"product_cat","embeddable":true,"href":"https:\/\/dogpride.nl\/de\/wp-json\/wp\/v2\/product_cat?post=3393"},{"taxonomy":"product_tag","embeddable":true,"href":"https:\/\/dogpride.nl\/de\/wp-json\/wp\/v2\/product_tag?post=3393"}],"curies":[{"name":"wp","href":"https:\/\/api.w.org\/{rel}","templated":true}]}}