{"id":3391,"date":"2020-01-10T13:37:17","date_gmt":"2020-01-10T12:37:17","guid":{"rendered":"https:\/\/dogpride1.wpengine.com\/?post_type=product&#038;p=3391"},"modified":"2025-11-02T13:23:39","modified_gmt":"2025-11-02T12:23:39","slug":"dogs4me-queen-thermo-dogsport-trainings-jacket","status":"publish","type":"product","link":"https:\/\/dogpride.nl\/de\/dogs4me-queen-thermo-dogsport-trainings-jacket\/","title":{"rendered":"DOGS4ME Queen Thermo Dogsport Trainingsjacke"},"content":{"rendered":"<h4><span style=\"font-size: 10pt;\">DOGS4ME Queen Thermo Dogsport Trainingsjacke<\/span><\/h4>\n<p>DOGS4ME Queen Thermo Dogsport Trainingsjacke.<\/p>\n<p>Die farbigen Jackenteile bestehen aus Softshell mit einer Wassers\u00e4ule von 10.000 mm und einer Atmungsaktivit\u00e4t von 3.000 mm g\/m2\/24 Stunden.<br \/>\nUnterteil (schwarz) teilweise wasserdicht, 100% Polyamid, kratzfest.<br \/>\nSehr warmer, vollst\u00e4ndig schwarzer Liner \u2013 Hohlfaser \u2013 100% PES<br \/>\nDie Jacke hat eine Kapuze mit Tunnel und Kordelzug zum Festziehen bei schlechtem Wetter.<br \/>\nMarkenrei\u00dfverschluss YKK<br \/>\nAuf der R\u00fcckseite der Jacke befindet sich ein Gummiband (Tunnel) zur Anpassung der Taille.<br \/>\nStrickb\u00fcndchen aus Baumwolle an den \u00c4rmeln<br \/>\n2 ger\u00e4umige Vordertaschen und 1 Ges\u00e4\u00dftasche \u2013 die Ges\u00e4\u00dftasche kann auf Wunsch als 2 separate Taschen gestaltet werden<br \/>\n2 Klappentaschen oben \u2013 ideal f\u00fcr Mobiltelefone, Schl\u00fcssel usw.<\/p>\n<ul>\n<li style=\"color: #000000; font-size: 13px; text-align: left; text-decoration: none;\">Diese Jacke ist in den folgenden Farben erh\u00e4ltlich: Grau, Orange, Gr\u00fcn, Pink, T\u00fcrkis.<\/li>\n<li style=\"color: #000000; font-size: 13px; text-align: left; text-decoration: none;\">Gr\u00f6\u00dfen Xs bis XXL (oder angepasst an Ihre Gr\u00f6\u00dfe)<\/li>\n<\/ul>\n<p style=\"color: #000000; font-size: 13px; text-align: left; text-decoration: none;\">Wir k\u00f6nnen verschiedene Bilder auf die Vorder- oder R\u00fcckseite oder auf die Taschen sticken.<br \/>\nDiese Jacken k\u00f6nnen auf Bestellung individuell gen\u00e4ht werden.<\/p>\n<p><strong>Diese Jacke hat standardm\u00e4\u00dfig einen normalen Rei\u00dfverschluss. Die Lieferzeit f\u00fcr eine Jacke mit Zwei-Wege-Rei\u00dfverschluss betr\u00e4gt 2-3 Wochen.<\/strong><\/p>\n<p style=\"color: #000000; font-size: 13px; text-align: left; text-decoration: none;\">GR\u00d6SSENTABELLE<\/p>\n<p><img decoding=\"async\" src=\"\/data\/upload\/images\/queen.jpg\" alt=\"\" width=\"450\" \/><img loading=\"lazy\" decoding=\"async\" class=\"alignnone wp-image-69734 size-full\" src=\"https:\/\/www.dogpride.nl\/wp-content\/uploads\/Queen.jpg\" alt=\"\" width=\"584\" height=\"315\" srcset=\"https:\/\/dogpride.nl\/wp-content\/uploads\/Queen.jpg 584w, https:\/\/dogpride.nl\/wp-content\/uploads\/Queen-250x135.jpg 250w, https:\/\/dogpride.nl\/wp-content\/uploads\/Queen-400x216.jpg 400w, https:\/\/dogpride.nl\/wp-content\/uploads\/Queen-300x162.jpg 300w, https:\/\/dogpride.nl\/wp-content\/uploads\/Queen-200x108.jpg 200w\" sizes=\"auto, (max-width: 584px) 100vw, 584px\" \/><\/p>\n<p><a href=\"https:\/\/dogpride.nl\/de\/kleding\/jassen\/dogs4me-jassen\/\"><img loading=\"lazy\" decoding=\"async\" class=\"alignnone\" title=\"DOGS4ME Queen Thermo Dogsport Trainingsjacke\" src=\"https:\/\/dogpride.nl\/wp-content\/uploads\/queen-therm-dogsport-training-jacket-3.jpg\" alt=\"DOGS4ME Queen Thermo Dogsport Trainings Jacket\" width=\"278\" height=\"330\" \/><\/a><\/p>\n<p><a href=\"https:\/\/d4m.eu\/en\/\" target=\"_blank\" rel=\"noopener\"><img loading=\"lazy\" decoding=\"async\" class=\"alignnone wp-image-139645 size-thumbnail\" src=\"https:\/\/dogpride.nl\/wp-content\/uploads\/Logo-Dogs4me-150x150.jpg\" alt=\"Logo\" width=\"150\" height=\"150\" srcset=\"https:\/\/dogpride.nl\/wp-content\/uploads\/Logo-Dogs4me-150x150.jpg 150w, https:\/\/dogpride.nl\/wp-content\/uploads\/Logo-Dogs4me-100x100.jpg 100w\" sizes=\"auto, (max-width: 150px) 100vw, 150px\" \/><\/a><\/p>","protected":false},"excerpt":{"rendered":"<p>D4M Queen Thermo Dogsport Trainingsjacke. Die farbigen Jackenteile bestehen aus Softshell mit einer Wassers\u00e4ule von 10.000 mm<\/p>","protected":false},"featured_media":25028,"template":"","meta":[],"product_brand":[],"product_cat":[3859],"product_tag":[],"class_list":{"0":"post-3391","1":"product","2":"type-product","3":"status-publish","4":"has-post-thumbnail","6":"product_cat-dogs4me-jassen","8":"first","9":"instock","10":"taxable","11":"shipping-taxable","12":"purchasable","13":"product-type-variable"},"mb":[],"mfb_rest_fields":["title"],"_links":{"self":[{"href":"https:\/\/dogpride.nl\/de\/wp-json\/wp\/v2\/product\/3391","targetHints":{"allow":["GET"]}}],"collection":[{"href":"https:\/\/dogpride.nl\/de\/wp-json\/wp\/v2\/product"}],"about":[{"href":"https:\/\/dogpride.nl\/de\/wp-json\/wp\/v2\/types\/product"}],"wp:featuredmedia":[{"embeddable":true,"href":"https:\/\/dogpride.nl\/de\/wp-json\/wp\/v2\/media\/25028"}],"wp:attachment":[{"href":"https:\/\/dogpride.nl\/de\/wp-json\/wp\/v2\/media?parent=3391"}],"wp:term":[{"taxonomy":"product_brand","embeddable":true,"href":"https:\/\/dogpride.nl\/de\/wp-json\/wp\/v2\/product_brand?post=3391"},{"taxonomy":"product_cat","embeddable":true,"href":"https:\/\/dogpride.nl\/de\/wp-json\/wp\/v2\/product_cat?post=3391"},{"taxonomy":"product_tag","embeddable":true,"href":"https:\/\/dogpride.nl\/de\/wp-json\/wp\/v2\/product_tag?post=3391"}],"curies":[{"name":"wp","href":"https:\/\/api.w.org\/{rel}","templated":true}]}}