{"id":3388,"date":"2020-01-10T13:13:56","date_gmt":"2020-01-10T12:13:56","guid":{"rendered":"https:\/\/dogpride1.wpengine.com\/?post_type=product&#038;p=3388"},"modified":"2025-11-02T13:32:02","modified_gmt":"2025-11-02T12:32:02","slug":"dogs4me-passion-dogsport-trainings-jacket","status":"publish","type":"product","link":"https:\/\/dogpride.nl\/de\/dogs4me-passion-dogsport-trainings-jacket\/","title":{"rendered":"DOGS4ME Passion Dogsport Trainingsjacke"},"content":{"rendered":"<h4>DOGS4ME Passion Dogsport Trainingsjacke<\/h4>\n<p>DOGS4ME Passion Dogsport Trainingsjacke.<br \/>\nDer schwarze Teil der Jacke ist teilweise wasserdicht und unter dem 100% PES-Futter gummiert<br \/>\nSchwarzer Liner \u2013 100% PES<br \/>\nFarbige Teile \u2013 Softshell mit 10.000 mm Wassers\u00e4ule und Atmungsaktivit\u00e4t 3.000 mm g\/m2\/24h<br \/>\nMarkenrei\u00dfverschl\u00fcsse YKK<br \/>\nStrickb\u00fcndchen aus Baumwolle an den \u00c4rmeln<br \/>\n4 ger\u00e4umige Taschen vorne, 1 hinten<br \/>\nAn der Seite befindet sich eine \u00d6se zur Befestigung des G\u00fcrtels<br \/>\nVerstellbare Taille<\/p>\n<p style=\"color: #000000; font-size: 13px; text-align: left; text-decoration: none;\">Diese Jacke ist in den folgenden Farben erh\u00e4ltlich: Gr\u00fcn, Pink, T\u00fcrkis.<\/p>\n<p style=\"color: #000000; font-size: 13px; text-align: left; text-decoration: none;\">Gr\u00f6\u00dfen Xs bis XXL (oder angepasst an Ihre Gr\u00f6\u00dfe)<\/p>\n<p style=\"color: #000000; font-size: 13px; text-align: left; text-decoration: none;\">Wir k\u00f6nnen verschiedene Bilder auf die Vorder- oder R\u00fcckseite oder auf die Taschen sticken.<br \/>\nDiese Jacken k\u00f6nnen auf Bestellung individuell gen\u00e4ht werden.<\/p>\n<p><strong>Diese Jacke hat standardm\u00e4\u00dfig einen normalen Rei\u00dfverschluss. Die Lieferzeit f\u00fcr eine Jacke mit Zwei-Wege-Rei\u00dfverschluss betr\u00e4gt 2-3 Wochen.<\/strong><\/p>\n<p>GR\u00d6SSENTABELLE<\/p>\n<p><img decoding=\"async\" src=\"\/data\/upload\/images\/passion.jpg\" alt=\"\" width=\"450\" \/><img loading=\"lazy\" decoding=\"async\" class=\"alignnone wp-image-69738 size-full\" src=\"https:\/\/www.dogpride.nl\/wp-content\/uploads\/Passion.jpg\" alt=\"\" width=\"593\" height=\"320\" srcset=\"https:\/\/dogpride.nl\/wp-content\/uploads\/Passion.jpg 593w, https:\/\/dogpride.nl\/wp-content\/uploads\/Passion-250x135.jpg 250w, https:\/\/dogpride.nl\/wp-content\/uploads\/Passion-400x216.jpg 400w, https:\/\/dogpride.nl\/wp-content\/uploads\/Passion-300x162.jpg 300w, https:\/\/dogpride.nl\/wp-content\/uploads\/Passion-200x108.jpg 200w\" sizes=\"auto, (max-width: 593px) 100vw, 593px\" \/><\/p>\n<p><a href=\"https:\/\/dogpride.nl\/de\/kleding\/jassen\/dogs4me-jassen\/\"><img loading=\"lazy\" decoding=\"async\" class=\"alignnone\" src=\"https:\/\/dogpride.nl\/wp-content\/uploads\/passion-dogsport-training-jacket2-3-150x150.jpg\" alt=\"DOGS4ME Passion Dogsport Trainings Jacket\" width=\"150\" height=\"150\" \/><\/a><\/p>\n<p><a href=\"https:\/\/d4m.eu\/en\/\" target=\"_blank\" rel=\"noopener\"><img loading=\"lazy\" decoding=\"async\" class=\"alignnone wp-image-139645 size-thumbnail\" src=\"https:\/\/dogpride.nl\/wp-content\/uploads\/Logo-Dogs4me-150x150.jpg\" alt=\"Logo\" width=\"150\" height=\"150\" srcset=\"https:\/\/dogpride.nl\/wp-content\/uploads\/Logo-Dogs4me-150x150.jpg 150w, https:\/\/dogpride.nl\/wp-content\/uploads\/Logo-Dogs4me-100x100.jpg 100w\" sizes=\"auto, (max-width: 150px) 100vw, 150px\" \/><\/a><\/p>","protected":false},"excerpt":{"rendered":"<p>D4M Passion Dogsport Trainingsjacke. Farbige Teile \u2013 Softshell mit 10.000 mm Wassers\u00e4ule und Atmungsaktivit\u00e4t. Der schwarze Teil der Jacke ist teilweise wasserdicht und unter dem 100% PES-Futter gummiert.<\/p>","protected":false},"featured_media":25023,"template":"","meta":[],"product_brand":[],"product_cat":[3859],"product_tag":[],"class_list":{"0":"post-3388","1":"product","2":"type-product","3":"status-publish","4":"has-post-thumbnail","6":"product_cat-dogs4me-jassen","8":"first","9":"instock","10":"taxable","11":"shipping-taxable","12":"purchasable","13":"product-type-variable"},"exclude_global_add_ons":[],"addons":[],"mb":[],"mfb_rest_fields":["title","exclude_global_add_ons","addons"],"_links":{"self":[{"href":"https:\/\/dogpride.nl\/de\/wp-json\/wp\/v2\/product\/3388","targetHints":{"allow":["GET"]}}],"collection":[{"href":"https:\/\/dogpride.nl\/de\/wp-json\/wp\/v2\/product"}],"about":[{"href":"https:\/\/dogpride.nl\/de\/wp-json\/wp\/v2\/types\/product"}],"wp:featuredmedia":[{"embeddable":true,"href":"https:\/\/dogpride.nl\/de\/wp-json\/wp\/v2\/media\/25023"}],"wp:attachment":[{"href":"https:\/\/dogpride.nl\/de\/wp-json\/wp\/v2\/media?parent=3388"}],"wp:term":[{"taxonomy":"product_brand","embeddable":true,"href":"https:\/\/dogpride.nl\/de\/wp-json\/wp\/v2\/product_brand?post=3388"},{"taxonomy":"product_cat","embeddable":true,"href":"https:\/\/dogpride.nl\/de\/wp-json\/wp\/v2\/product_cat?post=3388"},{"taxonomy":"product_tag","embeddable":true,"href":"https:\/\/dogpride.nl\/de\/wp-json\/wp\/v2\/product_tag?post=3388"}],"curies":[{"name":"wp","href":"https:\/\/api.w.org\/{rel}","templated":true}]}}