{"id":3387,"date":"2020-01-10T12:52:18","date_gmt":"2020-01-10T11:52:18","guid":{"rendered":"https:\/\/dogpride1.wpengine.com\/?post_type=product&#038;p=3387"},"modified":"2025-11-02T13:39:00","modified_gmt":"2025-11-02T12:39:00","slug":"d4m-spider-dogsport-trainingsjacket","status":"publish","type":"product","link":"https:\/\/dogpride.nl\/de\/d4m-spider-dogsport-trainingsjacket\/","title":{"rendered":"D4M Spider Dogsport Trainingsjacke"},"content":{"rendered":"<h4>D4M Spider Dogsport Trainingsjacke<\/h4>\n<p>D4M Spider Dogsport Trainingsjacke<\/p>\n<p>Teilweise wasserdicht, 100% PES<\/p>\n<p>Schwarzer Liner<\/p>\n<p>YKK-Rei\u00dfverschl\u00fcsse<\/p>\n<ul>\n<li>Die Jacke ist schwarz mit farbigem Besatz<\/li>\n<li>Strickb\u00fcndchen aus Baumwolle an den \u00c4rmeln<\/li>\n<li>Verstellbare Taille durch sogenannten Tunnel<\/li>\n<li>G\u00fcrtel an der Seite der Jacke f\u00fcr den G\u00fcrtel oder eine Belohnungstasche<\/li>\n<li>2 ger\u00e4umige Vordertaschen und eine gro\u00dfe Ges\u00e4\u00dftasche \u2013 Ges\u00e4\u00dftasche kann auf Wunsch als 2 separate Taschen gen\u00e4ht werden<\/li>\n<li>Oben an der Jacke 2 abgedeckte Rei\u00dfverschlusstaschen f\u00fcr Handy, Schl\u00fcssel...<\/li>\n<li>Kapuze \u2013 geeignet f\u00fcr raue Wetterbedingungen, Kapuze kann geschlossen werden.<\/li>\n<\/ul>\n<p>Die Paspelierung ist in den folgenden Farben erh\u00e4ltlich: Grau, Rot, Orange, Gr\u00fcn, Lila, T\u00fcrkis, Reflektierend<\/p>\n<p>Gr\u00f6\u00dfen XS bis XXL (oder angepasst an Ihre Gr\u00f6\u00dfe)<\/p>\n<p>Wir k\u00f6nnen verschiedene Bilder auf die Vorder- oder R\u00fcckseite oder auf die Taschen sticken.<\/p>\n<p>Diese Spider-Jacken k\u00f6nnen auf Bestellung individuell gen\u00e4ht werden. F\u00fcr die Standardgr\u00f6\u00dfen sind die Spider-Therm-Reflexjacken in der Regel auf Lager.<\/p>\n<p>Diese Spider-Jacke hat standardm\u00e4\u00dfig einen normalen Rei\u00dfverschluss. Die Lieferzeit f\u00fcr eine Jacke mit Zwei-Wege-Rei\u00dfverschluss betr\u00e4gt 2-3 Wochen.<\/p>\n<p><a href=\"https:\/\/dogpride.nl\/de\/produkt\/d4m-spider-thermo-dogsport-trainings-jacket\/\">Diese Jacke ist auch in einer Thermoversion erh\u00e4ltlich<\/a><\/p>\n<p style=\"color: #000000; font-size: 13px; text-align: left; text-decoration: none;\">GR\u00d6SSENTABELLE ANZEIGEN<\/p>\n<p style=\"color: #000000; font-size: 13px; text-align: left; text-decoration: none;\"><img loading=\"lazy\" decoding=\"async\" class=\"alignnone wp-image-69739 size-full\" src=\"https:\/\/www.dogpride.nl\/wp-content\/uploads\/Spider-Therm.jpg\" alt=\"\" width=\"583\" height=\"317\" srcset=\"https:\/\/dogpride.nl\/wp-content\/uploads\/Spider-Therm.jpg 583w, https:\/\/dogpride.nl\/wp-content\/uploads\/Spider-Therm-250x136.jpg 250w, https:\/\/dogpride.nl\/wp-content\/uploads\/Spider-Therm-400x217.jpg 400w, https:\/\/dogpride.nl\/wp-content\/uploads\/Spider-Therm-300x163.jpg 300w, https:\/\/dogpride.nl\/wp-content\/uploads\/Spider-Therm-200x109.jpg 200w\" sizes=\"auto, (max-width: 583px) 100vw, 583px\" \/><\/p>\n<p><a href=\"https:\/\/d4m.eu\/en\/\" target=\"_blank\" rel=\"noopener\"><img loading=\"lazy\" decoding=\"async\" class=\"alignnone wp-image-139645 size-thumbnail\" src=\"https:\/\/dogpride.nl\/wp-content\/uploads\/Logo-Dogs4me-150x150.jpg\" alt=\"Logo\" width=\"150\" height=\"150\" srcset=\"https:\/\/dogpride.nl\/wp-content\/uploads\/Logo-Dogs4me-150x150.jpg 150w, https:\/\/dogpride.nl\/wp-content\/uploads\/Logo-Dogs4me-100x100.jpg 100w\" sizes=\"auto, (max-width: 150px) 100vw, 150px\" \/><\/a><\/p>\n<p><a href=\"https:\/\/dogpride.nl\/de\/kleding\/jassen\/dogs4me-jassen\/\"><img loading=\"lazy\" decoding=\"async\" class=\"alignnone\" title=\"D4M Spider Dogsport Trainingsjacke\" src=\"https:\/\/dogpride.nl\/wp-content\/uploads\/spider-dogsport-training-jacket6-3-150x150.jpg\" alt=\"D4M Spider Dogsport Trainingsjacket\" width=\"150\" height=\"150\" \/><\/a><\/p>","protected":false},"excerpt":{"rendered":"<p>D4M Spider Dogsport Trainingsjacke. Kapuze \u2013 geeignet f\u00fcr raue Wetterbedingungen, Kapuze kann geschlossen werden.<\/p>","protected":false},"featured_media":25017,"template":"","meta":[],"product_brand":[],"product_cat":[3859],"product_tag":[],"class_list":{"0":"post-3387","1":"product","2":"type-product","3":"status-publish","4":"has-post-thumbnail","6":"product_cat-dogs4me-jassen","8":"first","9":"instock","10":"taxable","11":"shipping-taxable","12":"purchasable","13":"product-type-variable"},"mb":[],"mfb_rest_fields":["title"],"_links":{"self":[{"href":"https:\/\/dogpride.nl\/de\/wp-json\/wp\/v2\/product\/3387","targetHints":{"allow":["GET"]}}],"collection":[{"href":"https:\/\/dogpride.nl\/de\/wp-json\/wp\/v2\/product"}],"about":[{"href":"https:\/\/dogpride.nl\/de\/wp-json\/wp\/v2\/types\/product"}],"wp:featuredmedia":[{"embeddable":true,"href":"https:\/\/dogpride.nl\/de\/wp-json\/wp\/v2\/media\/25017"}],"wp:attachment":[{"href":"https:\/\/dogpride.nl\/de\/wp-json\/wp\/v2\/media?parent=3387"}],"wp:term":[{"taxonomy":"product_brand","embeddable":true,"href":"https:\/\/dogpride.nl\/de\/wp-json\/wp\/v2\/product_brand?post=3387"},{"taxonomy":"product_cat","embeddable":true,"href":"https:\/\/dogpride.nl\/de\/wp-json\/wp\/v2\/product_cat?post=3387"},{"taxonomy":"product_tag","embeddable":true,"href":"https:\/\/dogpride.nl\/de\/wp-json\/wp\/v2\/product_tag?post=3387"}],"curies":[{"name":"wp","href":"https:\/\/api.w.org\/{rel}","templated":true}]}}