{"id":3307,"date":"2019-12-12T15:26:04","date_gmt":"2019-12-12T14:26:04","guid":{"rendered":"https:\/\/dogpride1.wpengine.com\/?post_type=product&#038;p=3307"},"modified":"2025-10-28T11:57:00","modified_gmt":"2025-10-28T10:57:00","slug":"pride-all-weather-hondenlijn-oranje","status":"publish","type":"product","link":"https:\/\/dogpride.nl\/de\/pride-all-weather-hondenlijn-oranje\/","title":{"rendered":"PRIDE Allwetter-Hundeleine Orange"},"content":{"rendered":"<h4>PRIDE Allwetter-Hundeleine Orange<\/h4>\n<p><span style=\"color: #000000; font-size: 13px;\">Diese Hundeleine besteht aus einem revolution\u00e4ren Material, das 100% wasserdicht ist, weich bleibt, in Sekundenschnelle abwischbar ist und leicht zu greifen ist (auch wenn es nass ist). Unsere Allwetterg\u00fcrtel haben das Aussehen und die Haptik von Leder, sind jedoch \u00e4u\u00dferst robust und erfordern keine Wartung. Hochwertiger Karabiner aus Messing, der nicht rostet.<\/span><\/p>\n<div style=\"color: #000000; font-size: 13px; text-align: left; text-decoration: none;\">\n<p>Mit seiner beispiellosen Leistung bei allen Wetterbedingungen ist dieser G\u00fcrtel ein Favorit.<\/p>\n<p>*Ideal f\u00fcr verschwitzte H\u00e4nde<\/p>\n<p>*Ideal bei nassem Wetter<\/p>\n<p>*Ideal zum Spielen im Wasser<\/p>\n<p>*Geeignet f\u00fcr das Hundetraining<\/p>\n<p>Erh\u00e4ltlich in den L\u00e4ngen: 1,5 m, 2 m<\/p>\n<p>Durchmesser: \u00d8 6mm<\/p>\n<p>Farbe orange<\/p>\n<p><a href=\"https:\/\/dogpride.nl\/de\/lijnen-en-tuigjes-voor-honden\/pride-hondenlijnen\/\"><img loading=\"lazy\" decoding=\"async\" class=\"alignnone wp-image-136408 size-thumbnail\" src=\"https:\/\/dogpride.nl\/wp-content\/uploads\/PRIDE-All-Weather-hondenlijn-Oranje-150x150.jpg\" alt=\"PRIDE All-Weather hondenlijn Oranje\" width=\"150\" height=\"150\" srcset=\"https:\/\/dogpride.nl\/wp-content\/uploads\/PRIDE-All-Weather-hondenlijn-Oranje-150x150.jpg 150w, https:\/\/dogpride.nl\/wp-content\/uploads\/PRIDE-All-Weather-hondenlijn-Oranje-100x100.jpg 100w\" sizes=\"auto, (max-width: 150px) 100vw, 150px\" \/><\/a><\/p>\n<\/div>\n<p><a href=\"https:\/\/www.dogpride.eu\/\" target=\"_blank\" rel=\"noopener\"><img loading=\"lazy\" decoding=\"async\" class=\"alignnone wp-image-70657 size-medium\" src=\"https:\/\/dogpride.nl\/wp-content\/uploads\/Logo-Pride2-1-300x96.png\" alt=\"\" width=\"300\" height=\"96\" srcset=\"https:\/\/dogpride.nl\/wp-content\/uploads\/Logo-Pride2-1-300x96.png 300w, https:\/\/dogpride.nl\/wp-content\/uploads\/Logo-Pride2-1-250x80.png 250w, https:\/\/dogpride.nl\/wp-content\/uploads\/Logo-Pride2-1-200x64.png 200w, https:\/\/dogpride.nl\/wp-content\/uploads\/Logo-Pride2-1.png 327w\" sizes=\"auto, (max-width: 300px) 100vw, 300px\" \/><\/a><\/p>\n<p>&nbsp;<\/p>","protected":false},"excerpt":{"rendered":"<p>PRIDE Allwetter-Hundeleine Orange<\/p>","protected":false},"featured_media":20835,"template":"","meta":[],"product_brand":[],"product_cat":[192],"product_tag":[],"class_list":{"0":"post-3307","1":"product","2":"type-product","3":"status-publish","4":"has-post-thumbnail","6":"product_cat-pride-hondenlijnen","8":"first","9":"instock","10":"taxable","11":"shipping-taxable","12":"purchasable","13":"product-type-variable"},"mb":[],"mfb_rest_fields":["title"],"_links":{"self":[{"href":"https:\/\/dogpride.nl\/de\/wp-json\/wp\/v2\/product\/3307","targetHints":{"allow":["GET"]}}],"collection":[{"href":"https:\/\/dogpride.nl\/de\/wp-json\/wp\/v2\/product"}],"about":[{"href":"https:\/\/dogpride.nl\/de\/wp-json\/wp\/v2\/types\/product"}],"wp:featuredmedia":[{"embeddable":true,"href":"https:\/\/dogpride.nl\/de\/wp-json\/wp\/v2\/media\/20835"}],"wp:attachment":[{"href":"https:\/\/dogpride.nl\/de\/wp-json\/wp\/v2\/media?parent=3307"}],"wp:term":[{"taxonomy":"product_brand","embeddable":true,"href":"https:\/\/dogpride.nl\/de\/wp-json\/wp\/v2\/product_brand?post=3307"},{"taxonomy":"product_cat","embeddable":true,"href":"https:\/\/dogpride.nl\/de\/wp-json\/wp\/v2\/product_cat?post=3307"},{"taxonomy":"product_tag","embeddable":true,"href":"https:\/\/dogpride.nl\/de\/wp-json\/wp\/v2\/product_tag?post=3307"}],"curies":[{"name":"wp","href":"https:\/\/api.w.org\/{rel}","templated":true}]}}