{"id":3305,"date":"2019-12-12T15:20:02","date_gmt":"2019-12-12T14:20:02","guid":{"rendered":"https:\/\/dogpride1.wpengine.com\/?post_type=product&#038;p=3305"},"modified":"2025-10-28T11:59:44","modified_gmt":"2025-10-28T10:59:44","slug":"pride-all-weather-super-grip-nopjeshondenlijn","status":"publish","type":"product","link":"https:\/\/dogpride.nl\/de\/pride-all-weather-super-grip-nopjeshondenlijn\/","title":{"rendered":"PRIDE Allwetter-Super-Grip-Noppen-Hundeleine"},"content":{"rendered":"<h4>PRIDE Allwetter-Super-Grip-Noppen-Hundeleine<\/h4>\n<div>Wasserdichte Super Grip-Hundeleine mit Nieten f\u00fcr festen Halt.<br \/>\nDiese supergriffige Hundeleine besteht aus einem revolution\u00e4ren Material, das 100% wasserdicht ist, weich bleibt, in Sekundenschnelle abwischbar ist und leicht zu greifen ist (auch wenn es nass ist). Unsere Allwetterg\u00fcrtel haben das Aussehen und die Haptik von Leder, sind jedoch \u00e4u\u00dferst robust und erfordern keine Wartung. Hochwertiger Karabiner aus Messing, der nicht rostet.<\/div>\n<div>\n<p>Mit seiner beispiellosen Leistung bei allen Wetterbedingungen ist dieser G\u00fcrtel ein Favorit.<\/p>\n<p>*Ideal f\u00fcr verschwitzte H\u00e4nde<br \/>\n*Ideal bei nassem Wetter<br \/>\n*Ideal zum Spielen im Wasser<br \/>\n*Geeignet f\u00fcr das Hundetraining<br \/>\n*Noppenige Oberfl\u00e4che<\/p>\n<\/div>\n<div><\/div>\n<div>Erh\u00e4ltlich in den L\u00e4ngen: 1,5 m, 2 m, 3 m<\/div>\n<div><\/div>\n<div>Farbe schwarz<\/div>\n<div><\/div>\n<div><a href=\"https:\/\/dogpride.nl\/de\/lijnen-en-tuigjes-voor-honden\/pride-hondenlijnen\/\"><img loading=\"lazy\" decoding=\"async\" class=\"alignnone wp-image-136409 size-thumbnail\" src=\"https:\/\/dogpride.nl\/wp-content\/uploads\/PRIDE-All-Weather-Super-Grip-nopjeshondenlijn-150x150.jpg\" alt=\"PRIDE All-Weather Super Grip nopjeshondenlijn\" width=\"150\" height=\"150\" srcset=\"https:\/\/dogpride.nl\/wp-content\/uploads\/PRIDE-All-Weather-Super-Grip-nopjeshondenlijn-150x150.jpg 150w, https:\/\/dogpride.nl\/wp-content\/uploads\/PRIDE-All-Weather-Super-Grip-nopjeshondenlijn-100x100.jpg 100w\" sizes=\"auto, (max-width: 150px) 100vw, 150px\" \/><\/a><\/div>\n<div><\/div>\n<div><\/div>\n<div><a href=\"https:\/\/www.dogpride.eu\/\" target=\"_blank\" rel=\"noopener\"><img loading=\"lazy\" decoding=\"async\" class=\"alignnone wp-image-70657 size-medium\" src=\"https:\/\/dogpride.nl\/wp-content\/uploads\/Logo-Pride2-1-300x96.png\" alt=\"\" width=\"300\" height=\"96\" srcset=\"https:\/\/dogpride.nl\/wp-content\/uploads\/Logo-Pride2-1-300x96.png 300w, https:\/\/dogpride.nl\/wp-content\/uploads\/Logo-Pride2-1-250x80.png 250w, https:\/\/dogpride.nl\/wp-content\/uploads\/Logo-Pride2-1-200x64.png 200w, https:\/\/dogpride.nl\/wp-content\/uploads\/Logo-Pride2-1.png 327w\" sizes=\"auto, (max-width: 300px) 100vw, 300px\" \/><\/a><\/div>\n<div>\n<p>&nbsp;<\/p>\n<\/div>","protected":false},"excerpt":{"rendered":"<p>PRIDE Allwetter-Super-Grip-Noppen-Hundeleine<\/p>","protected":false},"featured_media":20834,"template":"","meta":[],"product_brand":[],"product_cat":[192],"product_tag":[],"class_list":{"0":"post-3305","1":"product","2":"type-product","3":"status-publish","4":"has-post-thumbnail","6":"product_cat-pride-hondenlijnen","8":"first","9":"instock","10":"taxable","11":"shipping-taxable","12":"purchasable","13":"product-type-variable"},"mb":[],"mfb_rest_fields":["title"],"_links":{"self":[{"href":"https:\/\/dogpride.nl\/de\/wp-json\/wp\/v2\/product\/3305","targetHints":{"allow":["GET"]}}],"collection":[{"href":"https:\/\/dogpride.nl\/de\/wp-json\/wp\/v2\/product"}],"about":[{"href":"https:\/\/dogpride.nl\/de\/wp-json\/wp\/v2\/types\/product"}],"wp:featuredmedia":[{"embeddable":true,"href":"https:\/\/dogpride.nl\/de\/wp-json\/wp\/v2\/media\/20834"}],"wp:attachment":[{"href":"https:\/\/dogpride.nl\/de\/wp-json\/wp\/v2\/media?parent=3305"}],"wp:term":[{"taxonomy":"product_brand","embeddable":true,"href":"https:\/\/dogpride.nl\/de\/wp-json\/wp\/v2\/product_brand?post=3305"},{"taxonomy":"product_cat","embeddable":true,"href":"https:\/\/dogpride.nl\/de\/wp-json\/wp\/v2\/product_cat?post=3305"},{"taxonomy":"product_tag","embeddable":true,"href":"https:\/\/dogpride.nl\/de\/wp-json\/wp\/v2\/product_tag?post=3305"}],"curies":[{"name":"wp","href":"https:\/\/api.w.org\/{rel}","templated":true}]}}