{"id":2573,"date":"2019-09-23T12:42:57","date_gmt":"2019-09-23T10:42:57","guid":{"rendered":"https:\/\/dogpride1.wpengine.com\/?post_type=product&#038;p=2573"},"modified":"2025-10-27T11:16:47","modified_gmt":"2025-10-27T10:16:47","slug":"pride-harnas-sledehond","status":"publish","type":"product","link":"https:\/\/dogpride.nl\/de\/pride-harnas-sledehond\/","title":{"rendered":"PRIDE Geschirr Schlittenhund"},"content":{"rendered":"<h4>PRIDE Geschirr Schlittenhund<\/h4>\n<p>Dieses Schlittenhundegeschirr ist weich gepolstert. Hergestellt aus strapazierf\u00e4higem Gurtband. Entwickelt f\u00fcr mittlere und gro\u00dfe Rassen. Dieses Geschirr hat eine gr\u00f6\u00dfere Hals\u00f6ffnung.<\/p>\n<p>Nackengr\u00f6\u00dfe:<\/p>\n<ul>\n<li>S 43-46cm<\/li>\n<li>M 47-50cm<\/li>\n<li>L 51\u201354 cm<\/li>\n<li>XL 55\u201358 cm<\/li>\n<\/ul>\n<p>Modell: H-031<\/p>\n<p><a href=\"https:\/\/dogpride.nl\/de\/lijnen-en-tuigjes-voor-honden\/pride-hondenharnassen\/\"><img loading=\"lazy\" decoding=\"async\" class=\"alignnone\" title=\"PRIDE Geschirr Schlittenhund\" src=\"https:\/\/dogpride.nl\/wp-content\/uploads\/slede-hond.jpg\" alt=\"PRIDE Harnas Sledehond\" width=\"267\" height=\"178\" \/><\/a><\/p>\n<p><a href=\"https:\/\/www.dogpride.eu\/\" target=\"_blank\" rel=\"noopener\"><img loading=\"lazy\" decoding=\"async\" class=\"alignnone wp-image-139027 size-medium\" src=\"https:\/\/dogpride.nl\/wp-content\/uploads\/Logo-Pride2-2-2-300x96.png\" alt=\"Pride logo\" width=\"300\" height=\"96\" srcset=\"https:\/\/dogpride.nl\/wp-content\/uploads\/Logo-Pride2-2-2-300x96.png 300w, https:\/\/dogpride.nl\/wp-content\/uploads\/Logo-Pride2-2-2-18x6.png 18w, https:\/\/dogpride.nl\/wp-content\/uploads\/Logo-Pride2-2-2-250x80.png 250w, https:\/\/dogpride.nl\/wp-content\/uploads\/Logo-Pride2-2-2.png 327w\" sizes=\"auto, (max-width: 300px) 100vw, 300px\" \/><\/a><\/p>","protected":false},"excerpt":{"rendered":"<p>Dieses Schlittenhundegeschirr ist weich gepolstert. Hergestellt aus strapazierf\u00e4higem Gurtband. Entwickelt f\u00fcr mittlere und gro\u00dfe Rassen. Dieses Geschirr hat eine gr\u00f6\u00dfere Hals\u00f6ffnung.<\/p>","protected":false},"featured_media":20374,"template":"","meta":[],"product_brand":[],"product_cat":[1908],"product_tag":[],"class_list":{"0":"post-2573","1":"product","2":"type-product","3":"status-publish","4":"has-post-thumbnail","6":"product_cat-pride-hondenharnassen","8":"first","9":"instock","10":"taxable","11":"shipping-taxable","12":"purchasable","13":"product-type-variable"},"mb":[],"mfb_rest_fields":["title"],"_links":{"self":[{"href":"https:\/\/dogpride.nl\/de\/wp-json\/wp\/v2\/product\/2573","targetHints":{"allow":["GET"]}}],"collection":[{"href":"https:\/\/dogpride.nl\/de\/wp-json\/wp\/v2\/product"}],"about":[{"href":"https:\/\/dogpride.nl\/de\/wp-json\/wp\/v2\/types\/product"}],"wp:featuredmedia":[{"embeddable":true,"href":"https:\/\/dogpride.nl\/de\/wp-json\/wp\/v2\/media\/20374"}],"wp:attachment":[{"href":"https:\/\/dogpride.nl\/de\/wp-json\/wp\/v2\/media?parent=2573"}],"wp:term":[{"taxonomy":"product_brand","embeddable":true,"href":"https:\/\/dogpride.nl\/de\/wp-json\/wp\/v2\/product_brand?post=2573"},{"taxonomy":"product_cat","embeddable":true,"href":"https:\/\/dogpride.nl\/de\/wp-json\/wp\/v2\/product_cat?post=2573"},{"taxonomy":"product_tag","embeddable":true,"href":"https:\/\/dogpride.nl\/de\/wp-json\/wp\/v2\/product_tag?post=2573"}],"curies":[{"name":"wp","href":"https:\/\/api.w.org\/{rel}","templated":true}]}}