{"id":2568,"date":"2019-09-20T16:07:08","date_gmt":"2019-09-20T14:07:08","guid":{"rendered":"https:\/\/dogpride1.wpengine.com\/?post_type=product&#038;p=2568"},"modified":"2025-10-27T15:08:05","modified_gmt":"2025-10-27T14:08:05","slug":"pride-reflecterende-halsband-roze-of-zwart","status":"publish","type":"product","link":"https:\/\/dogpride.nl\/de\/pride-reflecterende-halsband-roze-of-zwart\/","title":{"rendered":"PRIDE Reflektierendes Halsband in Rosa oder Schwarz"},"content":{"rendered":"<h4>PRIDE Reflektierendes Halsband in Rosa oder Schwarz<\/h4>\n<p>PRIDE Reflektierendes Halsband in Rosa oder Schwarz<\/p>\n<p>Reflektierendes Welpenhalsband mit Schnellverschluss-Schnalle und Mittelverschluss.<br \/>\nOptisch harmoniert es mit der funktionierenden Nylonleine, ohne jedoch das Fell des Hundes zu reizen.<br \/>\nSchmales, zart aussehendes Halsband, das selbst den wildesten Welpen unter Kontrolle h\u00e4lt.<br \/>\nDieses verstellbare Halsband ist f\u00fcr alle Rassen geeignet und eignet sich f\u00fcr kleine und mittelgro\u00dfe Hunde, einschlie\u00dflich Welpen.<br \/>\nHergestellt aus 20 mm dickem Gurtband.<\/p>\n<p>Material: Nylon mit reflektierender Linie<br \/>\nBreite: 20 mm<br \/>\nGr\u00f6\u00dfe: 28\u201347 cm, 47\u201355 cm<br \/>\nFarbe: Rosa, Schwarz<\/p>\n<p>Wenn Sie die ben\u00f6tigte Halsbandgr\u00f6\u00dfe nicht gefunden haben oder andere spezielle Anforderungen haben, z\u00f6gern Sie nicht, uns zu kontaktieren und wir fertigen ein Halsband f\u00fcr Sie an.<\/p>\n<p><a href=\"https:\/\/www.dogpride.eu\/\" target=\"_blank\" rel=\"noopener\"><img loading=\"lazy\" decoding=\"async\" class=\"alignnone wp-image-70657 size-medium\" src=\"https:\/\/dogpride.nl\/wp-content\/uploads\/Logo-Pride2-1-300x96.png\" alt=\"\" width=\"300\" height=\"96\" srcset=\"https:\/\/dogpride.nl\/wp-content\/uploads\/Logo-Pride2-1-300x96.png 300w, https:\/\/dogpride.nl\/wp-content\/uploads\/Logo-Pride2-1-250x80.png 250w, https:\/\/dogpride.nl\/wp-content\/uploads\/Logo-Pride2-1-200x64.png 200w, https:\/\/dogpride.nl\/wp-content\/uploads\/Logo-Pride2-1.png 327w\" sizes=\"auto, (max-width: 300px) 100vw, 300px\" \/><\/a><\/p>\n<p><a href=\"https:\/\/dogpride.nl\/de\/pride-reflecterende-halsband-roze\/\"><img loading=\"lazy\" decoding=\"async\" class=\"alignnone wp-image-136963\" src=\"https:\/\/dogpride.nl\/wp-content\/uploads\/PRIDE-Reflecterende-halsband-Roze-of-Zwart.jpg\" alt=\"PRIDE Reflecterende halsband Roze of Zwart\" width=\"209\" height=\"139\" srcset=\"https:\/\/dogpride.nl\/wp-content\/uploads\/PRIDE-Reflecterende-halsband-Roze-of-Zwart.jpg 1820w, https:\/\/dogpride.nl\/wp-content\/uploads\/PRIDE-Reflecterende-halsband-Roze-of-Zwart-300x200.jpg 300w, https:\/\/dogpride.nl\/wp-content\/uploads\/PRIDE-Reflecterende-halsband-Roze-of-Zwart-1024x684.jpg 1024w, https:\/\/dogpride.nl\/wp-content\/uploads\/PRIDE-Reflecterende-halsband-Roze-of-Zwart-768x513.jpg 768w, https:\/\/dogpride.nl\/wp-content\/uploads\/PRIDE-Reflecterende-halsband-Roze-of-Zwart-1536x1025.jpg 1536w, https:\/\/dogpride.nl\/wp-content\/uploads\/PRIDE-Reflecterende-halsband-Roze-of-Zwart-18x12.jpg 18w, https:\/\/dogpride.nl\/wp-content\/uploads\/PRIDE-Reflecterende-halsband-Roze-of-Zwart-250x167.jpg 250w, https:\/\/dogpride.nl\/wp-content\/uploads\/PRIDE-Reflecterende-halsband-Roze-of-Zwart-400x267.jpg 400w\" sizes=\"auto, (max-width: 209px) 100vw, 209px\" \/><\/a><\/p>\n<p>&nbsp;<\/p>","protected":false},"excerpt":{"rendered":"<p>PRIDE Reflektierendes Halsband in Rosa oder Schwarz. Reflektierendes Welpenhalsband mit Schnellverschluss-Schnalle und Mittelverschluss.<\/p>","protected":false},"featured_media":20371,"template":"","meta":[],"product_brand":[],"product_cat":[90],"product_tag":[8486,8254,6349,3332,10823,10759,10780,10824,4866,10825,3157,7444,3389],"class_list":{"0":"post-2568","1":"product","2":"type-product","3":"status-publish","4":"has-post-thumbnail","6":"product_cat-pride-hondenhalsbanden","7":"product_tag-comfortabel","8":"product_tag-duurzaam","9":"product_tag-hondenhalsband","10":"product_tag-hondensport","11":"product_tag-luxe-accessoire","12":"product_tag-pride-collectie","13":"product_tag-pride-halsband","14":"product_tag-robuust","15":"product_tag-sterke-halsband","16":"product_tag-stijlvol","17":"product_tag-training","18":"product_tag-verstelbaar","19":"product_tag-werkhond","21":"first","22":"instock","23":"taxable","24":"shipping-taxable","25":"purchasable","26":"product-type-variable"},"mb":[],"mfb_rest_fields":["title"],"_links":{"self":[{"href":"https:\/\/dogpride.nl\/de\/wp-json\/wp\/v2\/product\/2568","targetHints":{"allow":["GET"]}}],"collection":[{"href":"https:\/\/dogpride.nl\/de\/wp-json\/wp\/v2\/product"}],"about":[{"href":"https:\/\/dogpride.nl\/de\/wp-json\/wp\/v2\/types\/product"}],"wp:featuredmedia":[{"embeddable":true,"href":"https:\/\/dogpride.nl\/de\/wp-json\/wp\/v2\/media\/20371"}],"wp:attachment":[{"href":"https:\/\/dogpride.nl\/de\/wp-json\/wp\/v2\/media?parent=2568"}],"wp:term":[{"taxonomy":"product_brand","embeddable":true,"href":"https:\/\/dogpride.nl\/de\/wp-json\/wp\/v2\/product_brand?post=2568"},{"taxonomy":"product_cat","embeddable":true,"href":"https:\/\/dogpride.nl\/de\/wp-json\/wp\/v2\/product_cat?post=2568"},{"taxonomy":"product_tag","embeddable":true,"href":"https:\/\/dogpride.nl\/de\/wp-json\/wp\/v2\/product_tag?post=2568"}],"curies":[{"name":"wp","href":"https:\/\/api.w.org\/{rel}","templated":true}]}}