{"id":18899,"date":"2020-12-14T09:13:14","date_gmt":"2020-12-14T08:13:14","guid":{"rendered":"https:\/\/dogpride1.wpengine.com\/product\/gappay-bijtworst-triangle-2\/"},"modified":"2025-11-02T09:27:54","modified_gmt":"2025-11-02T08:27:54","slug":"gappay-bijtworst-triangle-2","status":"publish","type":"product","link":"https:\/\/dogpride.nl\/de\/gappay-bijtworst-triangle-2\/","title":{"rendered":"GAPPAY Bei\u00dfzerrer-Dreieck"},"content":{"rendered":"<h4>GAPPAY Bei\u00dfzerrer-Dreieck<\/h4>\n<ul>\n<li>Mit zwei Griffen<\/li>\n<li>Gr\u00f6\u00dfe: 28 x 13 x 14 cm<\/li>\n<li>Stabiles Nycot<\/li>\n<li>Der kleine Bruder des 0409 Triangle Bei\u00dfkissens<\/li>\n<li>Weiches Design<\/li>\n<li>Ideal f\u00fcr Gehorsams- und Schutzarbeiten<\/li>\n<li>Hund kann das Bei\u00dfkissen \u00fcberall bei\u00dfen<\/li>\n<li>Doppelt gen\u00e4ht<\/li>\n<\/ul>\n<p><a href=\"https:\/\/dogpride.nl\/de\/gehoorzaamheid\/bijtworsten-voor-honden\/?product-page=2\"><img loading=\"lazy\" decoding=\"async\" class=\"alignnone\" title=\"GAPPAY Bei\u00dfzerrer-Dreieck\" src=\"https:\/\/dogpride.nl\/wp-content\/uploads\/0491-1-triangle-tug.jpg\" alt=\"GAPPAY Bijtworst Triangle\" width=\"214\" height=\"191\" \/><\/a><\/p>\n<p>&nbsp;<\/p>\n<p><a href=\"https:\/\/www.gappay-hundesport.com\/en\" target=\"_blank\" rel=\"noopener\"><img loading=\"lazy\" decoding=\"async\" class=\"alignnone wp-image-71229 size-medium\" src=\"https:\/\/dogpride.nl\/wp-content\/uploads\/gappay_logo_deutschland-1-300x63.jpg\" alt=\"Gappay\" width=\"300\" height=\"63\" srcset=\"https:\/\/dogpride.nl\/wp-content\/uploads\/gappay_logo_deutschland-1-300x64.jpg 300w, https:\/\/dogpride.nl\/wp-content\/uploads\/gappay_logo_deutschland-1-250x52.jpg 250w, https:\/\/dogpride.nl\/wp-content\/uploads\/gappay_logo_deutschland-1-200x42.jpg 200w, https:\/\/dogpride.nl\/wp-content\/uploads\/gappay_logo_deutschland-1.jpg 305w\" sizes=\"auto, (max-width: 300px) 100vw, 300px\" \/><\/a><\/p>","protected":false},"excerpt":{"rendered":"<p>Bei\u00dfwurst-Dreieck. Mit zwei Griffen. Gr\u00f6\u00dfe: 28 x 13 x 14 cm. Stabiles Nycot. Ideal f\u00fcr Gehorsams- und Schutzarbeiten. Der Hund kann das Bei\u00dfkissen \u00fcberall bei\u00dfen.<\/p>","protected":false},"featured_media":22473,"template":"","meta":[],"product_brand":[],"product_cat":[352],"product_tag":[],"class_list":{"0":"post-18899","1":"product","2":"type-product","3":"status-publish","4":"has-post-thumbnail","6":"product_cat-bijtworsten-voor-honden","8":"first","9":"instock","10":"taxable","11":"shipping-taxable","12":"purchasable","13":"product-type-simple"},"mb":[],"mfb_rest_fields":["title"],"_links":{"self":[{"href":"https:\/\/dogpride.nl\/de\/wp-json\/wp\/v2\/product\/18899","targetHints":{"allow":["GET"]}}],"collection":[{"href":"https:\/\/dogpride.nl\/de\/wp-json\/wp\/v2\/product"}],"about":[{"href":"https:\/\/dogpride.nl\/de\/wp-json\/wp\/v2\/types\/product"}],"wp:featuredmedia":[{"embeddable":true,"href":"https:\/\/dogpride.nl\/de\/wp-json\/wp\/v2\/media\/22473"}],"wp:attachment":[{"href":"https:\/\/dogpride.nl\/de\/wp-json\/wp\/v2\/media?parent=18899"}],"wp:term":[{"taxonomy":"product_brand","embeddable":true,"href":"https:\/\/dogpride.nl\/de\/wp-json\/wp\/v2\/product_brand?post=18899"},{"taxonomy":"product_cat","embeddable":true,"href":"https:\/\/dogpride.nl\/de\/wp-json\/wp\/v2\/product_cat?post=18899"},{"taxonomy":"product_tag","embeddable":true,"href":"https:\/\/dogpride.nl\/de\/wp-json\/wp\/v2\/product_tag?post=18899"}],"curies":[{"name":"wp","href":"https:\/\/api.w.org\/{rel}","templated":true}]}}