{"id":18757,"date":"2020-11-25T09:00:35","date_gmt":"2020-11-25T08:00:35","guid":{"rendered":"https:\/\/dogpride1.wpengine.com\/product\/gappay-trainingsvest-modern-art-unisex-2\/"},"modified":"2025-11-16T11:43:06","modified_gmt":"2025-11-16T10:43:06","slug":"gappay-trainingsvest-modern-art-unisex-2","status":"publish","type":"product","link":"https:\/\/dogpride.nl\/de\/gappay-trainingsvest-modern-art-unisex-2\/","title":{"rendered":"GAPPAY Trainingsweste MODERN ART Unisex"},"content":{"rendered":"<h4>GAPPAY Trainingsweste MODERN ART Unisex<\/h4>\n<p>GAPPAY Trainingsweste MODERN ART Unisex<\/p>\n<ul>\n<li>Mit Doppelrei\u00dfverschluss<br \/>\nmit modernem Druck<br \/>\nGanzk\u00f6rperdruck und dennoch atmungsaktiv<br \/>\nErh\u00e4ltlich in verschiedenen Gr\u00f6\u00dfen<br \/>\nGro\u00dfe K\u00e4ngurutaschen f\u00fcr alle Utensilien<br \/>\nSchr\u00e4ge Seitentaschen<br \/>\nBel\u00fcftung auf der R\u00fcckseite<br \/>\nVerdeckte Rei\u00dfverschlusstasche auf der Brust f\u00fcr z.B. Geld, Handy<br \/>\nHochmoderner Liner<br \/>\nGlattes Design<br \/>\nFeinste Verarbeitung in hochwertiger Gappay-Qualit\u00e4t<br \/>\nmoderne frische Farben<br \/>\n<strong>Dieses Modell ist Unisex<\/strong><\/li>\n<\/ul>\n<p><img loading=\"lazy\" decoding=\"async\" class=\"alignnone wp-image-70213 size-full\" src=\"https:\/\/www.dogpride.nl\/wp-content\/uploads\/Tabelle-1562-1.jpg\" alt=\"Maattabel\" width=\"600\" height=\"600\" srcset=\"https:\/\/dogpride.nl\/wp-content\/uploads\/Tabelle-1562-1.jpg 600w, https:\/\/dogpride.nl\/wp-content\/uploads\/Tabelle-1562-1-250x250.jpg 250w, https:\/\/dogpride.nl\/wp-content\/uploads\/Tabelle-1562-1-100x100.jpg 100w, https:\/\/dogpride.nl\/wp-content\/uploads\/Tabelle-1562-1-400x400.jpg 400w, https:\/\/dogpride.nl\/wp-content\/uploads\/Tabelle-1562-1-300x300.jpg 300w, https:\/\/dogpride.nl\/wp-content\/uploads\/Tabelle-1562-1-150x150.jpg 150w, https:\/\/dogpride.nl\/wp-content\/uploads\/Tabelle-1562-1-66x66.jpg 66w, https:\/\/dogpride.nl\/wp-content\/uploads\/Tabelle-1562-1-200x200.jpg 200w\" sizes=\"auto, (max-width: 600px) 100vw, 600px\" \/><\/p>\n<p><a href=\"https:\/\/www.gappay-hundesport.com\/en\" target=\"_blank\" rel=\"noopener\"><img loading=\"lazy\" decoding=\"async\" class=\"alignnone wp-image-142913 size-medium\" src=\"https:\/\/dogpride.nl\/wp-content\/uploads\/gappay_logo-4-300x63.jpg\" alt=\"Logo Gappay\" width=\"300\" height=\"63\" srcset=\"https:\/\/dogpride.nl\/wp-content\/uploads\/gappay_logo-4-300x63.jpg 300w, https:\/\/dogpride.nl\/wp-content\/uploads\/gappay_logo-4-18x4.jpg 18w, https:\/\/dogpride.nl\/wp-content\/uploads\/gappay_logo-4-250x52.jpg 250w, https:\/\/dogpride.nl\/wp-content\/uploads\/gappay_logo-4.jpg 305w\" sizes=\"auto, (max-width: 300px) 100vw, 300px\" \/><\/a><\/p>\n<p><a href=\"https:\/\/dogpride.nl\/de\/kleding\/trainingsvesten\/gappay-trainingsvesten\/\"><img loading=\"lazy\" decoding=\"async\" class=\"alignnone\" title=\"GAPPAY Trainingsweste MODERN ART Unisex\" src=\"https:\/\/dogpride.nl\/wp-content\/uploads\/Weste-Modern-Art-Gappay2-2-150x150.jpg\" alt=\"GAPPAY Trainingsvest MODERN ART Unisex\" width=\"150\" height=\"150\" \/><\/a><\/p>","protected":false},"excerpt":{"rendered":"<p>Trainingsweste MODERN ART Unisex. Mit Doppelrei\u00dfverschluss. Mit modernem Druck. Ganzk\u00f6rperdruck und dennoch atmungsaktiv. Verdeckte Rei\u00dfverschlusstasche auf der Brust f\u00fcr z.B. Geld, Handy.<\/p>","protected":false},"featured_media":44319,"template":"","meta":[],"product_brand":[],"product_cat":[3875],"product_tag":[],"class_list":{"0":"post-18757","1":"product","2":"type-product","3":"status-publish","4":"has-post-thumbnail","6":"product_cat-gappay-trainingsvesten","8":"first","9":"instock","10":"taxable","11":"shipping-taxable","12":"purchasable","13":"product-type-variable"},"mb":[],"mfb_rest_fields":["title"],"_links":{"self":[{"href":"https:\/\/dogpride.nl\/de\/wp-json\/wp\/v2\/product\/18757","targetHints":{"allow":["GET"]}}],"collection":[{"href":"https:\/\/dogpride.nl\/de\/wp-json\/wp\/v2\/product"}],"about":[{"href":"https:\/\/dogpride.nl\/de\/wp-json\/wp\/v2\/types\/product"}],"wp:featuredmedia":[{"embeddable":true,"href":"https:\/\/dogpride.nl\/de\/wp-json\/wp\/v2\/media\/44319"}],"wp:attachment":[{"href":"https:\/\/dogpride.nl\/de\/wp-json\/wp\/v2\/media?parent=18757"}],"wp:term":[{"taxonomy":"product_brand","embeddable":true,"href":"https:\/\/dogpride.nl\/de\/wp-json\/wp\/v2\/product_brand?post=18757"},{"taxonomy":"product_cat","embeddable":true,"href":"https:\/\/dogpride.nl\/de\/wp-json\/wp\/v2\/product_cat?post=18757"},{"taxonomy":"product_tag","embeddable":true,"href":"https:\/\/dogpride.nl\/de\/wp-json\/wp\/v2\/product_tag?post=18757"}],"curies":[{"name":"wp","href":"https:\/\/api.w.org\/{rel}","templated":true}]}}