{"id":18739,"date":"2020-11-24T15:17:17","date_gmt":"2020-11-24T14:17:17","guid":{"rendered":"https:\/\/dogpride1.wpengine.com\/product\/gappay-anorak-suprima-thermojas-zwart-2\/"},"modified":"2025-11-02T15:01:49","modified_gmt":"2025-11-02T14:01:49","slug":"gappay-suprima-thermojas-zwart-2","status":"publish","type":"product","link":"https:\/\/dogpride.nl\/de\/gappay-suprima-thermojas-zwart-2\/","title":{"rendered":"GAPPAY Suprima Thermojacke schwarz"},"content":{"rendered":"<h4>GAPPAY Suprima Thermojacke schwarz<\/h4>\n<p>GAPPAY Suprima Thermojacke schwarz<\/p>\n<ul>\n<li>Neues Design kombiniert mit hochwertigem Stoff<\/li>\n<li>Wind- und wasserabweisend<\/li>\n<li>Gestepptes Innenfutter gegen Schwei\u00df und W\u00e4rmeverlust<\/li>\n<li>Jetzt mit Doppelrei\u00dfverschluss<\/li>\n<li>Mit Fleecekapuze<\/li>\n<li>Elastisches Armband mit Finger\u00f6ffnung<\/li>\n<li>Taille, 2-fach verstellbar<\/li>\n<li>Mit schr\u00e4gen Taschen<\/li>\n<li>Bekannte K\u00e4ngurutasche in der H\u00fcfte<\/li>\n<li>Perfekte Passform dank Slimfit-Technologie<\/li>\n<li><strong>Unisex-Modell<\/strong><\/li>\n<li>Zwei gro\u00dfe Taschen an der H\u00fcfte und vorne.<\/li>\n<li>Zwei Rei\u00dfverschlusstaschen auf der Brust.<\/li>\n<li>Eine durchgehende Tasche an der H\u00fcfte\/R\u00fccken<\/li>\n<\/ul>\n<p><a href=\"https:\/\/www.gappay-hundesport.com\/en\" target=\"_blank\" rel=\"noopener\"><img loading=\"lazy\" decoding=\"async\" class=\"alignnone wp-image-140050 size-full\" src=\"https:\/\/dogpride.nl\/wp-content\/uploads\/gappay_logo.jpg\" alt=\"gappay_logo\" width=\"305\" height=\"64\" srcset=\"https:\/\/dogpride.nl\/wp-content\/uploads\/gappay_logo.jpg 305w, https:\/\/dogpride.nl\/wp-content\/uploads\/gappay_logo-300x63.jpg 300w, https:\/\/dogpride.nl\/wp-content\/uploads\/gappay_logo-18x4.jpg 18w, https:\/\/dogpride.nl\/wp-content\/uploads\/gappay_logo-250x52.jpg 250w\" sizes=\"auto, (max-width: 305px) 100vw, 305px\" \/><\/a><\/p>\n<p><a href=\"https:\/\/dogpride.nl\/de\/kleding\/jassen\/gappay-jassen\/\"><img loading=\"lazy\" decoding=\"async\" class=\"alignnone\" title=\"GAPPAY Suprima Thermojacke schwarz\" src=\"https:\/\/dogpride.nl\/wp-content\/uploads\/3199-60decaa8eb46f-Kopie-150x150.jpg\" alt=\"GAPPAY Suprima Thermojas zwart\" width=\"150\" height=\"150\" \/><\/a><\/p>","protected":false},"excerpt":{"rendered":"<p>Neues Design kombiniert mit hochwertigem Stoff. Wind- und wasserabweisend. Gestepptes Innenfutter gegen Schwei\u00df und W\u00e4rmeverlust. Jetzt mit Doppelrei\u00dfverschluss. Mit Fleece-Kapuze und elastischem B\u00fcndchen mit Finger\u00f6ffnung.<\/p>","protected":false},"featured_media":88111,"template":"","meta":[],"product_brand":[],"product_cat":[3857],"product_tag":[],"class_list":{"0":"post-18739","1":"product","2":"type-product","3":"status-publish","4":"has-post-thumbnail","6":"product_cat-gappay-jassen","8":"first","9":"instock","10":"taxable","11":"shipping-taxable","12":"purchasable","13":"product-type-variable"},"mb":[],"mfb_rest_fields":["title"],"_links":{"self":[{"href":"https:\/\/dogpride.nl\/de\/wp-json\/wp\/v2\/product\/18739","targetHints":{"allow":["GET"]}}],"collection":[{"href":"https:\/\/dogpride.nl\/de\/wp-json\/wp\/v2\/product"}],"about":[{"href":"https:\/\/dogpride.nl\/de\/wp-json\/wp\/v2\/types\/product"}],"wp:featuredmedia":[{"embeddable":true,"href":"https:\/\/dogpride.nl\/de\/wp-json\/wp\/v2\/media\/88111"}],"wp:attachment":[{"href":"https:\/\/dogpride.nl\/de\/wp-json\/wp\/v2\/media?parent=18739"}],"wp:term":[{"taxonomy":"product_brand","embeddable":true,"href":"https:\/\/dogpride.nl\/de\/wp-json\/wp\/v2\/product_brand?post=18739"},{"taxonomy":"product_cat","embeddable":true,"href":"https:\/\/dogpride.nl\/de\/wp-json\/wp\/v2\/product_cat?post=18739"},{"taxonomy":"product_tag","embeddable":true,"href":"https:\/\/dogpride.nl\/de\/wp-json\/wp\/v2\/product_tag?post=18739"}],"curies":[{"name":"wp","href":"https:\/\/api.w.org\/{rel}","templated":true}]}}