{"id":18683,"date":"2020-11-12T13:57:32","date_gmt":"2020-11-12T12:57:32","guid":{"rendered":"https:\/\/dogpride1.wpengine.com\/product\/niggeloh-harnas-follow-light-2\/"},"modified":"2025-11-29T11:36:35","modified_gmt":"2025-11-29T10:36:35","slug":"niggeloh-harnas-follow-light-2","status":"publish","type":"product","link":"https:\/\/dogpride.nl\/de\/niggeloh-harnas-follow-light-2\/","title":{"rendered":"Niggeloh Harness Follow Light"},"content":{"rendered":"<h4>Niggeloh Harness Follow Light<\/h4>\n<p>Niggeloh Harness Follow Light<\/p>\n<p><strong>Produktbeschreibung<\/strong><\/p>\n<p>Das F\u00e4hrtengeschirr f\u00fcr kleine und mittelgro\u00dfe Hunde. Oben schwenkbar. Durch einfaches \u00d6ffnen des Klickverschlusses im Nacken wird der Hund freigelassen.<\/p>\n<p><a href=\"https:\/\/dogpride.nl\/de\/\"><img loading=\"lazy\" decoding=\"async\" class=\"alignnone\" title=\"Niggeloh Harness Follow Light\" src=\"https:\/\/dogpride.nl\/wp-content\/uploads\/niggeloh-hundefuhrergeschirr-follow-light.jpg\" alt=\"Niggeloh Harnas Follow Light\" width=\"200\" height=\"203\" \/><\/a><\/p>\n<p>Erh\u00e4ltlich in 4 Gr\u00f6\u00dfen:<\/p>\n<p>XS = z.B. f\u00fcr kleine Terrier (Jagdterrier), Dackel.<br \/>\n&#8211;<br \/>\nHalsumfang 35 cm \u2013 Verstellbereich des H\u00fcftgurts: 39\u201363 cm<br \/>\n\u2013 Stabl\u00e4nge oben: 18 cm<br \/>\n\u2013 Stabl\u00e4nge unten: 15-25 cm<\/p>\n<p>S = z.B. f\u00fcr: Dachshacker, gr\u00f6\u00dfere Terrier, Beagles, Pudel, Zwergspitz, Zwergschnauzer.<br \/>\n&#8211;<br \/>\nHalsumfang 42 cm \u2013 Verstellbereich des H\u00fcftgurts: 39\u201363 cm<br \/>\n\u2013 Stabl\u00e4nge oben: 18 cm<br \/>\n-Stabl\u00e4nge unten: 15-25 cm<\/p>\n<p>M = z.B. f\u00fcr Kopov\/Brandlbracken, Griffon Bleu de Gascogne, BGS, Dalmatiner, Border Collie, Kleiner M\u00fcnsterl\u00e4nder, Husky, Wachtelhund, Spaniel.<br \/>\n&#8211;<br \/>\nHalsumfang 49 cm \u2013 Verstellbereich des H\u00fcftgurts: 58\u201378 cm<br \/>\n\u2013 Stabl\u00e4nge oben: 18 cm<br \/>\n\u2013 Stabl\u00e4nge unten: 20-37 cm<\/p>\n<ul>\n<li>F\u00fcr diesen Kabelbaum d\u00fcrfen nur Leitungen mit max. 15 mm Breite verschwei\u00dft werden.<\/li>\n<\/ul>\n<p><a href=\"https:\/\/dogpride.nl\/de\/\"><img loading=\"lazy\" decoding=\"async\" class=\"alignnone\" title=\"Niggeloh Harness Follow Light\" src=\"https:\/\/dogpride.nl\/wp-content\/uploads\/niggeloh-hundefuhrergeschirr-follow-light.jpg\" alt=\"Niggeloh Harnas Follow Light\" width=\"200\" height=\"203\" \/><\/a><\/p>\n<p>&nbsp;<\/p>\n<p><a href=\"https:\/\/www.niggeloh.de\/en\/home.html\" target=\"_blank\" rel=\"noopener\"><img loading=\"lazy\" decoding=\"async\" class=\"alignnone wp-image-70909 size-full\" src=\"https:\/\/dogpride.nl\/wp-content\/uploads\/logo_niggeloh.png\" alt=\"\" width=\"196\" height=\"90\" \/><\/a><\/p>","protected":false},"excerpt":{"rendered":"<p>Das F\u00e4hrtengeschirr f\u00fcr kleine und mittelgro\u00dfe Hunde. Oben schwenkbar. Durch einfaches \u00d6ffnen des Klickverschlusses im Nacken wird der Hund freigelassen.<\/p>","protected":false},"featured_media":44216,"template":"","meta":[],"product_brand":[],"product_cat":[1909],"product_tag":[15788,15787,15785,4094,15783,15782,15789,10817,15784,15786],"class_list":{"0":"post-18683","1":"product","2":"type-product","3":"status-publish","4":"has-post-thumbnail","6":"product_cat-niggeloh-hondentuigjes","7":"product_tag-comfort-harnas-hond","8":"product_tag-duurzaam-hondentuig","9":"product_tag-hondenjachtuitrusting","10":"product_tag-hondentuig","11":"product_tag-jachtharnas","12":"product_tag-niggeloh-harnas","13":"product_tag-niggeloh-tuig","14":"product_tag-outdoor-hondenuitrusting","15":"product_tag-premium-hondentuig","16":"product_tag-verstelbaar-harnas","18":"first","19":"instock","20":"taxable","21":"shipping-taxable","22":"purchasable","23":"product-type-variable"},"mb":[],"mfb_rest_fields":["title"],"_links":{"self":[{"href":"https:\/\/dogpride.nl\/de\/wp-json\/wp\/v2\/product\/18683","targetHints":{"allow":["GET"]}}],"collection":[{"href":"https:\/\/dogpride.nl\/de\/wp-json\/wp\/v2\/product"}],"about":[{"href":"https:\/\/dogpride.nl\/de\/wp-json\/wp\/v2\/types\/product"}],"wp:featuredmedia":[{"embeddable":true,"href":"https:\/\/dogpride.nl\/de\/wp-json\/wp\/v2\/media\/44216"}],"wp:attachment":[{"href":"https:\/\/dogpride.nl\/de\/wp-json\/wp\/v2\/media?parent=18683"}],"wp:term":[{"taxonomy":"product_brand","embeddable":true,"href":"https:\/\/dogpride.nl\/de\/wp-json\/wp\/v2\/product_brand?post=18683"},{"taxonomy":"product_cat","embeddable":true,"href":"https:\/\/dogpride.nl\/de\/wp-json\/wp\/v2\/product_cat?post=18683"},{"taxonomy":"product_tag","embeddable":true,"href":"https:\/\/dogpride.nl\/de\/wp-json\/wp\/v2\/product_tag?post=18683"}],"curies":[{"name":"wp","href":"https:\/\/api.w.org\/{rel}","templated":true}]}}