{"id":18675,"date":"2020-11-12T13:11:20","date_gmt":"2020-11-12T12:11:20","guid":{"rendered":"https:\/\/dogpride1.wpengine.com\/product\/niggeloh-harnas-follow-sport-plus-2\/"},"modified":"2026-03-06T14:24:45","modified_gmt":"2026-03-06T13:24:45","slug":"niggeloh-harnas-follow-sport-plus","status":"publish","type":"product","link":"https:\/\/dogpride.nl\/de\/niggeloh-harnas-follow-sport-plus\/","title":{"rendered":"Niggeloh-Geschirr Follow SPORT PLUS"},"content":{"rendered":"<h4>Niggeloh-Geschirr Follow SPORT PLUS<\/h4>\n<p>Niggeloh-Geschirr Follow SPORT PLUS<\/p>\n<p><strong>Produktbeschreibung<\/strong><\/p>\n<ul>\n<li>Entwickelt in enger Zusammenarbeit mit dem mehrfachen FCI-Weltmeister Knut Fuchs<\/li>\n<li>Ideale Anpassung an die Anatomie des Hundes, das Grundkonzept \u00e4hnelt dem Geschirr von Schlittenhunden<\/li>\n<li>\u201ePLUS\u201c-Version mit \u00d6ffnung am Hals f\u00fcr den Komfort von PLUS dank eines soliden Metallverschlusses<\/li>\n<li>Gro\u00dfer Griff und runder Ring oben zur G\u00fcrtelbefestigung.<\/li>\n<li>Robuste und komfortable Materialien: Neopren, PTM und Riemen<\/li>\n<li>Gro\u00dfe, robuste Schnalle am H\u00fcftgurt mit individuellen Einstellm\u00f6glichkeiten<\/li>\n<li>Erf\u00fcllt h\u00f6chste Anspr\u00fcche und ist federleicht<\/li>\n<li>Keine Wasseraufnahme, pflegeleicht<\/li>\n<li>Erh\u00e4ltlich in den Gr\u00f6\u00dfen M, L, XL<\/li>\n<li>Farbe: auff\u00e4lliges Gelbrot mit schwarzen Applikationen<\/li>\n<\/ul>\n<p><a href=\"https:\/\/dogpride.nl\/de\/\"><img loading=\"lazy\" decoding=\"async\" class=\"alignnone\" title=\"Niggeloh-Geschirr Follow SPORT PLUS\" src=\"https:\/\/dogpride.nl\/wp-content\/uploads\/hundefuhrergeschirr-follow-sport-plus.jpg\" alt=\"Niggeloh harnas Follow SPORT PLUS\" width=\"189\" height=\"189\" \/><\/a><\/p>\n<p>Gr\u00f6\u00dfe M: BGS, Dalmatiner, Border Collie, Kleiner M\u00fcnsterl\u00e4nder, Husky, Wachtelhund,<br \/>\nLagotto Romagnolo, Mailnois (kleine Rasse) usw.<\/p>\n<p>Gr\u00f6\u00dfe L: Deutscher Sch\u00e4ferhund, Malinois (gro\u00df), Deutscher Vorstehhund, Hannoveraner<br \/>\nSchwei\u00dfhund, Collie, Bullterrier, Boxer, Golden Retriever, Deutscher. Lange Haare &amp;<br \/>\nKurzhaar, Labrador, Chow-Chow usw.<\/p>\n<p>Gr\u00f6\u00dfe XL: Berner Sennenhund, Ridgeback, Blut- und Otterhund, Bordeauxdogge, Rottweiler,<br \/>\nDogo Argentino, Cane Corso, Hovawart, Riesenschnauzer, Deutsche Dogge<\/p>\n<p>Gr\u00f6\u00dfentabelle f\u00fcr Hundegeschirre Folgen Sie SPORT PLUS:<\/p>\n<p><img loading=\"lazy\" decoding=\"async\" class=\"alignnone size-full wp-image-112173\" src=\"https:\/\/dogpride.nl\/wp-content\/uploads\/mAATTABEL-sPORT-pLUS-1.jpg\" alt=\"Maattabel\" width=\"520\" height=\"160\" srcset=\"https:\/\/dogpride.nl\/wp-content\/uploads\/mAATTABEL-sPORT-pLUS-1.jpg 520w, https:\/\/dogpride.nl\/wp-content\/uploads\/mAATTABEL-sPORT-pLUS-1-250x77.jpg 250w, https:\/\/dogpride.nl\/wp-content\/uploads\/mAATTABEL-sPORT-pLUS-1-400x123.jpg 400w, https:\/\/dogpride.nl\/wp-content\/uploads\/mAATTABEL-sPORT-pLUS-1-300x92.jpg 300w, https:\/\/dogpride.nl\/wp-content\/uploads\/mAATTABEL-sPORT-pLUS-1-18x6.jpg 18w\" sizes=\"auto, (max-width: 520px) 100vw, 520px\" \/><\/p>\n<p><a href=\"https:\/\/dogpride.nl\/de\/\"><img loading=\"lazy\" decoding=\"async\" class=\"alignnone\" title=\"Niggeloh-Geschirr Follow SPORT PLUS\" src=\"https:\/\/dogpride.nl\/wp-content\/uploads\/hundefuhrergeschirr-follow-sport-plus.jpg\" alt=\"Niggeloh harnas Follow SPORT PLUS\" width=\"189\" height=\"189\" \/><\/a><\/p>\n<p>&nbsp;<\/p>\n<p><a href=\"https:\/\/www.niggeloh.de\/en\/home.html\" target=\"_blank\" rel=\"noopener\"><img loading=\"lazy\" decoding=\"async\" class=\"alignnone wp-image-70909 size-full\" src=\"https:\/\/dogpride.nl\/wp-content\/uploads\/logo_niggeloh.png\" alt=\"\" width=\"196\" height=\"90\" \/><\/a><\/p>","protected":false},"excerpt":{"rendered":"<p>Niggeloh harnas Follow SPORT PLUS. Ontwikkeld in nauwe samenwerking met de meervoudig FCI Wereldkampioen Knut Fuchs.<\/p>","protected":false},"featured_media":44209,"template":"","meta":[],"product_brand":[],"product_cat":[1909],"product_tag":[15788,15787,15785,4094,15783,15782,15789,10817,15784,15786],"class_list":{"0":"post-18675","1":"product","2":"type-product","3":"status-publish","4":"has-post-thumbnail","6":"product_cat-niggeloh-hondentuigjes","7":"product_tag-comfort-harnas-hond","8":"product_tag-duurzaam-hondentuig","9":"product_tag-hondenjachtuitrusting","10":"product_tag-hondentuig","11":"product_tag-jachtharnas","12":"product_tag-niggeloh-harnas","13":"product_tag-niggeloh-tuig","14":"product_tag-outdoor-hondenuitrusting","15":"product_tag-premium-hondentuig","16":"product_tag-verstelbaar-harnas","18":"first","19":"instock","20":"taxable","21":"shipping-taxable","22":"purchasable","23":"product-type-variable"},"mb":[],"mfb_rest_fields":["title"],"_links":{"self":[{"href":"https:\/\/dogpride.nl\/de\/wp-json\/wp\/v2\/product\/18675","targetHints":{"allow":["GET"]}}],"collection":[{"href":"https:\/\/dogpride.nl\/de\/wp-json\/wp\/v2\/product"}],"about":[{"href":"https:\/\/dogpride.nl\/de\/wp-json\/wp\/v2\/types\/product"}],"wp:featuredmedia":[{"embeddable":true,"href":"https:\/\/dogpride.nl\/de\/wp-json\/wp\/v2\/media\/44209"}],"wp:attachment":[{"href":"https:\/\/dogpride.nl\/de\/wp-json\/wp\/v2\/media?parent=18675"}],"wp:term":[{"taxonomy":"product_brand","embeddable":true,"href":"https:\/\/dogpride.nl\/de\/wp-json\/wp\/v2\/product_brand?post=18675"},{"taxonomy":"product_cat","embeddable":true,"href":"https:\/\/dogpride.nl\/de\/wp-json\/wp\/v2\/product_cat?post=18675"},{"taxonomy":"product_tag","embeddable":true,"href":"https:\/\/dogpride.nl\/de\/wp-json\/wp\/v2\/product_tag?post=18675"}],"curies":[{"name":"wp","href":"https:\/\/api.w.org\/{rel}","templated":true}]}}