{"id":18589,"date":"2020-11-10T11:02:29","date_gmt":"2020-11-10T10:02:29","guid":{"rendered":"https:\/\/dogpride1.wpengine.com\/product\/k9-factory-ondermouw-vilt-hele-arm-2\/"},"modified":"2026-02-23T15:17:30","modified_gmt":"2026-02-23T14:17:30","slug":"k9-factory-ondermouw-vilt-hele-arm-2","status":"publish","type":"product","link":"https:\/\/dogpride.nl\/de\/k9-factory-ondermouw-vilt-hele-arm-2\/","title":{"rendered":"K9 FACTORY Ondermouw vilt hele arm"},"content":{"rendered":"<h4>K9 FACTORY Ondermouw vilt, hele arm<\/h4>\n<p>K9 FACTORY Ondermouw vilt, hele arm<\/p>\n<p>Unter\u00e4rmel f\u00fcr den ganzen Arm.<br \/>\nMit Filz gef\u00fcttert.<br \/>\nSorgen Sie f\u00fcr zus\u00e4tzlichen Schutz unter dem Bei\u00dfanzug.<br \/>\nHinten durch einen breiten Gummizug verbunden f\u00fcr optimalen Komfort.<\/p>\n<p>&nbsp;<\/p>\n<p><a href=\"https:\/\/k9factory.aotestdomein.nl\/index.php?route=product\/search&amp;search=Ondermouw\" target=\"_blank\" rel=\"noopener\"><img loading=\"lazy\" decoding=\"async\" class=\"alignnone wp-image-71274 size-full\" title=\"K9 FACTORY Ondermouw vilt, hele arm\" src=\"https:\/\/dogpride.nl\/wp-content\/uploads\/Logo-K9Factory-1.png\" alt=\"K9 FACTORY Ondermouw vilt, hele arm\" width=\"208\" height=\"125\" srcset=\"https:\/\/dogpride.nl\/wp-content\/uploads\/Logo-K9Factory-1.png 208w, https:\/\/dogpride.nl\/wp-content\/uploads\/Logo-K9Factory-1-200x120.png 200w\" sizes=\"auto, (max-width: 208px) 100vw, 208px\" \/><\/a><\/p>\n<p>&nbsp;<\/p>\n<p><a href=\"https:\/\/dogpride.nl\/de\/hondensport\/k9-factory\/k9-factory-helpersbescherming\/\"><img loading=\"lazy\" decoding=\"async\" class=\"alignnone\" title=\"K9 Factory Unterarmfilz, ganzer Arm\" src=\"https:\/\/dogpride.nl\/wp-content\/uploads\/20000040011undersleeves-felt-padded-complete-arm-1000x1000-3-150x150.jpg\" alt=\"K9 Factory Ondermouw vilt, hele arm\" width=\"150\" height=\"150\" \/><\/a><\/p>\n<p data-start=\"355\" data-end=\"735\">Der <strong>K9 FACTORY Ondermouw vilt, hele arm<\/strong>\u00a0voor de hele arm combineert <strong data-start=\"420\" data-end=\"444\">traditie en techniek<\/strong> in \u00e9\u00e9n betrouwbaar ontwerp.<br data-start=\"472\" data-end=\"475\" \/>Gemaakt van hoogwaardig wolvilt biedt deze mouw een natuurlijke bescherming die zacht aanvoelt, maar verrassend sterk is. Perfect voor situaties waarin je armen intensief worden belast \u2014 of het nu gaat om hondentraining, pakwerk of ambachtelijke werkzaamheden.<\/p>\n<h4 data-start=\"737\" data-end=\"791\"><strong data-start=\"741\" data-end=\"791\">Natuurlijk materiaal, professionele prestaties<\/strong><\/h4>\n<p data-start=\"792\" data-end=\"1153\">Vilt is van nature <strong data-start=\"811\" data-end=\"856\">warmte-isolerend, ademend en schokdempend<\/strong>. Het wordt gemaakt van samengeperste wolvezels, waardoor het een dichte, veerkrachtige structuur heeft die uitstekend beschermt tegen wrijving en lichte impact.<br data-start=\"1017\" data-end=\"1020\" \/>De vilten ondermouw vormt zich naar je arm en biedt <strong data-start=\"1072\" data-end=\"1101\">comfort zonder drukpunten<\/strong>, ideaal bij langdurig dragen of zware inspanning.<\/p>\n<p data-start=\"1155\" data-end=\"1335\">In tegenstelling tot synthetische materialen voelt vilt warm aan in de kou en koel in de warmte \u2014 een natuurlijke balans die zorgt voor optimaal draagcomfort in elke omstandigheid.<\/p>\n<h4 data-start=\"1337\" data-end=\"1384\"><strong data-start=\"1341\" data-end=\"1384\">Volledige dekking, optimale bescherming<\/strong><\/h4>\n<p data-start=\"1385\" data-end=\"1569\">De ondermouw bedekt de <strong data-start=\"1408\" data-end=\"1443\">hele arm, van pols tot schouder<\/strong>, en kan zelfstandig worden gedragen of onder een buitenmouw van neopreen of leer.<br data-start=\"1525\" data-end=\"1528\" \/>Het vilt vormt een beschermende laag die:<\/p>\n<ul data-start=\"1570\" data-end=\"1694\">\n<li data-start=\"1570\" data-end=\"1603\">\n<p data-start=\"1572\" data-end=\"1603\">Schuren en irritatie voorkomt<\/p>\n<\/li>\n<li data-start=\"1604\" data-end=\"1644\">\n<p data-start=\"1606\" data-end=\"1644\">De huid beschermt tegen kou en vocht<\/p>\n<\/li>\n<li data-start=\"1645\" data-end=\"1694\">\n<p data-start=\"1647\" data-end=\"1694\">Extra demping biedt bij intensieve bewegingen<\/p>\n<\/li>\n<\/ul>\n<p data-start=\"1696\" data-end=\"1776\">Zo blijft je arm goed beschermd, terwijl je volledige bewegingsvrijheid behoudt.<\/p>\n<h4 data-start=\"1778\" data-end=\"1812\"><strong data-start=\"1782\" data-end=\"1812\">Vakmanschap van K9 Factory<\/strong><\/h4>\n<p data-start=\"1813\" data-end=\"2121\">Elke vilten ondermouw wordt met zorg vervaardigd volgens de <strong data-start=\"1873\" data-end=\"1911\">kwaliteitsstandaard van K9 Factory<\/strong>: duurzaam, functioneel en getest in de praktijk.<br data-start=\"1960\" data-end=\"1963\" \/>Het resultaat is een betrouwbare beschermer die niet alleen goed presteert, maar ook lang meegaat \u2013 zelfs bij dagelijks gebruik in veeleisende omstandigheden.<\/p>\n<p data-start=\"1813\" data-end=\"2121\"><img loading=\"lazy\" decoding=\"async\" class=\"alignnone\" title=\"K9 FACTORY Ondermouw vilt, hele arm\" src=\"https:\/\/dogpride.nl\/wp-content\/uploads\/20000040011undersleeves-felt-padded-complete-arm-1000x1000-3-150x150.jpg\" alt=\"K9 FACTORY Ondermouw vilt, hele arm\" width=\"150\" height=\"150\" \/><\/p>\n<h4 data-start=\"2123\" data-end=\"2166\"><strong data-start=\"2127\" data-end=\"2166\">Voor wie is deze ondermouw bedoeld?<\/strong><\/h4>\n<ul>\n<li data-start=\"2169\" data-end=\"2264\"><strong data-start=\"2169\" data-end=\"2215\">Professionele hondentrainers en pakwerkers<\/strong> die langdurig met beschermingsmateriaal werken<\/li>\n<li data-start=\"2267\" data-end=\"2336\"><strong data-start=\"2267\" data-end=\"2297\">Ambachtslieden en technici<\/strong> die natuurlijke materialen waarderen<\/li>\n<li data-start=\"2339\" data-end=\"2409\"><strong data-start=\"2339\" data-end=\"2407\">Iedereen die comfort, duurzaamheid en bescherming wil combineren<\/strong><\/li>\n<\/ul>\n<p data-start=\"2411\" data-end=\"2635\">Der <strong>K9 FACTORY Ondermouw vilt, hele arm<\/strong>\u00a0is de perfecte keuze voor wie gelooft in natuurlijke bescherming met professionele kwaliteit.<br data-start=\"2552\" data-end=\"2555\" \/>Sterk, stil en betrouwbaar \u2013 precies wat je nodig hebt wanneer het erop aankomt.<\/p>\n<p data-start=\"2411\" data-end=\"2635\"><img loading=\"lazy\" decoding=\"async\" class=\"alignnone\" title=\"K9 FACTORY Ondermouw vilt, hele arm\" src=\"https:\/\/dogpride.nl\/wp-content\/uploads\/Logo-K9Factory-1.png\" alt=\"K9 FACTORY Ondermouw vilt, hele arm\" width=\"208\" height=\"125\" \/><\/p>","protected":false},"excerpt":{"rendered":"<p><strong>K9 FACTORY Ondermouw vilt, hele arm<\/strong>. Ondermouwen voor de hele arm. Gevoerd met vilt. Zorgen voor extra bescherming onder het bijtpak.<\/p>","protected":false},"featured_media":22362,"template":"","meta":[],"product_brand":[],"product_cat":[10308],"product_tag":[13510,13507,13509,13506,13502,13512,13511,13504,13514,13503,13513,13505,13515,13508],"class_list":{"0":"post-18589","1":"product","2":"type-product","3":"status-publish","4":"has-post-thumbnail","6":"product_cat-k9-factory-helpersbescherming","7":"product_tag-beschermmouw-hond","8":"product_tag-bijtwerk-ondermouw","9":"product_tag-hondensport-pakwerk","10":"product_tag-igp-ondermouw","11":"product_tag-k9-factory-ondermouw","12":"product_tag-k9-factory-training-materiaal","13":"product_tag-onderarm-mouw-hond","14":"product_tag-ondermouw-hele-arm","15":"product_tag-ondermouw-jute-mouw","16":"product_tag-ondermouw-vilt","17":"product_tag-pakwerker-bescherming","18":"product_tag-pakwerkmouw-hond","19":"product_tag-politiehond-training-mouw","20":"product_tag-vilt-ondermouw-hond","21":"product_shipping_class-vast-tarief-eu-overig","23":"first","24":"instock","25":"taxable","26":"shipping-taxable","27":"purchasable","28":"product-type-simple"},"mb":[],"mfb_rest_fields":["title"],"_links":{"self":[{"href":"https:\/\/dogpride.nl\/de\/wp-json\/wp\/v2\/product\/18589","targetHints":{"allow":["GET"]}}],"collection":[{"href":"https:\/\/dogpride.nl\/de\/wp-json\/wp\/v2\/product"}],"about":[{"href":"https:\/\/dogpride.nl\/de\/wp-json\/wp\/v2\/types\/product"}],"wp:featuredmedia":[{"embeddable":true,"href":"https:\/\/dogpride.nl\/de\/wp-json\/wp\/v2\/media\/22362"}],"wp:attachment":[{"href":"https:\/\/dogpride.nl\/de\/wp-json\/wp\/v2\/media?parent=18589"}],"wp:term":[{"taxonomy":"product_brand","embeddable":true,"href":"https:\/\/dogpride.nl\/de\/wp-json\/wp\/v2\/product_brand?post=18589"},{"taxonomy":"product_cat","embeddable":true,"href":"https:\/\/dogpride.nl\/de\/wp-json\/wp\/v2\/product_cat?post=18589"},{"taxonomy":"product_tag","embeddable":true,"href":"https:\/\/dogpride.nl\/de\/wp-json\/wp\/v2\/product_tag?post=18589"}],"curies":[{"name":"wp","href":"https:\/\/api.w.org\/{rel}","templated":true}]}}