{"id":18468,"date":"2020-10-27T15:48:38","date_gmt":"2020-10-27T14:48:38","guid":{"rendered":"https:\/\/dogpride1.wpengine.com\/product\/garmin-universele-usb-voeding-2\/"},"modified":"2025-08-19T20:33:13","modified_gmt":"2025-08-19T18:33:13","slug":"garmin-universele-usb-voeding-2","status":"publish","type":"product","link":"https:\/\/dogpride.nl\/de\/garmin-universele-usb-voeding-2\/","title":{"rendered":"Universelles USB-Netzteil von Garmin"},"content":{"rendered":"<h4>Universelles USB-Netzteil von Garmin<\/h4>\n<p>Universelles USB-Netzteil von Garmin<\/p>\n<p>Dieses Kit enth\u00e4lt 1 Mikrokabel und 1 Minikabel, damit Sie kompatible Ger\u00e4te aufladen oder mit Strom versorgen k\u00f6nnen.<br \/>\nSchlie\u00dfen Sie das entsprechende Kabel an das Ger\u00e4t und dann an das Netzteil an, um das Ger\u00e4t mit Strom zu versorgen, oder schlie\u00dfen Sie es zur Daten\u00fcbertragung an einen Computer an.<\/p>\n<p>Inclusief adapterstekkers voor Groot-Brittanni\u00eb, Noord-Ierland en Europa.<\/p>","protected":false},"excerpt":{"rendered":"<p>Universelles USB-Netzteil von Garmin. Dieses Kit enth\u00e4lt 1 Mikrokabel und 1 Minikabel, damit Sie kompatible Ger\u00e4te aufladen oder mit Strom versorgen k\u00f6nnen.<\/p>","protected":false},"featured_media":43962,"template":"","meta":[],"product_brand":[],"product_cat":[938],"product_tag":[],"class_list":{"0":"post-18468","1":"product","2":"type-product","3":"status-publish","4":"has-post-thumbnail","6":"product_cat-gps-systemen","8":"first","9":"instock","10":"taxable","11":"shipping-taxable","12":"purchasable","13":"product-type-simple"},"mb":[],"mfb_rest_fields":["title"],"_links":{"self":[{"href":"https:\/\/dogpride.nl\/de\/wp-json\/wp\/v2\/product\/18468","targetHints":{"allow":["GET"]}}],"collection":[{"href":"https:\/\/dogpride.nl\/de\/wp-json\/wp\/v2\/product"}],"about":[{"href":"https:\/\/dogpride.nl\/de\/wp-json\/wp\/v2\/types\/product"}],"wp:featuredmedia":[{"embeddable":true,"href":"https:\/\/dogpride.nl\/de\/wp-json\/wp\/v2\/media\/43962"}],"wp:attachment":[{"href":"https:\/\/dogpride.nl\/de\/wp-json\/wp\/v2\/media?parent=18468"}],"wp:term":[{"taxonomy":"product_brand","embeddable":true,"href":"https:\/\/dogpride.nl\/de\/wp-json\/wp\/v2\/product_brand?post=18468"},{"taxonomy":"product_cat","embeddable":true,"href":"https:\/\/dogpride.nl\/de\/wp-json\/wp\/v2\/product_cat?post=18468"},{"taxonomy":"product_tag","embeddable":true,"href":"https:\/\/dogpride.nl\/de\/wp-json\/wp\/v2\/product_tag?post=18468"}],"curies":[{"name":"wp","href":"https:\/\/api.w.org\/{rel}","templated":true}]}}