{"id":18261,"date":"2020-10-19T16:33:57","date_gmt":"2020-10-19T14:33:57","guid":{"rendered":"https:\/\/dogpride1.wpengine.com\/product\/sporthund-q-box-2\/"},"modified":"2025-11-08T10:15:06","modified_gmt":"2025-11-08T09:15:06","slug":"sporthund-q-box-2","status":"publish","type":"product","link":"https:\/\/dogpride.nl\/de\/sporthund-q-box-2\/","title":{"rendered":"Sporthund Q-Box"},"content":{"rendered":"<h4>Sporthund Q-Box<\/h4>\n<p>Sporthund Q-Box<\/p>\n<p>Die Sporthund Q-Box ist leicht, sicher, g\u00fcnstig und tragbar.<br \/>\nDas sind die Hauptvorteile der Q-Box.<br \/>\nIm Gegensatz zu anderen Technikboxen basiert die Q-Box auf dem cleveren \u201eQuadro-System\u201c \u2013 als auf Sicherheit ausgelegtes Kinder-Kletterspielzeug.<\/p>\n<p>Die Q-Box wird kompakt in Einzelteilen geliefert. Der Aufbau mit der beiliegenden Montageanleitung ist im wahrsten Sinne des Wortes ein Kinderspiel.<br \/>\nDas Quadro-System ist f\u00fcr den Innen- und Au\u00dfenbereich konzipiert. Das Material ist witterungsbest\u00e4ndig. Wird die Q-Box nicht ben\u00f6tigt, l\u00e4sst sie sich mit wenigen Handgriffen demontieren.<\/p>\n<p>Mit dem Quadro-System lassen sich komplette Kinderspielwelten bauen. Die Anforderungen an Stabilit\u00e4t und Schutz vor Verletzungen sind bei solchen Produkten nat\u00fcrlich besonders hoch. Davon profitiert auch unsere Q-Box.<\/p>\n<p>Der Napf hat keine scharfen oder spitzen Kanten, die den Hund verletzen k\u00f6nnten. Trotz der einfachen Montage ist es besonders robust. Durch den modularen Aufbau sind zuk\u00fcnftige Erweiterungen denkbar.<\/p>\n<h5>Anwendungsbereiche:<\/h5>\n<ul>\n<li>f\u00fcr technische \u00dcbungen: Sitz-Sitz-Steh<\/li>\n<li>f\u00fcr Apportier\u00fcbungen<\/li>\n<li>Ideal f\u00fcr die optimale Bellposition in der Gehrung.<\/li>\n<\/ul>\n<h5>Fakten:<\/h5>\n<ul>\n<li>Lieferung zerlegt im Karton<\/li>\n<li>Einfache Montage<\/li>\n<li>Die Installationsanleitung wird mit Installationsschl\u00fcssel und Quadro-Stecker geliefert<\/li>\n<\/ul>\n<p>Au\u00dfenma\u00dfe: 85 x 45 x 45 cm<\/p>\n<p>Innenma\u00dfe (Grundfl\u00e4che f\u00fcr den Hund) 80x35cm,<\/p>\n<p>Gewicht 3,66 kg,<\/p>\n<p>Farbe: blau \/ schwarz<\/p>\n<p><a href=\"https:\/\/www.sporthund.de\/?srsltid=AfmBOorKTVdQf0o_x2KfiKeDIAsDTdss-vKyrUfcVkvLbN150LSuAhDr\" target=\"_blank\" rel=\"noopener\"><img loading=\"lazy\" decoding=\"async\" class=\"alignnone wp-image-71248 size-full\" src=\"https:\/\/dogpride.nl\/wp-content\/uploads\/Logo-Sporthund-2.jpg\" alt=\"\" width=\"300\" height=\"88\" srcset=\"https:\/\/dogpride.nl\/wp-content\/uploads\/Logo-Sporthund-2.jpg 300w, https:\/\/dogpride.nl\/wp-content\/uploads\/Logo-Sporthund-2-250x73.jpg 250w, https:\/\/dogpride.nl\/wp-content\/uploads\/Logo-Sporthund-2-200x59.jpg 200w\" sizes=\"auto, (max-width: 300px) 100vw, 300px\" \/><\/a><\/p>\n<p><a href=\"https:\/\/dogpride.nl\/de\/gehoorzaamheid\/hondensport-benodigdheden\/\"><img loading=\"lazy\" decoding=\"async\" class=\"alignnone\" title=\"Sporthund Q-Box\" src=\"https:\/\/dogpride.nl\/wp-content\/uploads\/sporthund-q-box3-150x150.jpg\" alt=\"Sporthund Q-Box\" width=\"150\" height=\"150\" \/><\/a><\/p>","protected":false},"excerpt":{"rendered":"<p>Der Napf hat keine scharfen oder spitzen Kanten, die den Hund verletzen k\u00f6nnten. Trotz der einfachen Montage ist es besonders robust. Durch den modularen Aufbau sind zuk\u00fcnftige Erweiterungen denkbar.<\/p>","protected":false},"featured_media":62105,"template":"","meta":[],"product_brand":[],"product_cat":[12612],"product_tag":[],"class_list":{"0":"post-18261","1":"product","2":"type-product","3":"status-publish","4":"has-post-thumbnail","6":"product_cat-hondensport-benodigdheden","8":"first","9":"instock","10":"taxable","11":"shipping-taxable","12":"purchasable","13":"product-type-simple"},"mb":[],"mfb_rest_fields":["title"],"_links":{"self":[{"href":"https:\/\/dogpride.nl\/de\/wp-json\/wp\/v2\/product\/18261","targetHints":{"allow":["GET"]}}],"collection":[{"href":"https:\/\/dogpride.nl\/de\/wp-json\/wp\/v2\/product"}],"about":[{"href":"https:\/\/dogpride.nl\/de\/wp-json\/wp\/v2\/types\/product"}],"wp:featuredmedia":[{"embeddable":true,"href":"https:\/\/dogpride.nl\/de\/wp-json\/wp\/v2\/media\/62105"}],"wp:attachment":[{"href":"https:\/\/dogpride.nl\/de\/wp-json\/wp\/v2\/media?parent=18261"}],"wp:term":[{"taxonomy":"product_brand","embeddable":true,"href":"https:\/\/dogpride.nl\/de\/wp-json\/wp\/v2\/product_brand?post=18261"},{"taxonomy":"product_cat","embeddable":true,"href":"https:\/\/dogpride.nl\/de\/wp-json\/wp\/v2\/product_cat?post=18261"},{"taxonomy":"product_tag","embeddable":true,"href":"https:\/\/dogpride.nl\/de\/wp-json\/wp\/v2\/product_tag?post=18261"}],"curies":[{"name":"wp","href":"https:\/\/api.w.org\/{rel}","templated":true}]}}