{"id":18046,"date":"2020-10-08T13:48:32","date_gmt":"2020-10-08T11:48:32","guid":{"rendered":"https:\/\/dogpride1.wpengine.com\/product\/pinewood-trainingsvest-dog-sports-2-0-suede-bruin-heren-2\/"},"modified":"2025-11-16T08:50:30","modified_gmt":"2025-11-16T07:50:30","slug":"pinewood-trainingsvest-dog-sports-2-0-heren-2","status":"publish","type":"product","link":"https:\/\/dogpride.nl\/de\/pinewood-trainingsvest-dog-sports-2-0-heren-2\/","title":{"rendered":"Pinewood Trainingsweste DOG SPORTS 2.0 Herren"},"content":{"rendered":"<h4>Pinewood Trainingsweste DOG SPORTS 2.0 Herren<\/h4>\n<div id=\"article-description\">\n<p>Pinewood Trainingsweste DOG SPORTS 2.0 Herren. Hochwertige funktionelle, leichte Weste, perfekt f\u00fcr alle, die ein aktives Leben im Freien mit Hunden oder Hundesportaktivit\u00e4ten, Training und Wettk\u00e4mpfen genie\u00dfen.<\/p>\n<p>Diese Hundesportweste verf\u00fcgt \u00fcber viele funktionelle Taschen. Mesh, das sehr gut bel\u00fcftet und zus\u00e4tzlichen Komfort bietet. Verklebte N\u00e4hte. Verstellbare Taille und Saum. Reflektierende Elemente. Hergestellt aus dem strapazierf\u00e4higen TC-Lite-Gewebe von Pinewood.<\/p>\n<p>Voorzakken aan beide zijden met magneetsluitingen en D-ring. Mogelijkheid om de klep van de voorzakken binnen in deze zakken vast te maken zodat je eenvoudig en snel toegang hebt tot de inhoud van deze zak. Handzakken en dubbele borstzakken.<br \/>\nTwee makkelijk te bereiken binnenzakken, \u00e9\u00e9n hiervan is voorzien van een rubberen opening voor hondenpoepzakjes. Borstzakjes voor clicker, fluitje en pen.<\/p>\n<h5>Ger\u00e4umige Ges\u00e4\u00dftasche, einfach mit Magneten und Druckkn\u00f6pfen verstellbar, sowie 2 kleinere Taschen auf der R\u00fcckseite der Ges\u00e4\u00dftasche, die beispielsweise f\u00fcr Wasserflaschen geeignet sind.<\/h5>\n<p>Die Hundesportkollektion von Pinewood wurde von unserem Designteam in Zusammenarbeit mit aktiven Hundeleuten entwickelt, die Hunde auf professionellem Niveau trainieren und mit ihnen konkurrieren.<\/p>\n<p>Verbessert: Die Pinewood Trainingsweste DOG SPORTS 2.0 Wildleder braun Herrenweste wurde mit reflektierenden Elementen, Magnetverschluss und intelligenten Multifunktionstaschen verbessert.<\/p>\n<ul>\n<li>Leicht<\/li>\n<li>Brusttaschen mit Rei\u00dfverschluss<\/li>\n<li>Taschen f\u00fcr Clicker oder Pfeife<\/li>\n<li>Ger\u00e4umige Vordertaschen mit Magnetverschluss und D-Ring<\/li>\n<li>Zus\u00e4tzlicher D-Ring<\/li>\n<li>Offene Eingrifftaschen<\/li>\n<li>3 leicht zug\u00e4ngliche Innentaschen<\/li>\n<li>Innenbeutel mit Gummi\u00f6ffnung f\u00fcr Hundekotbeutel<\/li>\n<li>Gro\u00dfe Ges\u00e4\u00dftasche \u2013 gr\u00f6\u00dfenverstellbar mit Kn\u00f6pfen<\/li>\n<li>Zwei kleinere R\u00fcckentaschen zum Beispiel f\u00fcr Wasserflaschen.<\/li>\n<li>Verstellbarer Bund und Saum mit Kordel<\/li>\n<li>Reflektierende Details f\u00fcr zus\u00e4tzliche Sicherheit<\/li>\n<li>Umweltfreundliche Behandlung: Bionic Finish\u00ae Eco Organic Fluorcarbon (PFC)-freie Impr\u00e4gnierung \u2013 f\u00fcr zus\u00e4tzliche wasser- und schmutzabweisende Eigenschaften.<\/li>\n<\/ul>\n<p>Material: 100% Polyamid. Futter 100% Polyester.<br \/>\nFutter 2: 100% Polyamid.<br \/>\nGewicht: 850 Gramm (Gr\u00f6\u00dfe L)<br \/>\nPassform: Allgemeine Passform<br \/>\nAktivit\u00e4t: Hundesport<\/p>\n<p><strong>Erh\u00e4ltlich in den Farben:<\/strong><\/p>\n<ul>\n<li>Moosgr\u00fcn (135)<\/li>\n<li>Wildlederbraun\/ D. Oliv (244)<\/li>\n<li>Schwarz\/ D. Anthrazit (407)<\/li>\n<\/ul>\n<p>Maten: S-5XL<\/p>\n<\/div>\n<div id=\"article-water-resp\"><strong>Wassers\u00e4ule :<\/strong>\u00a0&gt;12.000 mm<br \/>\n<strong>Atmungsaktiv:<\/strong>\u00a014.000 g\/m\u00b2<sup>2<\/sup>\/24h<\/div>\n<h4>Gr\u00f6\u00dfentabelle:<\/h4>\n<div><\/div>\n<div><img loading=\"lazy\" decoding=\"async\" class=\"alignnone wp-image-69339 size-large\" src=\"https:\/\/www.dogpride.nl\/wp-content\/uploads\/size-guide-spring-summer-2019-en-1-659x1024.png\" alt=\"\" width=\"659\" height=\"1024\" srcset=\"https:\/\/dogpride.nl\/wp-content\/uploads\/size-guide-spring-summer-2019-en-1-659x1024.png 659w, https:\/\/dogpride.nl\/wp-content\/uploads\/size-guide-spring-summer-2019-en-1-250x389.png 250w, https:\/\/dogpride.nl\/wp-content\/uploads\/size-guide-spring-summer-2019-en-1-400x622.png 400w, https:\/\/dogpride.nl\/wp-content\/uploads\/size-guide-spring-summer-2019-en-1-193x300.png 193w, https:\/\/dogpride.nl\/wp-content\/uploads\/size-guide-spring-summer-2019-en-1-768x1194.png 768w, https:\/\/dogpride.nl\/wp-content\/uploads\/size-guide-spring-summer-2019-en-1-988x1536.png 988w, https:\/\/dogpride.nl\/wp-content\/uploads\/size-guide-spring-summer-2019-en-1-1317x2048.png 1317w, https:\/\/dogpride.nl\/wp-content\/uploads\/size-guide-spring-summer-2019-en-1-200x311.png 200w, https:\/\/dogpride.nl\/wp-content\/uploads\/size-guide-spring-summer-2019-en-1-600x933.png 600w, https:\/\/dogpride.nl\/wp-content\/uploads\/size-guide-spring-summer-2019-en-1-800x1244.png 800w, https:\/\/dogpride.nl\/wp-content\/uploads\/size-guide-spring-summer-2019-en-1-1200x1866.png 1200w, https:\/\/dogpride.nl\/wp-content\/uploads\/size-guide-spring-summer-2019-en-1.png 1559w\" sizes=\"auto, (max-width: 659px) 100vw, 659px\" \/><\/div>\n<div><\/div>\n<div><a href=\"https:\/\/pinewood.eu\/en-eu\" target=\"_blank\" rel=\"noopener\"><img loading=\"lazy\" decoding=\"async\" class=\"alignnone wp-image-142865 size-full\" title=\"PINEWOOD Dog Sports Utility Belt\" src=\"https:\/\/dogpride.nl\/wp-content\/uploads\/Pinewood-2.jpg\" alt=\"PINEWOOD Dog Sports Utility Belt\" width=\"191\" height=\"50\" srcset=\"https:\/\/dogpride.nl\/wp-content\/uploads\/Pinewood-2.jpg 191w, https:\/\/dogpride.nl\/wp-content\/uploads\/Pinewood-2-18x5.jpg 18w\" sizes=\"auto, (max-width: 191px) 100vw, 191px\" \/><\/a><\/div>\n<div><a href=\"https:\/\/dogpride.nl\/de\/\"><img loading=\"lazy\" decoding=\"async\" class=\"alignnone\" title=\"Pinewood Trainingsweste DOG SPORTS 2.0 Herren\" src=\"https:\/\/dogpride.nl\/wp-content\/uploads\/5184-407-01_Pinewood_Vest-Dog-Sports-2-0_Black-Dark-Anthracite-150x150.webp\" alt=\"Pinewood trainingsvest DOG SPORTS 2.0 Heren\" width=\"150\" height=\"150\" \/><\/a><\/div>","protected":false},"excerpt":{"rendered":"<p>Diese Hundesportweste verf\u00fcgt \u00fcber viele funktionelle Taschen. Mesh, das sehr gut bel\u00fcftet und zus\u00e4tzlichen Komfort bietet. Verklebte N\u00e4hte. Verstellbare Taille und Saum. Reflektierende Elemente. Hergestellt aus dem strapazierf\u00e4higen TC-Lite-Gewebe von Pinewood.<\/p>","protected":false},"featured_media":126591,"template":"","meta":[],"product_brand":[],"product_cat":[3871],"product_tag":[4683,5071,3208,3332,3168,4144,4152],"class_list":{"0":"post-18046","1":"product","2":"type-product","3":"status-publish","4":"has-post-thumbnail","6":"product_cat-pinewood-trainingsvesten","7":"product_tag-2-0","8":"product_tag-dog-sports","9":"product_tag-heren","10":"product_tag-hondensport","11":"product_tag-pinewood","12":"product_tag-trainingsvest","13":"product_tag-vest","15":"first","16":"instock","17":"taxable","18":"shipping-taxable","19":"purchasable","20":"product-type-variable"},"mb":[],"mfb_rest_fields":["title"],"_links":{"self":[{"href":"https:\/\/dogpride.nl\/de\/wp-json\/wp\/v2\/product\/18046","targetHints":{"allow":["GET"]}}],"collection":[{"href":"https:\/\/dogpride.nl\/de\/wp-json\/wp\/v2\/product"}],"about":[{"href":"https:\/\/dogpride.nl\/de\/wp-json\/wp\/v2\/types\/product"}],"wp:featuredmedia":[{"embeddable":true,"href":"https:\/\/dogpride.nl\/de\/wp-json\/wp\/v2\/media\/126591"}],"wp:attachment":[{"href":"https:\/\/dogpride.nl\/de\/wp-json\/wp\/v2\/media?parent=18046"}],"wp:term":[{"taxonomy":"product_brand","embeddable":true,"href":"https:\/\/dogpride.nl\/de\/wp-json\/wp\/v2\/product_brand?post=18046"},{"taxonomy":"product_cat","embeddable":true,"href":"https:\/\/dogpride.nl\/de\/wp-json\/wp\/v2\/product_cat?post=18046"},{"taxonomy":"product_tag","embeddable":true,"href":"https:\/\/dogpride.nl\/de\/wp-json\/wp\/v2\/product_tag?post=18046"}],"curies":[{"name":"wp","href":"https:\/\/api.w.org\/{rel}","templated":true}]}}