{"id":17914,"date":"2020-10-07T12:49:48","date_gmt":"2020-10-07T10:49:48","guid":{"rendered":"https:\/\/dogpride1.wpengine.com\/product\/pinewood-trainings-jas-dames-2-0-plum-2\/"},"modified":"2025-11-02T10:18:45","modified_gmt":"2025-11-02T09:18:45","slug":"pinewood-trainingsjas-2-0-dames-2","status":"publish","type":"product","link":"https:\/\/dogpride.nl\/de\/pinewood-trainingsjas-2-0-dames-2\/","title":{"rendered":"Pinewood Trainingsjacke 2.0 Damen"},"content":{"rendered":"<h4>Pinewood Trainingsjacke 2.0 Damen<\/h4>\n<p>Pinewood Trainingsjacke 2.0 Damen<\/p>\n<div id=\"article-description\">\n<div class=\"CMS-Component CMS-ArticleField CMS-ArticleField-art_desc2 description-p StreamlineCmsSection-node SimpleStyles-16154730227316512-Wrapper description-p StreamlineCmsSection-node\" data-style-attr=\"Wrapper\" data-id=\"16154730227316512\">\n<div class=\"SimpleStyles-16154730227316512-Field Preset-Primary-Font-Family Preset-Primary-Color Preset-Primary-Text\" data-style-attr=\"Field\">\n<p>Wind- und wasserdichte Jacke in verbesserter Version \u2013 Perfekt f\u00fcr den Hundesportler und f\u00fcr alle, die ein aktives Leben mit Hunden f\u00fchren.<\/p>\n<p>Deze Pinewood TrainingsJas 2.0 Dames met tweeweg-ritssluiting en magneetsluiting heeft veel functionele zakken voor benodigdheden bij de hondentraining.<br \/>\nRuime voorzakken aan beide zijden, met magneetsluiting en D-ring, waar de klep van de zakken met klittenband in de zak kan worden vastgezet.<br \/>\nHoge steekzakken om de handen warm te houden, dubbele borstzakken en drie makkelijk te bereiken binnenzakken, waarvan \u00e9\u00e9n speciaal is ontworpen voor het opbergen van hondenpoepzakjes.<\/p>\n<h4>Ger\u00e4umige R\u00fcckentasche f\u00fcr Schnuller, gr\u00f6\u00dfenverstellbar durch Magnetverschl\u00fcsse und Druckkn\u00f6pfe.<\/h4>\n<p>An der Au\u00dfenseite dieser Ges\u00e4\u00dftasche befinden sich zwei kleinere Taschen, eine auf jeder Seite, geeignet zum Beispiel f\u00fcr Wasserflaschen.<\/p>\n<p>Vrouwelijke snit. Verstelbaar aan de onderzijde. Manchetten verstelbaar d.m.v. klittenband. Gevoerd met ventilerend gaas voor extra comfort. Getapete naden.<br \/>\nVerstelbare en afneembare capuchon met versterkte klep voor extra bescherming tegen regen.<br \/>\nDe achterzak is d.m.v een rits aan de onderkant te openen zodat er eenvoudig logo&#8217;s of namen op geprint of geborduurd kunnen worden.<\/p>\n<p>Die Hundesportkollektion von Pinewood wurde von unserem schwedischen Designteam in Zusammenarbeit mit aktiven Experten entwickelt, die ihre Hunde professionell trainieren und mit ihnen konkurrieren.<\/p>\n<h4>Deze verbeterde versie Pinewood TrainingsJas 2.0 Dames heeft o.a. de volgende aanpassingen gehad: reflecterende elementen, magneetsluitingen, en nog slimmere technische zakken.<\/h4>\n<ul>\n<li>Wind- und wasserdicht mit versiegelten N\u00e4hten<\/li>\n<li>Zwei-Wege-Rei\u00dfverschluss mit Magnetverschluss an der Rei\u00dfverschlussklappe<\/li>\n<li>Abnehmbare und verstellbare Kapuze mit verst\u00e4rktem Schirm<\/li>\n<li>Kragen mit weicher Fleece-Innenseite<\/li>\n<li>Brusttaschen mit Rei\u00dfverschluss<\/li>\n<li>Ger\u00e4umige Vordertaschen mit Magnetverschluss und D-Ring<\/li>\n<li>Offene Seitentaschen<\/li>\n<li>Drei leicht zug\u00e4ngliche Innentaschen<\/li>\n<li>Innenbeutel mit Gummi\u00f6ffnung f\u00fcr Hundekotbeutel<\/li>\n<li>Gro\u00dfe verstellbare R\u00fcckentasche f\u00fcr Schnuller<\/li>\n<li>Zwei kleinere R\u00fcckentaschen zum Beispiel f\u00fcr Wasserflaschen<\/li>\n<li>Femininer Schnitt<\/li>\n<li>Verstellbarer Boden mit Kordelzug<\/li>\n<li>Reflektierende Elemente f\u00fcr zus\u00e4tzliche Sicherheit<\/li>\n<li>Verstellbare B\u00fcndchen mit Klettverschluss<\/li>\n<li>Umweltfreundliche Behandlung: Bionic Finish\u00ae Eco Organic Fluorocarbon PFC-freie Impr\u00e4gnierung f\u00fcr zus\u00e4tzliche wasser- und schmutzabweisende Eigenschaften.<\/li>\n<\/ul>\n<p>Material: 100% Polyamid<br \/>\nFutter: 100% Polyester<br \/>\nFutter 2: 100% Polyamid.<br \/>\nGewicht: 900 Gramm (Gr\u00f6\u00dfe 38)<br \/>\nPassform: Normale Passform, femininer Schnitt<br \/>\nAktivit\u00e4t: Hundesport<\/p>\n<h4>Erh\u00e4ltlich in den Farben:<\/h4>\n<ul>\n<li>153 MossGreen\/Black<\/li>\n<li>407 Black\/D.Anthracite<\/li>\n<li>582 Plum\/D.Anthracite<\/li>\n<li>817 EarthPlum\/D.Anthraci<\/li>\n<\/ul>\n<\/div>\n<\/div>\n<div class=\"CMS-Component CMS-Component-Container Preset-Container-Max-Width Preset-Container-Margin SimpleStyles-16351639809038748-Container StreamlineCmsSection-node\" data-id=\"16351639809038748\">\n<div class=\"CMS-Component CMS-ArticleField CMS-ArticleField-propertykey_value StreamlineCmsSection-node StreamlineCmsSection-node\" data-style-attr=\"Wrapper\" data-id=\"16351639809045624\">\n<div class=\"Preset-Primary-Font-Family Preset-Primary-Color SimpleStyles-16351639809045624-Field\" data-style-attr=\"Field\"><strong>Wassers\u00e4ulen:<\/strong>\u00a0&gt;12.000 mm<\/div>\n<\/div>\n<div class=\"CMS-Component CMS-ArticleField CMS-ArticleField-propertykey_value StreamlineCmsSection-node SimpleStyles-16351639809059876-Wrapper StreamlineCmsSection-node\" data-style-attr=\"Wrapper\" data-id=\"16351639809059876\">\n<div class=\"Preset-Primary-Font-Family Preset-Primary-Color SimpleStyles-16351639809059876-Field\" data-style-attr=\"Field\"><strong>Atmen:<\/strong>\u00a014.000 g\/m\u00b2<sup>2<\/sup>\/24h<\/div>\n<\/div>\n<\/div>\n<\/div>\n<h4><strong>Gr\u00f6\u00dfentabelle:<\/strong><\/h4>\n<div><\/div>\n<div><img loading=\"lazy\" decoding=\"async\" class=\"alignnone wp-image-69418 size-large\" src=\"https:\/\/www.dogpride.nl\/wp-content\/uploads\/size-guide-spring-summer-2019-en-1-1-659x1024.png\" alt=\"\" width=\"659\" height=\"1024\" srcset=\"https:\/\/dogpride.nl\/wp-content\/uploads\/size-guide-spring-summer-2019-en-1-1-659x1024.png 659w, https:\/\/dogpride.nl\/wp-content\/uploads\/size-guide-spring-summer-2019-en-1-1-250x389.png 250w, https:\/\/dogpride.nl\/wp-content\/uploads\/size-guide-spring-summer-2019-en-1-1-400x622.png 400w, https:\/\/dogpride.nl\/wp-content\/uploads\/size-guide-spring-summer-2019-en-1-1-193x300.png 193w, https:\/\/dogpride.nl\/wp-content\/uploads\/size-guide-spring-summer-2019-en-1-1-768x1194.png 768w, https:\/\/dogpride.nl\/wp-content\/uploads\/size-guide-spring-summer-2019-en-1-1-988x1536.png 988w, https:\/\/dogpride.nl\/wp-content\/uploads\/size-guide-spring-summer-2019-en-1-1-1317x2048.png 1317w, https:\/\/dogpride.nl\/wp-content\/uploads\/size-guide-spring-summer-2019-en-1-1-200x311.png 200w, https:\/\/dogpride.nl\/wp-content\/uploads\/size-guide-spring-summer-2019-en-1-1-600x933.png 600w, https:\/\/dogpride.nl\/wp-content\/uploads\/size-guide-spring-summer-2019-en-1-1-800x1244.png 800w, https:\/\/dogpride.nl\/wp-content\/uploads\/size-guide-spring-summer-2019-en-1-1-1200x1866.png 1200w, https:\/\/dogpride.nl\/wp-content\/uploads\/size-guide-spring-summer-2019-en-1-1.png 1559w\" sizes=\"auto, (max-width: 659px) 100vw, 659px\" \/><\/div>\n<div><a href=\"https:\/\/pinewood.eu\/en-eu\" target=\"_blank\" rel=\"noopener\"><img loading=\"lazy\" decoding=\"async\" class=\"alignnone wp-image-139633 size-full\" src=\"https:\/\/dogpride.nl\/wp-content\/uploads\/Pinewood-1.jpg\" alt=\"Logo Pinewood\" width=\"191\" height=\"50\" srcset=\"https:\/\/dogpride.nl\/wp-content\/uploads\/Pinewood-1.jpg 191w, https:\/\/dogpride.nl\/wp-content\/uploads\/Pinewood-1-18x5.jpg 18w\" sizes=\"auto, (max-width: 191px) 100vw, 191px\" \/><\/a><\/div>\n<div><a href=\"https:\/\/dogpride.nl\/de\/kleding\/jassen\/pinewood-jassen\/\"><img loading=\"lazy\" decoding=\"async\" class=\"alignnone\" title=\"Pinewood Trainingsjacke 2.0 Damen\" src=\"https:\/\/dogpride.nl\/wp-content\/uploads\/3183-153-60_Pinewood-150x150.webp\" alt=\"Pinewood TrainingsJas 2.0 Dames\" width=\"150\" height=\"150\" \/><\/a><\/div>","protected":false},"excerpt":{"rendered":"<p>Deze Pinewood TrainingsJas 2.0 Dames met tweeweg-ritssluiting en magneetsluiting heeft veel functionele zakken voor benodigdheden bij de hondentraining. Ruime voorzakken aan beide zijden, met magneetsluiting en D-ring.<\/p>","protected":false},"featured_media":101042,"template":"","meta":[],"product_brand":[],"product_cat":[3854],"product_tag":[4683,4768,3199,3168,4811,4812,5072],"class_list":{"0":"post-17914","1":"product","2":"type-product","3":"status-publish","4":"has-post-thumbnail","6":"product_cat-pinewood-jassen","7":"product_tag-2-0","8":"product_tag-dames","9":"product_tag-hondensportjas","10":"product_tag-pinewood","11":"product_tag-plum","12":"product_tag-pruim","13":"product_tag-trainingsjas","15":"first","16":"instock","17":"sale","18":"taxable","19":"shipping-taxable","20":"purchasable","21":"product-type-variable"},"mb":[],"mfb_rest_fields":["title"],"_links":{"self":[{"href":"https:\/\/dogpride.nl\/de\/wp-json\/wp\/v2\/product\/17914","targetHints":{"allow":["GET"]}}],"collection":[{"href":"https:\/\/dogpride.nl\/de\/wp-json\/wp\/v2\/product"}],"about":[{"href":"https:\/\/dogpride.nl\/de\/wp-json\/wp\/v2\/types\/product"}],"wp:featuredmedia":[{"embeddable":true,"href":"https:\/\/dogpride.nl\/de\/wp-json\/wp\/v2\/media\/101042"}],"wp:attachment":[{"href":"https:\/\/dogpride.nl\/de\/wp-json\/wp\/v2\/media?parent=17914"}],"wp:term":[{"taxonomy":"product_brand","embeddable":true,"href":"https:\/\/dogpride.nl\/de\/wp-json\/wp\/v2\/product_brand?post=17914"},{"taxonomy":"product_cat","embeddable":true,"href":"https:\/\/dogpride.nl\/de\/wp-json\/wp\/v2\/product_cat?post=17914"},{"taxonomy":"product_tag","embeddable":true,"href":"https:\/\/dogpride.nl\/de\/wp-json\/wp\/v2\/product_tag?post=17914"}],"curies":[{"name":"wp","href":"https:\/\/api.w.org\/{rel}","templated":true}]}}