{"id":17878,"date":"2020-10-02T12:27:26","date_gmt":"2020-10-02T10:27:26","guid":{"rendered":"https:\/\/dogpride1.wpengine.com\/product\/hst-harnas-voor-trekking-canicross-2\/"},"modified":"2026-03-19T12:49:22","modified_gmt":"2026-03-19T11:49:22","slug":"hst-harnas-voor-trekking-canicross-2","status":"publish","type":"product","link":"https:\/\/dogpride.nl\/de\/hst-harnas-voor-trekking-canicross-2\/","title":{"rendered":"HST-Geschirr f\u00fcr TREKKING \/ CANICROSS"},"content":{"rendered":"<h4>HST-Geschirr f\u00fcr TREKKING \/ CANICROSS<\/h4>\n<p>HST-Geschirr f\u00fcr TREKKING \/ CANICROSS<\/p>\n<p>Synthetisches Geschirr f\u00fcr den Hundef\u00fchrer, basierend auf einer stabilen Leine mit reflektierenden TREKKINKG \/ CANICROSS-Aufschriften.<br \/>\nDer G\u00fcrtel verf\u00fcgt \u00fcber eine Dreizackschnalle \u00fcber einem festen Gummiband, das die Schnalle an den K\u00f6rper zieht. Auch danach kommt der Appetit des Hundes.<\/p>\n<p><a href=\"https:\/\/dogpride.nl\/de\/\"><img loading=\"lazy\" decoding=\"async\" class=\"alignnone\" title=\"HST-Geschirr f\u00fcr TREKKING \/ CANICROSS\" src=\"https:\/\/dogpride.nl\/wp-content\/uploads\/harnas-voor-trekking-canicross.png\" alt=\"HST Harnas voor TREKKING \/ CANICROSS\" width=\"77\" height=\"115\" \/><\/a><\/p>\n<p>Die F\u00fcllung besteht aus modernem, voll atmungsaktivem, luftigem Material.<\/p>\n<p>Het HST Harnas voor TREKKING \/ CANICROSS is uitgerust met een massieve bevestiging om aan te trekken. Een veiligheidskarabijnhaak, een halve ring voor het bevestigen van kleinere dingen (sleutels, &#8230;).<br \/>\nUnd vor allem 8 Matrizen f\u00fcr die unteren gepolsterten Hosentr\u00e4ger, die es erm\u00f6glichen, die Hosentr\u00e4ger im R\u00fccken entsprechend der Gr\u00f6\u00dfe der Figur zu verschieben.<br \/>\nDas macht unser Geschirr einzigartig! Au\u00dferdem gibt es Halbringe zur Befestigung eines Rucksacks und eine ger\u00e4umige Tasche mit dem Hubble-Logo.<\/p>\n<p>Die Zug\u00fcbertragung auf den Expander erfolgt durch ein PPV-Seil mit einem Kerndurchmesser von 6 mm.<\/p>\n<p><a href=\"https:\/\/www.licg.nl\/honden\/\" target=\"_blank\" rel=\"noopener\"><img loading=\"lazy\" decoding=\"async\" class=\"alignnone\" src=\"https:\/\/dogpride.nl\/wp-content\/uploads\/harnas-voor-trekking-canicross.png\" alt=\"\" width=\"77\" height=\"115\" \/><\/a><\/p>\n<p>Unser Original-Geschirr zusammen mit unserem Original-Flexible-Variable-Shock-Absorber-Expander vermittelt Ihnen ein v\u00f6llig neues Gef\u00fchl beim Training mit Ihrem Vierbeiner.<\/p>\n<ul>\n<li>Bestellen Sie den variablen Sto\u00dfd\u00e4mpferexpander, Artikelnummer VO42, separat<\/li>\n<\/ul>\n<p><img loading=\"lazy\" decoding=\"async\" class=\"alignnone wp-image-71199 size-full\" src=\"https:\/\/www.dogpride.nl\/wp-content\/uploads\/hst-1.png\" alt=\"HST\" width=\"161\" height=\"36\" \/><\/p>","protected":false},"excerpt":{"rendered":"<p>Unser Original-Geschirr zusammen mit unserem Original-Flexible-Variable-Shock-Absorber-Expander vermittelt Ihnen ein v\u00f6llig neues Gef\u00fchl beim Training mit Ihrem Vierbeiner.<\/p>","protected":false},"featured_media":60615,"template":"","meta":[],"product_brand":[],"product_cat":[2814],"product_tag":[4106,4606,4694,8244],"class_list":{"0":"post-17878","1":"product","2":"type-product","3":"status-publish","4":"has-post-thumbnail","6":"product_cat-hondenharnassen","7":"product_tag-canicross","8":"product_tag-harnas","9":"product_tag-hst","10":"product_tag-trekking","12":"first","13":"instock","14":"taxable","15":"shipping-taxable","16":"purchasable","17":"product-type-simple"},"mb":[],"mfb_rest_fields":["title"],"_links":{"self":[{"href":"https:\/\/dogpride.nl\/de\/wp-json\/wp\/v2\/product\/17878","targetHints":{"allow":["GET"]}}],"collection":[{"href":"https:\/\/dogpride.nl\/de\/wp-json\/wp\/v2\/product"}],"about":[{"href":"https:\/\/dogpride.nl\/de\/wp-json\/wp\/v2\/types\/product"}],"wp:featuredmedia":[{"embeddable":true,"href":"https:\/\/dogpride.nl\/de\/wp-json\/wp\/v2\/media\/60615"}],"wp:attachment":[{"href":"https:\/\/dogpride.nl\/de\/wp-json\/wp\/v2\/media?parent=17878"}],"wp:term":[{"taxonomy":"product_brand","embeddable":true,"href":"https:\/\/dogpride.nl\/de\/wp-json\/wp\/v2\/product_brand?post=17878"},{"taxonomy":"product_cat","embeddable":true,"href":"https:\/\/dogpride.nl\/de\/wp-json\/wp\/v2\/product_cat?post=17878"},{"taxonomy":"product_tag","embeddable":true,"href":"https:\/\/dogpride.nl\/de\/wp-json\/wp\/v2\/product_tag?post=17878"}],"curies":[{"name":"wp","href":"https:\/\/api.w.org\/{rel}","templated":true}]}}