{"id":17750,"date":"2020-09-28T14:41:41","date_gmt":"2020-09-28T12:41:41","guid":{"rendered":"https:\/\/dogpride1.wpengine.com\/product\/hybrid-pants-men-red-2\/"},"modified":"2026-02-19T13:16:12","modified_gmt":"2026-02-19T12:16:12","slug":"arrak-hybrid-pants-men-red","status":"publish","type":"product","link":"https:\/\/dogpride.nl\/de\/arrak-hybrid-pants-men-red\/","title":{"rendered":"Arrak Hybrid Hose Herren Rot"},"content":{"rendered":"<h4>Arrak Hybrid Hose Herren Rot<\/h4>\n<p>Arrak Hybrid Hose Herren Rot<\/p>\n<p>Die Arrak Hybrid Pants Men Red ist eine robuste Outdoor-Hose mit kleinen Extra-Details. Regul\u00e4re Passform f\u00fcr beste Bewegungsfreiheit f\u00fcr ein aktives Outdoor-Leben.<\/p>\n<p>Die Hose besteht aus flexiblem Stretchmaterial f\u00fcr beste Passform und hat einen elastischen Bund. Die verst\u00e4rkten Eins\u00e4tze bestehen aus strapazierf\u00e4higem Polyester-\/Baumwollmaterial. Die Hose ist DWR-behandelt, kann aber auch problemlos impr\u00e4gniert werden, um N\u00e4sse zu widerstehen.<\/p>\n<ul>\n<li>Offene Seitentaschen oben.<\/li>\n<li>D-Ring<\/li>\n<li>Gro\u00dfz\u00fcgige Oberschenkeltaschen, wobei die rechte Oberschenkeltasche \u00fcber 2 Rei\u00dfverschlusstaschen verf\u00fcgt.<\/li>\n<li>In der rechten Oberschenkeltasche befindet sich au\u00dferdem eine Tasche f\u00fcr Ihr Mobiltelefon.<\/li>\n<li>Bel\u00fcftungsrei\u00dfverschl\u00fcsse an der Seite.<\/li>\n<li>Knietaschen f\u00fcr Platz mit Knieschutz.<\/li>\n<li>Rei\u00dfverschl\u00fcsse an der Unterseite der Hosenbeine erleichtern den Einstieg in die Stiefel und k\u00f6nnen auch als Bel\u00fcftung genutzt werden.<\/li>\n<li>Verst\u00e4rkung an der Innenseite der Beine.<\/li>\n<li>Verstellbarer Beinverschluss mit Druckkn\u00f6pfen und Haken zum Einh\u00e4ngen in den Schuhriemen, um das Hosenbein fest am Stiefel zu halten.<\/li>\n<\/ul>\n<p>Gr\u00f6\u00dfentabelle:<\/p>\n<p><img loading=\"lazy\" decoding=\"async\" class=\"alignnone wp-image-69331 size-full\" src=\"https:\/\/www.dogpride.nl\/wp-content\/uploads\/Maattabel-AO-New-pants-men-9.jpg\" alt=\"\" width=\"644\" height=\"853\" srcset=\"https:\/\/dogpride.nl\/wp-content\/uploads\/Maattabel-AO-New-pants-men-9.jpg 644w, https:\/\/dogpride.nl\/wp-content\/uploads\/Maattabel-AO-New-pants-men-9-250x331.jpg 250w, https:\/\/dogpride.nl\/wp-content\/uploads\/Maattabel-AO-New-pants-men-9-400x530.jpg 400w, https:\/\/dogpride.nl\/wp-content\/uploads\/Maattabel-AO-New-pants-men-9-226x300.jpg 226w, https:\/\/dogpride.nl\/wp-content\/uploads\/Maattabel-AO-New-pants-men-9-200x265.jpg 200w, https:\/\/dogpride.nl\/wp-content\/uploads\/Maattabel-AO-New-pants-men-9-600x795.jpg 600w\" sizes=\"auto, (max-width: 644px) 100vw, 644px\" \/><\/p>\n<p><a href=\"https:\/\/arrakoutdoor.com\/\" target=\"_blank\" rel=\"noopener\"><img loading=\"lazy\" decoding=\"async\" class=\"alignnone wp-image-139301 size-medium\" src=\"https:\/\/dogpride.nl\/wp-content\/uploads\/Arrak-300x118.jpeg\" alt=\"Logo\" width=\"300\" height=\"118\" srcset=\"https:\/\/dogpride.nl\/wp-content\/uploads\/Arrak-300x118.jpeg 300w, https:\/\/dogpride.nl\/wp-content\/uploads\/Arrak-768x303.jpeg 768w, https:\/\/dogpride.nl\/wp-content\/uploads\/Arrak-18x7.jpeg 18w, https:\/\/dogpride.nl\/wp-content\/uploads\/Arrak-250x99.jpeg 250w, https:\/\/dogpride.nl\/wp-content\/uploads\/Arrak-400x158.jpeg 400w, https:\/\/dogpride.nl\/wp-content\/uploads\/Arrak.jpeg 916w\" sizes=\"auto, (max-width: 300px) 100vw, 300px\" \/><\/a><\/p>\n<p><a href=\"https:\/\/dogpride.nl\/de\/kleding\/broeken\/arrak-outdoor-broeken\/?product-page=4\"><img loading=\"lazy\" decoding=\"async\" class=\"alignnone\" title=\"Arrak Hybrid Hose Herren Rot\" src=\"https:\/\/dogpride.nl\/wp-content\/uploads\/hybrid-pants-men-red2-150x150.jpg\" alt=\"Arrak Hybrid Pants Men Red\" width=\"150\" height=\"150\" \/><\/a><\/p>","protected":false},"excerpt":{"rendered":"<p>Hybrid Pants Men Red von Arrak ist eine robuste Outdoor-Hose mit kleinen Extra-Details. Regul\u00e4re Passform f\u00fcr beste Bewegungsfreiheit f\u00fcr ein aktives Outdoor-Leben.<\/p>","protected":false},"featured_media":29434,"template":"","meta":[],"product_brand":[],"product_cat":[24458],"product_tag":[],"class_list":{"0":"post-17750","1":"product","2":"type-product","3":"status-publish","4":"has-post-thumbnail","6":"product_cat-arrak-outdoor-heren-broeken","8":"first","9":"instock","10":"taxable","11":"shipping-taxable","12":"purchasable","13":"product-type-variable"},"mb":[],"mfb_rest_fields":["title"],"_links":{"self":[{"href":"https:\/\/dogpride.nl\/de\/wp-json\/wp\/v2\/product\/17750","targetHints":{"allow":["GET"]}}],"collection":[{"href":"https:\/\/dogpride.nl\/de\/wp-json\/wp\/v2\/product"}],"about":[{"href":"https:\/\/dogpride.nl\/de\/wp-json\/wp\/v2\/types\/product"}],"wp:featuredmedia":[{"embeddable":true,"href":"https:\/\/dogpride.nl\/de\/wp-json\/wp\/v2\/media\/29434"}],"wp:attachment":[{"href":"https:\/\/dogpride.nl\/de\/wp-json\/wp\/v2\/media?parent=17750"}],"wp:term":[{"taxonomy":"product_brand","embeddable":true,"href":"https:\/\/dogpride.nl\/de\/wp-json\/wp\/v2\/product_brand?post=17750"},{"taxonomy":"product_cat","embeddable":true,"href":"https:\/\/dogpride.nl\/de\/wp-json\/wp\/v2\/product_cat?post=17750"},{"taxonomy":"product_tag","embeddable":true,"href":"https:\/\/dogpride.nl\/de\/wp-json\/wp\/v2\/product_tag?post=17750"}],"curies":[{"name":"wp","href":"https:\/\/api.w.org\/{rel}","templated":true}]}}