{"id":17188,"date":"2020-06-24T13:03:04","date_gmt":"2020-06-24T11:03:04","guid":{"rendered":"https:\/\/dogpride1.wpengine.com\/product\/mooffz-jump-fun-set-3\/"},"modified":"2025-11-15T11:43:24","modified_gmt":"2025-11-15T10:43:24","slug":"mooffz-jump-fun-set-3","status":"publish","type":"product","link":"https:\/\/dogpride.nl\/de\/mooffz-jump-fun-set-3\/","title":{"rendered":"Mooffz Jump &amp; Fun-Set"},"content":{"rendered":"<h4>Mooffz Jump &amp; Fun-Set<\/h4>\n<div>Mooffz Jump &amp; Fun-Set. Geh springen und hab Spa\u00df! Dieses multifunktionale Basisset bietet M\u00f6glichkeiten f\u00fcr viele verschiedene \u00dcbungen. Leicht und einfach in der dazugeh\u00f6rigen Tasche zu transportieren. Viel Spa\u00df beim \u00dcben, wo immer Sie wollen!<\/div>\n<div><\/div>\n<div>Mit Hilfe der sechs Spielfiguren und drei St\u00f6cke lassen sich drei Spr\u00fcnge machen, die Sie einzeln oder in Reihe verwenden und auf vielf\u00e4ltige Weise platzieren k\u00f6nnen.<\/div>\n<div><a href=\"https:\/\/dogpride.nl\/de\/diverse-hondensporten\/agility-obedience\/?product-page=2\"><img loading=\"lazy\" decoding=\"async\" class=\"alignnone\" title=\"MOOFFZ Jump &amp; Fun set\" src=\"https:\/\/dogpride.nl\/wp-content\/uploads\/Jump-Fun-set-art.-1631-1-150x150.jpg\" alt=\"MOOFFZ Jump &amp; Fun set\" width=\"150\" height=\"150\" \/><\/a><\/div>\n<div><\/div>\n<div>Dieses Agility-Set besteht aus:<\/div>\n<div>\n<ul>\n<li>6 Kegel \u00e0 30 cm (in 3 verschiedenen Farben)<\/li>\n<li>3 St\u00e4bchen \u00e0 80 cm (in 3 verschiedenen Farben)<\/li>\n<li>Ein H\u00fcrdensystem f\u00fcr Spielfiguren 30 cm (2er-Set)<\/li>\n<li>Alles verpackt in einer sch\u00f6nen MOOFFZ-Aufbewahrungstasche<\/li>\n<li>Enth\u00e4lt einen Unterrichtsplan mit Ideen f\u00fcr unterhaltsame \u00dcbungen mit diesem Set (geschrieben von Judith Lissenberg).<\/li>\n<\/ul>\n<div>\n<div>Die fr\u00f6hlichen Farben k\u00f6nnen je nach Set variieren.<\/div>\n<div><a href=\"https:\/\/www.bol.com\/nl\/nl\/b\/mooffz\/16537942\/\" target=\"_blank\" rel=\"noopener\"><img loading=\"lazy\" decoding=\"async\" class=\"alignnone\" title=\"MOOFFZ Jump &amp; Fun set\" src=\"https:\/\/dogpride.nl\/wp-content\/uploads\/Jump-Fun-set-art.-1631-1-150x150.jpg\" alt=\"MOOFFZ Jump &amp; Fun set\" width=\"150\" height=\"150\" \/><\/a><\/div>\n<\/div>\n<\/div>","protected":false},"excerpt":{"rendered":"<div>\n<p>Mooffz Jump &amp; Fun Set. Deze multifunctionele basisset biedt mogelijkheden voor heel veel verschillende oefeningen. Lichtgewicht en makkelijk mee te nemen in de bijbehorende tas. Lekker even oefenen, waar je maar wilt!<\/p>\n<\/div>\n<div><\/div>","protected":false},"featured_media":17189,"template":"","meta":[],"product_brand":[],"product_cat":[2956],"product_tag":[],"class_list":{"0":"post-17188","1":"product","2":"type-product","3":"status-publish","4":"has-post-thumbnail","6":"product_cat-agility-behendigheid","8":"first","9":"instock","10":"taxable","11":"shipping-taxable","12":"purchasable","13":"product-type-simple"},"mb":[],"mfb_rest_fields":["title"],"_links":{"self":[{"href":"https:\/\/dogpride.nl\/de\/wp-json\/wp\/v2\/product\/17188","targetHints":{"allow":["GET"]}}],"collection":[{"href":"https:\/\/dogpride.nl\/de\/wp-json\/wp\/v2\/product"}],"about":[{"href":"https:\/\/dogpride.nl\/de\/wp-json\/wp\/v2\/types\/product"}],"wp:featuredmedia":[{"embeddable":true,"href":"https:\/\/dogpride.nl\/de\/wp-json\/wp\/v2\/media\/17189"}],"wp:attachment":[{"href":"https:\/\/dogpride.nl\/de\/wp-json\/wp\/v2\/media?parent=17188"}],"wp:term":[{"taxonomy":"product_brand","embeddable":true,"href":"https:\/\/dogpride.nl\/de\/wp-json\/wp\/v2\/product_brand?post=17188"},{"taxonomy":"product_cat","embeddable":true,"href":"https:\/\/dogpride.nl\/de\/wp-json\/wp\/v2\/product_cat?post=17188"},{"taxonomy":"product_tag","embeddable":true,"href":"https:\/\/dogpride.nl\/de\/wp-json\/wp\/v2\/product_tag?post=17188"}],"curies":[{"name":"wp","href":"https:\/\/api.w.org\/{rel}","templated":true}]}}