{"id":17146,"date":"2020-06-22T12:48:14","date_gmt":"2020-06-22T10:48:14","guid":{"rendered":"https:\/\/dogpride1.wpengine.com\/product\/kong-handipod-launch-werpstok-met-poepzakhouder-3\/"},"modified":"2026-01-29T12:39:16","modified_gmt":"2026-01-29T11:39:16","slug":"kong-handipod-launch-werpstok-met-poepzakhouder-3","status":"publish","type":"product","link":"https:\/\/dogpride.nl\/de\/kong-handipod-launch-werpstok-met-poepzakhouder-3\/","title":{"rendered":"KONG Handipod Launch Wurfstock mit Kotbeutelhalter"},"content":{"rendered":"<h4>KONG Handipod Launch Wurfstock mit Kotbeutelhalter<\/h4>\n<p>KONG Handipod Launch Wurfstock mit Kotbeutelhalter<\/p>\n<p>Der KONG Handipod Launch Wurfstock mit Kotbeutelhalter ist ein funktioneller Wurfstock f\u00fcr Tennisb\u00e4lle f\u00fcr Hunde. Au\u00dferdem verf\u00fcgt er \u00fcber einen integrierten Platz f\u00fcr Kotbeutel im Griff.<br \/>\nSpiel und Praktikabilit\u00e4t in einem, daf\u00fcr sorgt dieser handliche KONG-Wurfstock!<br \/>\nMit diesem robusten Wurfstock k\u00f6nnen Sie Tennisb\u00e4lle ganz einfach in der Handhabung werfen, so weit Sie wollen, aber das ist noch nicht alles: Der Wurfstock ist auch mit einem integrierten Kotbeutelhalter ausgestattet.<br \/>\nUnter dem Griff finden Sie eine Halterung f\u00fcr alle g\u00e4ngigen Kotbeutelgr\u00f6\u00dfen.<\/p>\n<p><a href=\"https:\/\/dogpride.nl\/de\/\"><img loading=\"lazy\" decoding=\"async\" class=\"alignnone\" title=\"KONG Handipod Launch Wurfstock mit Kotbeutelhalter\" src=\"https:\/\/dogpride.nl\/wp-content\/uploads\/396621.jpg\" alt=\"KONG Handipod Launch Werpstok Met Poepzakhouder\" width=\"195\" height=\"130\" \/><\/a><\/p>\n<p>Durch die seitliche \u00d6ffnung k\u00f6nnen Sie die Beutel ganz einfach abrei\u00dfen, ohne die Rolle aus der Halterung nehmen zu m\u00fcssen.<br \/>\nSo ist die Mitnahme von Kotbeutelhalter und Wurfstock nicht mehr n\u00f6tig und Sie haben immer alles griffbereit!<br \/>\nF\u00fcr mehr Komfort ist der Wurfstock au\u00dferdem mit einem ergonomischen Griff mit Gummierung ausgestattet. Hergestellt in den coolen KONG-Farben Schwarz und Rot.<br \/>\nDas Paket enth\u00e4lt eine Rolle mit 30 Beuteln und einen Original-KONG-Tennisball.<\/p>\n<p>Multifunktionaler Wurfstock, mit integriertem Kotbeutelhalter<\/p>\n<ul>\n<li>Kotbeutel lassen sich leicht abrei\u00dfen<\/li>\n<li>Mit ergonomischem Komfortgriff<\/li>\n<li>Mit einer Taschenrolle und einem KONG-Tennisball<\/li>\n<li>In coolen KONG-Farben<\/li>\n<\/ul>\n<p>Gr\u00f6\u00dfe: 69 x 10,5 x 7,5 cm<\/p>\n<p><a href=\"https:\/\/www.kongcompany.com\/\" target=\"_blank\" rel=\"noopener\"><img loading=\"lazy\" decoding=\"async\" class=\"alignnone wp-image-71733 size-full\" src=\"https:\/\/dogpride.nl\/wp-content\/uploads\/kong_solid_logo_red-thumb-1.jpg\" alt=\"logo\" width=\"150\" height=\"150\" srcset=\"https:\/\/dogpride.nl\/wp-content\/uploads\/kong_solid_logo_red-thumb-1.jpg 150w, https:\/\/dogpride.nl\/wp-content\/uploads\/kong_solid_logo_red-thumb-1-100x100.jpg 100w, https:\/\/dogpride.nl\/wp-content\/uploads\/kong_solid_logo_red-thumb-1-66x66.jpg 66w\" sizes=\"auto, (max-width: 150px) 100vw, 150px\" \/><\/a><\/p>\n<p><a href=\"https:\/\/dogpride.nl\/de\/speelgoed\/ballen-apporteren\/\"><img loading=\"lazy\" decoding=\"async\" class=\"alignnone\" title=\"KONG Handipod Launch Wurfstock mit Kotbeutelhalter\" src=\"https:\/\/dogpride.nl\/wp-content\/uploads\/396621-1-150x150.jpg\" alt=\"KONG Handipod Launch Werpstok Met Poepzakhouder\" width=\"150\" height=\"150\" \/><\/a><\/p>","protected":false},"excerpt":{"rendered":"<p>KONG Handipod Launch Werpstok Met Poepzakhouder Deze stoere werpstok is makkelijk te hanteren om tennisballen zo ver te gooien als je wilt, maar dat is niet het enige: ook is de werpstok voorzien van een ge\u00efntegreerde houder voor poepzakjes.<\/p>","protected":false},"featured_media":90259,"template":"","meta":[],"product_brand":[],"product_cat":[22512],"product_tag":[7298,21844,21843],"class_list":{"0":"post-17146","1":"product","2":"type-product","3":"status-publish","4":"has-post-thumbnail","6":"product_cat-kong-speelgoed","7":"product_tag-kong","8":"product_tag-poepzakhouder","9":"product_tag-werpstok","11":"first","12":"instock","13":"taxable","14":"shipping-taxable","15":"purchasable","16":"product-type-simple"},"mb":[],"mfb_rest_fields":["title"],"_links":{"self":[{"href":"https:\/\/dogpride.nl\/de\/wp-json\/wp\/v2\/product\/17146","targetHints":{"allow":["GET"]}}],"collection":[{"href":"https:\/\/dogpride.nl\/de\/wp-json\/wp\/v2\/product"}],"about":[{"href":"https:\/\/dogpride.nl\/de\/wp-json\/wp\/v2\/types\/product"}],"wp:featuredmedia":[{"embeddable":true,"href":"https:\/\/dogpride.nl\/de\/wp-json\/wp\/v2\/media\/90259"}],"wp:attachment":[{"href":"https:\/\/dogpride.nl\/de\/wp-json\/wp\/v2\/media?parent=17146"}],"wp:term":[{"taxonomy":"product_brand","embeddable":true,"href":"https:\/\/dogpride.nl\/de\/wp-json\/wp\/v2\/product_brand?post=17146"},{"taxonomy":"product_cat","embeddable":true,"href":"https:\/\/dogpride.nl\/de\/wp-json\/wp\/v2\/product_cat?post=17146"},{"taxonomy":"product_tag","embeddable":true,"href":"https:\/\/dogpride.nl\/de\/wp-json\/wp\/v2\/product_tag?post=17146"}],"curies":[{"name":"wp","href":"https:\/\/api.w.org\/{rel}","templated":true}]}}