{"id":17132,"date":"2020-06-15T14:29:03","date_gmt":"2020-06-15T12:29:03","guid":{"rendered":"https:\/\/dogpride1.wpengine.com\/product\/d4m-dogsportvest-season-2\/"},"modified":"2025-11-16T09:45:29","modified_gmt":"2025-11-16T08:45:29","slug":"dogs4me-dogsportvest-season","status":"publish","type":"product","link":"https:\/\/dogpride.nl\/de\/dogs4me-dogsportvest-season\/","title":{"rendered":"DOGS4ME Hundesportweste Saison"},"content":{"rendered":"<h4>DOGS4ME Hundesportweste Saison<\/h4>\n<p>DOGS4ME Hundesportweste Saison<\/p>\n<p>Au\u00dfenmaterial 100% Polyamid \u2013 luftiger als klassische Westen mit Gummibeschichtung.<br \/>\nDer Cardigan ist das ganze Jahr \u00fcber perfekt tragbar \u2013 besonders an hei\u00dfen Tagen spielt er seine St\u00e4rken aus.<br \/>\nSie k\u00f6nnen sich auch f\u00fcr eine Variante ohne Netz entscheiden \u2013 eine klassische funktionelle Hundeweste<br \/>\nDas Material hat keine Unterlage auf der Unterseite + die Seitenteile bestehen aus hochwertigem (sehr widerstandsf\u00e4higem) Mesh \u2013<br \/>\nDie Weste ist an den Seiten angenehm luftig, kombiniert mit einem atmungsaktiveren Material. Das Obermaterial beh\u00e4lt weiterhin seine Festigkeit und einfache Pflege.<br \/>\nFutter 100% PES \u2013 nicht gef\u00fcttert in der Bel\u00fcftungszone.<br \/>\nGer\u00e4umige Taschen hinten<br \/>\nRing an der Vorderseite zum Befestigen eines G\u00fcrtels<br \/>\nOben 2 abgedeckte Rei\u00dfverschlusstaschen<br \/>\nYKK-Rei\u00dfverschluss<br \/>\nMit D4M-Logo vorne und Bein hinten<\/p>\n<p>Erh\u00e4ltlich in drei Farben. Grau, Gr\u00fcn und Pink<\/p>\n<p>Unisex-Modell<\/p>\n<p><strong>Diese Weste verf\u00fcgt standardm\u00e4\u00dfig \u00fcber einen normalen Rei\u00dfverschluss. Die Lieferzeit f\u00fcr eine Strickjacke mit Zwei-Wege-Rei\u00dfverschluss betr\u00e4gt \u00b1 2-3 Wochen.<\/strong><\/p>\n<p><strong>Gr\u00f6\u00dfentabelle:<\/strong><\/p>\n<p><img loading=\"lazy\" decoding=\"async\" class=\"alignnone wp-image-70275 size-full\" src=\"https:\/\/www.dogpride.nl\/wp-content\/uploads\/Maattabel-SEASON.png\" alt=\"\" width=\"597\" height=\"313\" srcset=\"https:\/\/dogpride.nl\/wp-content\/uploads\/Maattabel-SEASON.png 597w, https:\/\/dogpride.nl\/wp-content\/uploads\/Maattabel-SEASON-250x131.png 250w, https:\/\/dogpride.nl\/wp-content\/uploads\/Maattabel-SEASON-400x210.png 400w, https:\/\/dogpride.nl\/wp-content\/uploads\/Maattabel-SEASON-300x157.png 300w, https:\/\/dogpride.nl\/wp-content\/uploads\/Maattabel-SEASON-200x105.png 200w\" sizes=\"auto, (max-width: 597px) 100vw, 597px\" \/><\/p>\n<p><a href=\"https:\/\/dogpride.nl\/de\/kleding\/trainingsvesten\/dogs4me-trainingsvesten\/\"><img loading=\"lazy\" decoding=\"async\" class=\"alignnone\" title=\"DOGS4ME Hundesportweste Saison\" src=\"https:\/\/dogpride.nl\/wp-content\/uploads\/dogsport-vest-season-5.jpg\" alt=\"DOGS4ME Dogsportvest Season\" width=\"241\" height=\"287\" \/><\/a><\/p>\n<p><a href=\"https:\/\/d4m.eu\/en\/\" target=\"_blank\" rel=\"noopener\"><img loading=\"lazy\" decoding=\"async\" class=\"alignnone wp-image-142870 size-medium\" src=\"https:\/\/dogpride.nl\/wp-content\/uploads\/Logo-Dogs4me-2-300x188.jpg\" alt=\"Logo\" width=\"300\" height=\"188\" srcset=\"https:\/\/dogpride.nl\/wp-content\/uploads\/Logo-Dogs4me-2-300x188.jpg 300w, https:\/\/dogpride.nl\/wp-content\/uploads\/Logo-Dogs4me-2-1024x640.jpg 1024w, https:\/\/dogpride.nl\/wp-content\/uploads\/Logo-Dogs4me-2-768x480.jpg 768w, https:\/\/dogpride.nl\/wp-content\/uploads\/Logo-Dogs4me-2-1536x960.jpg 1536w, https:\/\/dogpride.nl\/wp-content\/uploads\/Logo-Dogs4me-2-18x12.jpg 18w, https:\/\/dogpride.nl\/wp-content\/uploads\/Logo-Dogs4me-2-250x156.jpg 250w, https:\/\/dogpride.nl\/wp-content\/uploads\/Logo-Dogs4me-2-400x250.jpg 400w, https:\/\/dogpride.nl\/wp-content\/uploads\/Logo-Dogs4me-2.jpg 1680w\" sizes=\"auto, (max-width: 300px) 100vw, 300px\" \/><\/a><\/p>","protected":false},"excerpt":{"rendered":"<p>D4M Dogsport Weste Saison. Der Cardigan ist das ganze Jahr \u00fcber perfekt tragbar \u2013 besonders an hei\u00dfen Tagen spielt er seine St\u00e4rken aus.<\/p>","protected":false},"featured_media":28069,"template":"","meta":[],"product_brand":[],"product_cat":[3872],"product_tag":[],"class_list":{"0":"post-17132","1":"product","2":"type-product","3":"status-publish","4":"has-post-thumbnail","6":"product_cat-dogs4me-trainingsvesten","8":"first","9":"instock","10":"taxable","11":"shipping-taxable","12":"purchasable","13":"product-type-variable"},"mb":[],"mfb_rest_fields":["title"],"_links":{"self":[{"href":"https:\/\/dogpride.nl\/de\/wp-json\/wp\/v2\/product\/17132","targetHints":{"allow":["GET"]}}],"collection":[{"href":"https:\/\/dogpride.nl\/de\/wp-json\/wp\/v2\/product"}],"about":[{"href":"https:\/\/dogpride.nl\/de\/wp-json\/wp\/v2\/types\/product"}],"wp:featuredmedia":[{"embeddable":true,"href":"https:\/\/dogpride.nl\/de\/wp-json\/wp\/v2\/media\/28069"}],"wp:attachment":[{"href":"https:\/\/dogpride.nl\/de\/wp-json\/wp\/v2\/media?parent=17132"}],"wp:term":[{"taxonomy":"product_brand","embeddable":true,"href":"https:\/\/dogpride.nl\/de\/wp-json\/wp\/v2\/product_brand?post=17132"},{"taxonomy":"product_cat","embeddable":true,"href":"https:\/\/dogpride.nl\/de\/wp-json\/wp\/v2\/product_cat?post=17132"},{"taxonomy":"product_tag","embeddable":true,"href":"https:\/\/dogpride.nl\/de\/wp-json\/wp\/v2\/product_tag?post=17132"}],"curies":[{"name":"wp","href":"https:\/\/api.w.org\/{rel}","templated":true}]}}