{"id":17130,"date":"2020-06-15T12:47:17","date_gmt":"2020-06-15T10:47:17","guid":{"rendered":"https:\/\/dogpride1.wpengine.com\/product\/nylon-harnas-vero-2-sluitingen-3\/"},"modified":"2025-10-29T17:16:31","modified_gmt":"2025-10-29T16:16:31","slug":"pride-nylon-harnas-vero-2-sluitingen-3","status":"publish","type":"product","link":"https:\/\/dogpride.nl\/de\/pride-nylon-harnas-vero-2-sluitingen-3\/","title":{"rendered":"PRIDE Nylongeschirr VERO 2 Verschl\u00fcsse"},"content":{"rendered":"<h4><span style=\"font-size: 10pt;\">PRIDE Nylongeschirr VERO 2 Verschl\u00fcsse<\/span><\/h4>\n<p>PRIDE Nylongeschirr VERO 2 Verschl\u00fcsse<\/p>\n<p>Im Vergleich zum Geschirr Vero hat das PRIDE Nylon Harness VERO 2 Verschl\u00fcsse eine bessere Form und die M\u00f6glichkeit, die Brustgurte anzupassen und verf\u00fcgt \u00fcber zwei Metallverschl\u00fcsse, sodass Ihr Hund nicht \u201ein das Geschirr steigen\u201c muss.<\/p>\n<p>Professioneel werkharnas, gemakkelijk aan \/ uit door de twee metalen sluitingen. PRIDE Nylon Harnas VERO 2 sluitingen<br \/>\nPRIDE Nylon Harnas VERO 2 sluitingen, van sterk nylon, verstelbaar. Voor alle rassen en leeftijden. Geschikt voor hondenuitlaten, training (Sport, IPO \/ IGP, Mondioring, Real Work) en geleidehonden.<\/p>\n<p>Bestes Hundegeschirr f\u00fcr ALLE Hunderassen.<\/p>\n<p>Dit PRIDE Nylon Harnas VERO 2 sluitingen is gemaakt voor kracht en comfort. Het hondentrainingsharnas is vakkundig gemaakt om maximale duurzaamheid te bieden.<\/p>\n<p>Die pr\u00e4zise gestaltete Brustplatte ist mit starkem Nylon gef\u00fcttert, um Ihrem Hund optimalen Komfort zu bieten und die St\u00f6\u00dfe eines starken Hundes beim Bei\u00dfen zu absorbieren. Unser Aufregungsgeschirr ist so konzipiert, dass der Widerstand auf den Schultern und nicht auf der Kehle liegt. Es erm\u00f6glicht Hunden, zu bellen und ihm zu folgen, w\u00e4hrend sie sich noch festhalten.<\/p>\n<p>Dit PRIDE Nylon Harnas VERO 2 sluitingen is speciaal gebouwd voor de stress van agitatiewerk. Het hondentrainingsharnas is ontworpen voor werkhonden van bijna elke grootte. Het is een verstelbaar harnas.<\/p>\n<p>W\u00e4hlen Sie dieses Hundetrainingsgeschirr mit starkem Griff f\u00fcr mehr Komfort beim Training.<\/p>\n<p><strong>Brustgr\u00f6\u00dfentabelle:<\/strong><\/p>\n<ul>\n<li><i>XS 65cm-75cm\u00a0 <\/i><\/li>\n<li><i>S 75cm-85cm\u00a0 \u00a0<\/i><\/li>\n<li><i>M 78cm-90cm<\/i><\/li>\n<li><i>L 82cm-100cm\u00a0<\/i><\/li>\n<li><i>XL 94cm-110cm\u00a0\u00a0<\/i><\/li>\n<\/ul>\n<p><strong>Zusatzinformation:<\/strong><\/p>\n<p>Modell: H-046S<\/p>\n<p>Material: starkes Nylon<\/p>\n<p>Gr\u00f6\u00dfe: XS-XL<\/p>\n<p>Farbe: komplett schwarz<\/p>\n<p>2 Metallschnallen<\/p>\n<p>* Weitere Farben auf Anfrage erh\u00e4ltlich<\/p>\n<p>&nbsp;<\/p>\n<p><a href=\"https:\/\/dogpride.nl\/de\/lijnen-en-tuigjes-voor-honden\/pride-hondenharnassen\/\"><img loading=\"lazy\" decoding=\"async\" class=\"alignnone wp-image-136372 size-thumbnail\" title=\"PRIDE Nylongeschirr VERO 2 Verschl\u00fcsse\" src=\"https:\/\/dogpride.nl\/wp-content\/uploads\/PRIDE-Nylon-Harnas-VERO-2-sluitingen-150x150.jpg\" alt=\"PRIDE Nylon Harnas VERO 2 sluitingen\" width=\"150\" height=\"150\" srcset=\"https:\/\/dogpride.nl\/wp-content\/uploads\/PRIDE-Nylon-Harnas-VERO-2-sluitingen-150x150.jpg 150w, https:\/\/dogpride.nl\/wp-content\/uploads\/PRIDE-Nylon-Harnas-VERO-2-sluitingen-100x100.jpg 100w\" sizes=\"auto, (max-width: 150px) 100vw, 150px\" \/><\/a><\/p>\n<p><a href=\"https:\/\/www.dogpride.eu\/\" target=\"_blank\" rel=\"noopener\"><img loading=\"lazy\" decoding=\"async\" class=\"alignnone wp-image-71202 size-medium\" src=\"https:\/\/dogpride.nl\/wp-content\/uploads\/Logo-Pride2-2-300x96.png\" alt=\"\" width=\"300\" height=\"96\" srcset=\"https:\/\/dogpride.nl\/wp-content\/uploads\/Logo-Pride2-2-300x96.png 300w, https:\/\/dogpride.nl\/wp-content\/uploads\/Logo-Pride2-2-250x80.png 250w, https:\/\/dogpride.nl\/wp-content\/uploads\/Logo-Pride2-2-200x64.png 200w, https:\/\/dogpride.nl\/wp-content\/uploads\/Logo-Pride2-2.png 327w\" sizes=\"auto, (max-width: 300px) 100vw, 300px\" \/><\/a><\/p>\n<p>&nbsp;<\/p>","protected":false},"excerpt":{"rendered":"<p>Nylongeschirr VERO 2 Verschl\u00fcsse. Geschirr mit Griff, aus starkem Nylon, verstellbar. F\u00fcr alle Rassen und Altersgruppen.<\/p>","protected":false},"featured_media":17131,"template":"","meta":[],"product_brand":[],"product_cat":[1908],"product_tag":[],"class_list":{"0":"post-17130","1":"product","2":"type-product","3":"status-publish","4":"has-post-thumbnail","6":"product_cat-pride-hondenharnassen","8":"first","9":"instock","10":"taxable","11":"shipping-taxable","12":"purchasable","13":"product-type-variable"},"mb":[],"mfb_rest_fields":["title"],"_links":{"self":[{"href":"https:\/\/dogpride.nl\/de\/wp-json\/wp\/v2\/product\/17130","targetHints":{"allow":["GET"]}}],"collection":[{"href":"https:\/\/dogpride.nl\/de\/wp-json\/wp\/v2\/product"}],"about":[{"href":"https:\/\/dogpride.nl\/de\/wp-json\/wp\/v2\/types\/product"}],"wp:featuredmedia":[{"embeddable":true,"href":"https:\/\/dogpride.nl\/de\/wp-json\/wp\/v2\/media\/17131"}],"wp:attachment":[{"href":"https:\/\/dogpride.nl\/de\/wp-json\/wp\/v2\/media?parent=17130"}],"wp:term":[{"taxonomy":"product_brand","embeddable":true,"href":"https:\/\/dogpride.nl\/de\/wp-json\/wp\/v2\/product_brand?post=17130"},{"taxonomy":"product_cat","embeddable":true,"href":"https:\/\/dogpride.nl\/de\/wp-json\/wp\/v2\/product_cat?post=17130"},{"taxonomy":"product_tag","embeddable":true,"href":"https:\/\/dogpride.nl\/de\/wp-json\/wp\/v2\/product_tag?post=17130"}],"curies":[{"name":"wp","href":"https:\/\/api.w.org\/{rel}","templated":true}]}}