{"id":17043,"date":"2020-06-12T09:50:58","date_gmt":"2020-06-12T07:50:58","guid":{"rendered":"https:\/\/dogpride1.wpengine.com\/product\/dogtra-2502tb-2\/"},"modified":"2023-12-13T12:20:07","modified_gmt":"2023-12-13T11:20:07","slug":"dogtra-2502tb-1600m","status":"publish","type":"product","link":"https:\/\/dogpride.nl\/de\/dogtra-2502tb-1600m\/","title":{"rendered":"DOGTRA 2502T&amp;B 1600M"},"content":{"rendered":"<h4>DOGTRA 2502T&amp;B 1600M<\/h4>\n<p>DOGTRA 2502T&amp;B 1600M. Zug-\/Piepton-Kombinationshalsband f\u00fcr 2 Hunde. Wissen, wo sich Ihr Hund befindet, und die Kontrolle haben, damit er zur\u00fcckkommt! Das Auffinden Ihres Hundes und die Kontrolle \u00fcber ihn sind der Schl\u00fcssel zu einem erfolgreichen Tag auf dem Feld.<br \/>\nDas neue Dogtra 2500 T&amp;B bietet dem J\u00e4ger im Freiland ein langlebiges Trainings- und Ortungshalsband in einem.<br \/>\nEs sind sowohl die Merkmale der unterbrochenen als auch der kontinuierlichen Stimulation vorhanden. Die Geh- und Vorw\u00e4rtsfunktion zeigt Ihnen an, ob Ihr Jagdhund jagt oder zeigt. Die abrufbare Ortungsfunktion zeigt die Spur hochaktiver und aufgeregter Hunde in h\u00e4rtester Deckung an<br \/>\nDank der Reichweite von 350 m f\u00fcr die Ortungsfunktion wissen Sie immer, wo sich Ihr Hund befindet, egal ob in schwierigem oder leichtem Gel\u00e4nde.<br \/>\nDas Trainingsgel\u00e4nde hat eine Reichweite von 1600m. Der 2502 ist f\u00fcr 2 Hunde<\/p>","protected":false},"excerpt":{"rendered":"<p>Zug-\/Piepton-Kombinationshalsband f\u00fcr 2 Hunde. Wissen, wo sich Ihr Hund befindet, und die Kontrolle haben, damit er zur\u00fcckkommt! Das Trainingsgel\u00e4nde hat eine Reichweite von 1600m.<\/p>","protected":false},"featured_media":21802,"template":"","meta":[],"product_brand":[],"product_cat":[6674,2642],"product_tag":[],"class_list":{"0":"post-17043","1":"product","2":"type-product","3":"status-publish","4":"has-post-thumbnail","6":"product_cat-k9-trainingsbanden","7":"product_cat-trainingsbanden","8":"product_shipping_class-vast-tarief-eu-overig","10":"first","11":"instock","12":"taxable","13":"shipping-taxable","14":"purchasable","15":"product-type-simple"},"mb":[],"mfb_rest_fields":["title"],"_links":{"self":[{"href":"https:\/\/dogpride.nl\/de\/wp-json\/wp\/v2\/product\/17043","targetHints":{"allow":["GET"]}}],"collection":[{"href":"https:\/\/dogpride.nl\/de\/wp-json\/wp\/v2\/product"}],"about":[{"href":"https:\/\/dogpride.nl\/de\/wp-json\/wp\/v2\/types\/product"}],"wp:featuredmedia":[{"embeddable":true,"href":"https:\/\/dogpride.nl\/de\/wp-json\/wp\/v2\/media\/21802"}],"wp:attachment":[{"href":"https:\/\/dogpride.nl\/de\/wp-json\/wp\/v2\/media?parent=17043"}],"wp:term":[{"taxonomy":"product_brand","embeddable":true,"href":"https:\/\/dogpride.nl\/de\/wp-json\/wp\/v2\/product_brand?post=17043"},{"taxonomy":"product_cat","embeddable":true,"href":"https:\/\/dogpride.nl\/de\/wp-json\/wp\/v2\/product_cat?post=17043"},{"taxonomy":"product_tag","embeddable":true,"href":"https:\/\/dogpride.nl\/de\/wp-json\/wp\/v2\/product_tag?post=17043"}],"curies":[{"name":"wp","href":"https:\/\/api.w.org\/{rel}","templated":true}]}}