{"id":16960,"date":"2020-06-08T15:36:50","date_gmt":"2020-06-08T13:36:50","guid":{"rendered":"https:\/\/dogpride1.wpengine.com\/product\/hybrid-pants-junior-anthracite-3\/"},"modified":"2026-02-19T13:16:35","modified_gmt":"2026-02-19T12:16:35","slug":"arrak-hybrid-pants-junior-anthracite-3","status":"publish","type":"product","link":"https:\/\/dogpride.nl\/de\/arrak-hybrid-pants-junior-anthracite-3\/","title":{"rendered":"Arrak Hybrid Hose Junior Anthrazit"},"content":{"rendered":"<h4>Arrak Hybrid Hose Junior Anthrazit<\/h4>\n<p>Die Arrak Hybrid Pants Junior Anthracite ist eine strapazierf\u00e4hige Hose mit kleinen Extradetails. Regul\u00e4re Passform f\u00fcr beste Bewegungsfreiheit f\u00fcr ein aktives Outdoor-Leben.<\/p>\n<p>Die Hose besteht aus flexiblem Stretchmaterial f\u00fcr beste Passform und hat einen elastischen Bund. Verst\u00e4rkte Eins\u00e4tze aus strapazierf\u00e4higem Polyester\/Baumwollmaterial. Die Hose ist DWR-behandelt, kann aber auch problemlos impr\u00e4gniert werden, um N\u00e4sse zu widerstehen.<\/p>\n<ul>\n<li>Offene Eingrifftaschen oben.<\/li>\n<li>D-Ring. Gro\u00dfz\u00fcgige Oberschenkeltaschen, wobei die rechte Oberschenkeltasche \u00fcber 2 Rei\u00dfverschlusstaschen verf\u00fcgt.<\/li>\n<li>In der rechten Oberschenkeltasche befindet sich au\u00dferdem eine Tasche f\u00fcr Ihr Mobiltelefon.<\/li>\n<li>Bel\u00fcftungsrei\u00dfverschl\u00fcsse an der Seite.<\/li>\n<li>Knietaschen f\u00fcr Platz mit Knieschutz.<\/li>\n<li>Rei\u00dfverschl\u00fcsse an den Hosenbeinen erleichtern das Anziehen der Stiefel und k\u00f6nnen als Bel\u00fcftung genutzt werden.<\/li>\n<li>Verst\u00e4rkung an der Innenseite des Beins.<\/li>\n<\/ul>\n<p>Verstellbarer Beinverschluss mit Druckkn\u00f6pfen und Haken zum Einh\u00e4ngen in den Schuhriemen, um das Hosenbein fest am Stiefel zu halten.<\/p>\n<p>F\u00fcr Jungen und M\u00e4dchen<\/p>\n<p><a href=\"https:\/\/arrakoutdoor.com\/\" target=\"_blank\" rel=\"noopener\"><img loading=\"lazy\" decoding=\"async\" class=\"alignnone wp-image-139301 size-medium\" src=\"https:\/\/dogpride.nl\/wp-content\/uploads\/Arrak-300x118.jpeg\" alt=\"Logo\" width=\"300\" height=\"118\" srcset=\"https:\/\/dogpride.nl\/wp-content\/uploads\/Arrak-300x118.jpeg 300w, https:\/\/dogpride.nl\/wp-content\/uploads\/Arrak-768x303.jpeg 768w, https:\/\/dogpride.nl\/wp-content\/uploads\/Arrak-18x7.jpeg 18w, https:\/\/dogpride.nl\/wp-content\/uploads\/Arrak-250x99.jpeg 250w, https:\/\/dogpride.nl\/wp-content\/uploads\/Arrak-400x158.jpeg 400w, https:\/\/dogpride.nl\/wp-content\/uploads\/Arrak.jpeg 916w\" sizes=\"auto, (max-width: 300px) 100vw, 300px\" \/><\/a><\/p>\n<p>&nbsp;<\/p>\n<p><a href=\"https:\/\/dogpride.nl\/de\/kleding\/broeken\/arrak-outdoor-broeken\/?product-page=4\"><img loading=\"lazy\" decoding=\"async\" class=\"alignnone\" title=\"Arrak Hybrid Hose Junior Anthrazit\" src=\"https:\/\/dogpride.nl\/wp-content\/uploads\/fq9a96411-150x150.jpg\" alt=\"Arrak Hybrid Pants Junior Anthracite\" width=\"150\" height=\"150\" \/><\/a><\/p>","protected":false},"excerpt":{"rendered":"<p>Die Hybridhose Junior Anthracite von Arrak f\u00fcr Kinder ist eine strapazierf\u00e4hige Hose mit kleinen Extradetails. Regul\u00e4re Passform f\u00fcr beste Bewegungsfreiheit f\u00fcr ein aktives Outdoor-Leben.<\/p>","protected":false},"featured_media":27954,"template":"","meta":[],"product_brand":[],"product_cat":[3860,24458],"product_tag":[],"class_list":{"0":"post-16960","1":"product","2":"type-product","3":"status-publish","4":"has-post-thumbnail","6":"product_cat-arrak-outdoor-dames-broeken","7":"product_cat-arrak-outdoor-heren-broeken","9":"first","10":"instock","11":"taxable","12":"shipping-taxable","13":"purchasable","14":"product-type-variable"},"mb":[],"mfb_rest_fields":["title"],"_links":{"self":[{"href":"https:\/\/dogpride.nl\/de\/wp-json\/wp\/v2\/product\/16960","targetHints":{"allow":["GET"]}}],"collection":[{"href":"https:\/\/dogpride.nl\/de\/wp-json\/wp\/v2\/product"}],"about":[{"href":"https:\/\/dogpride.nl\/de\/wp-json\/wp\/v2\/types\/product"}],"wp:featuredmedia":[{"embeddable":true,"href":"https:\/\/dogpride.nl\/de\/wp-json\/wp\/v2\/media\/27954"}],"wp:attachment":[{"href":"https:\/\/dogpride.nl\/de\/wp-json\/wp\/v2\/media?parent=16960"}],"wp:term":[{"taxonomy":"product_brand","embeddable":true,"href":"https:\/\/dogpride.nl\/de\/wp-json\/wp\/v2\/product_brand?post=16960"},{"taxonomy":"product_cat","embeddable":true,"href":"https:\/\/dogpride.nl\/de\/wp-json\/wp\/v2\/product_cat?post=16960"},{"taxonomy":"product_tag","embeddable":true,"href":"https:\/\/dogpride.nl\/de\/wp-json\/wp\/v2\/product_tag?post=16960"}],"curies":[{"name":"wp","href":"https:\/\/api.w.org\/{rel}","templated":true}]}}