{"id":16784,"date":"2020-05-13T11:00:39","date_gmt":"2020-05-13T09:00:39","guid":{"rendered":"https:\/\/dogpride1.wpengine.com\/product\/jolly-soccer-ball-15cm-roze-3\/"},"modified":"2025-11-11T08:18:37","modified_gmt":"2025-11-11T07:18:37","slug":"jolly-soccer-ball-15cm-roze-3","status":"publish","type":"product","link":"https:\/\/dogpride.nl\/de\/jolly-soccer-ball-15cm-roze-3\/","title":{"rendered":"Jolly Soccer Ball 15cm"},"content":{"rendered":"<h4>Jolly Soccer Ball 15cm<\/h4>\n<p>Jolly Soccer Ball 15cm<\/p>\n<p>Dieser Fu\u00dfball f\u00fcr Hunde f\u00f6rdert gesunde Bewegung und Spiel. Hergestellt aus superstarkem Jollyflex-Material, in das ein Hund seine Z\u00e4hne hineinbei\u00dfen kann. Die urspr\u00fcngliche Form bleibt erhalten und der Jolly Soccer Ball verliert nicht an Luft. Der Ball schwimmt auf dem Wasser und ist durch seine leuchtende Farbe gut sichtbar.<\/p>\n<p>Der Jolly Soccer Ball ist zum Apportieren gedacht, er eignet sich nicht als Kauspielzeug.<\/p>\n<p>Mit diesem Fu\u00dfball k\u00f6nnen Sie sich auf das eigentliche Ziel konzentrieren \u2013 den Spa\u00df mit Ihrem Hund.<\/p>\n<p><strong>Geruch<\/strong><br \/>\nDer orangefarbene Jolly Soccer Ball hat einen Vanilleduft und der gr\u00fcne hat einen sch\u00f6nen Apfelduft.<br \/>\nDie anderen Jolly Soccer Ball-Farben sind geruchlos.<\/p>\n<p><strong>Farbe<\/strong><br \/>\nJOLL036B \u2013 orange<br \/>\nJOLL036C \u2013 rosa<br \/>\nJOLL036D \u2013 gr\u00fcn<br \/>\nJOLL036E \u2013 blau<br \/>\nJOLL036F \u2013 Ozeanblau<\/p>\n<p><a href=\"https:\/\/dogpride.nl\/de\/speelgoed\/ballen-apporteren\/?product-page=3\"><img loading=\"lazy\" decoding=\"async\" class=\"alignnone\" title=\"Jolly Soccer Ball 15cm\" src=\"https:\/\/dogpride.nl\/wp-content\/uploads\/Jolly-Soccer-Ball-150x150.jpg\" alt=\"Jolly Soccer Ball 15cm \" width=\"73\" height=\"73\" \/><\/a><\/p>\n<p><a href=\"https:\/\/www.amazon.nl\/\" target=\"_blank\" rel=\"noopener\"><img loading=\"lazy\" decoding=\"async\" class=\"alignnone\" title=\"Jolly Soccer Ball 15cm \" src=\"https:\/\/dogpride.nl\/wp-content\/uploads\/Jolly-Soccer-Ball-150x150.jpg\" alt=\"Jolly Soccer Ball 15cm \" width=\"73\" height=\"73\" \/><\/a><\/p>","protected":false},"excerpt":{"rendered":"<p>Dieser Fu\u00dfball f\u00fcr Hunde f\u00f6rdert gesunde Bewegung und Spiel. Hergestellt aus superstarkem Jollyflex-Material, in das ein Hund seine Z\u00e4hne hineinbei\u00dfen kann. Die urspr\u00fcngliche Form bleibt erhalten und der Jolly Soccer Ball verliert nicht an Luft.<\/p>","protected":false},"featured_media":90311,"template":"","meta":[],"product_brand":[],"product_cat":[81],"product_tag":[],"class_list":{"0":"post-16784","1":"product","2":"type-product","3":"status-publish","4":"has-post-thumbnail","6":"product_cat-ballen-en-apporteren","8":"first","9":"instock","10":"taxable","11":"shipping-taxable","12":"purchasable","13":"product-type-variable"},"mb":[],"mfb_rest_fields":["title"],"_links":{"self":[{"href":"https:\/\/dogpride.nl\/de\/wp-json\/wp\/v2\/product\/16784","targetHints":{"allow":["GET"]}}],"collection":[{"href":"https:\/\/dogpride.nl\/de\/wp-json\/wp\/v2\/product"}],"about":[{"href":"https:\/\/dogpride.nl\/de\/wp-json\/wp\/v2\/types\/product"}],"wp:featuredmedia":[{"embeddable":true,"href":"https:\/\/dogpride.nl\/de\/wp-json\/wp\/v2\/media\/90311"}],"wp:attachment":[{"href":"https:\/\/dogpride.nl\/de\/wp-json\/wp\/v2\/media?parent=16784"}],"wp:term":[{"taxonomy":"product_brand","embeddable":true,"href":"https:\/\/dogpride.nl\/de\/wp-json\/wp\/v2\/product_brand?post=16784"},{"taxonomy":"product_cat","embeddable":true,"href":"https:\/\/dogpride.nl\/de\/wp-json\/wp\/v2\/product_cat?post=16784"},{"taxonomy":"product_tag","embeddable":true,"href":"https:\/\/dogpride.nl\/de\/wp-json\/wp\/v2\/product_tag?post=16784"}],"curies":[{"name":"wp","href":"https:\/\/api.w.org\/{rel}","templated":true}]}}