{"id":16773,"date":"2020-05-07T16:17:32","date_gmt":"2020-05-07T14:17:32","guid":{"rendered":"https:\/\/dogpride1.wpengine.com\/product\/d4m-dogsport-vest-even-2\/"},"modified":"2025-11-16T09:47:05","modified_gmt":"2025-11-16T08:47:05","slug":"dogs4me-dogsport-vest-even","status":"publish","type":"product","link":"https:\/\/dogpride.nl\/de\/dogs4me-dogsport-vest-even\/","title":{"rendered":"DOGS4ME Hundesportweste EVEN"},"content":{"rendered":"<h4>DOGS4ME Hundesportweste EVEN<\/h4>\n<p>Die DOGS4ME Dogsport Vest EVEN ist in 5 Farben erh\u00e4ltlich. tw:<\/p>\n<p>Schwarz Braun<br \/>\nSchwarz Blau<br \/>\nSchwarz\/Rosa<br \/>\nSchwarz Gr\u00fcn<br \/>\nSchwarz\/Lila<\/p>\n<ul>\n<li>Ganzk\u00f6rper-Sportweste EVEN \u2013 Unisex<\/li>\n<li>Die Weste besteht aus zwei Materialarten<\/li>\n<li>Das Obermaterial ist ein leichtes Softshell (Farbteil) \u2013 100% PES + TPU (Polyurethanmembran) mit Wassers\u00e4ule: 5000 mm und Atmungsaktivit\u00e4t 3000 g\/m\u00b2 24 Stunden<\/li>\n<li>Die Taschen (der schwarze Teil) bestehen aus einem haltbaren Material mit Teflonbeschichtung<\/li>\n<li>Ger\u00e4umige Vordertaschen + 1 gro\u00dfe Ges\u00e4\u00dftasche<\/li>\n<li>2 gro\u00dfe Rei\u00dfverschlusstaschen oben<\/li>\n<li>Die Arml\u00f6cher sind f\u00fcr eine st\u00e4rkere Verbindung gen\u00e4ht.<\/li>\n<li>Der hintere Teil ist etwas l\u00e4nger<\/li>\n<li>Ein Ring an der Seite zum Halten der Leine oder eines Leckerlibeutels<\/li>\n<li>Verstellbare Taille<\/li>\n<li>Die Weste hat kein Futter und ist daher ideal f\u00fcr w\u00e4rmere Tage, Sie k\u00f6nnen sie aber das ganze Jahr \u00fcber verwenden<\/li>\n<li>YKK-Rei\u00dfverschl\u00fcsse<\/li>\n<\/ul>\n<p><strong>Diese Weste verf\u00fcgt standardm\u00e4\u00dfig \u00fcber einen normalen Rei\u00dfverschluss. Die Lieferzeit f\u00fcr eine Strickjacke mit Zwei-Wege-Rei\u00dfverschluss betr\u00e4gt \u00b1 2-3 Wochen.<\/strong><\/p>\n<p>GR\u00d6SSENTABELLE ANZEIGEN<\/p>\n<p><img loading=\"lazy\" decoding=\"async\" class=\"alignnone wp-image-70280 size-full\" src=\"https:\/\/www.dogpride.nl\/wp-content\/uploads\/Maattabel-EVEN.png\" alt=\"\" width=\"600\" height=\"320\" srcset=\"https:\/\/dogpride.nl\/wp-content\/uploads\/Maattabel-EVEN.png 600w, https:\/\/dogpride.nl\/wp-content\/uploads\/Maattabel-EVEN-250x133.png 250w, https:\/\/dogpride.nl\/wp-content\/uploads\/Maattabel-EVEN-400x213.png 400w, https:\/\/dogpride.nl\/wp-content\/uploads\/Maattabel-EVEN-300x160.png 300w, https:\/\/dogpride.nl\/wp-content\/uploads\/Maattabel-EVEN-200x107.png 200w\" sizes=\"auto, (max-width: 600px) 100vw, 600px\" \/><\/p>\n<p><a href=\"https:\/\/dogpride.nl\/de\/kleding\/trainingsvesten\/dogs4me-trainingsvesten\/\"><img loading=\"lazy\" decoding=\"async\" class=\"alignnone\" title=\"DOGS4ME Hundesportweste EVEN\" src=\"https:\/\/dogpride.nl\/wp-content\/uploads\/dogsport-vest-even-3-3-150x150.jpg\" alt=\"DOGS4ME Dogsport Vest EVEN\" width=\"150\" height=\"150\" \/><\/a><\/p>\n<p><a href=\"https:\/\/d4m.eu\/en\/\" target=\"_blank\" rel=\"noopener\"><img loading=\"lazy\" decoding=\"async\" class=\"alignnone wp-image-142870 size-medium\" src=\"https:\/\/dogpride.nl\/wp-content\/uploads\/Logo-Dogs4me-2-300x188.jpg\" alt=\"Logo\" width=\"300\" height=\"188\" srcset=\"https:\/\/dogpride.nl\/wp-content\/uploads\/Logo-Dogs4me-2-300x188.jpg 300w, https:\/\/dogpride.nl\/wp-content\/uploads\/Logo-Dogs4me-2-1024x640.jpg 1024w, https:\/\/dogpride.nl\/wp-content\/uploads\/Logo-Dogs4me-2-768x480.jpg 768w, https:\/\/dogpride.nl\/wp-content\/uploads\/Logo-Dogs4me-2-1536x960.jpg 1536w, https:\/\/dogpride.nl\/wp-content\/uploads\/Logo-Dogs4me-2-18x12.jpg 18w, https:\/\/dogpride.nl\/wp-content\/uploads\/Logo-Dogs4me-2-250x156.jpg 250w, https:\/\/dogpride.nl\/wp-content\/uploads\/Logo-Dogs4me-2-400x250.jpg 400w, https:\/\/dogpride.nl\/wp-content\/uploads\/Logo-Dogs4me-2.jpg 1680w\" sizes=\"auto, (max-width: 300px) 100vw, 300px\" \/><\/a><\/p>\n<p>&nbsp;<\/p>","protected":false},"excerpt":{"rendered":"<p>Das Obermaterial ist ein leichtes Softshell (Farbteil) \u2013 100% PES + TPU (Polyurethanmembran) mit Wassers\u00e4ule: 5000 mm und Atmungsaktivit\u00e4t 3000 g\/m\u00b2 24 Stunden<\/p>","protected":false},"featured_media":27611,"template":"","meta":[],"product_brand":[],"product_cat":[3872],"product_tag":[],"class_list":{"0":"post-16773","1":"product","2":"type-product","3":"status-publish","4":"has-post-thumbnail","6":"product_cat-dogs4me-trainingsvesten","8":"first","9":"instock","10":"taxable","11":"shipping-taxable","12":"purchasable","13":"product-type-variable"},"mb":[],"mfb_rest_fields":["title"],"_links":{"self":[{"href":"https:\/\/dogpride.nl\/de\/wp-json\/wp\/v2\/product\/16773","targetHints":{"allow":["GET"]}}],"collection":[{"href":"https:\/\/dogpride.nl\/de\/wp-json\/wp\/v2\/product"}],"about":[{"href":"https:\/\/dogpride.nl\/de\/wp-json\/wp\/v2\/types\/product"}],"wp:featuredmedia":[{"embeddable":true,"href":"https:\/\/dogpride.nl\/de\/wp-json\/wp\/v2\/media\/27611"}],"wp:attachment":[{"href":"https:\/\/dogpride.nl\/de\/wp-json\/wp\/v2\/media?parent=16773"}],"wp:term":[{"taxonomy":"product_brand","embeddable":true,"href":"https:\/\/dogpride.nl\/de\/wp-json\/wp\/v2\/product_brand?post=16773"},{"taxonomy":"product_cat","embeddable":true,"href":"https:\/\/dogpride.nl\/de\/wp-json\/wp\/v2\/product_cat?post=16773"},{"taxonomy":"product_tag","embeddable":true,"href":"https:\/\/dogpride.nl\/de\/wp-json\/wp\/v2\/product_tag?post=16773"}],"curies":[{"name":"wp","href":"https:\/\/api.w.org\/{rel}","templated":true}]}}