{"id":16766,"date":"2020-05-07T13:57:11","date_gmt":"2020-05-07T11:57:11","guid":{"rendered":"https:\/\/dogpride1.wpengine.com\/product\/cover-voor-prikband-maat-m-2\/"},"modified":"2025-10-29T12:38:20","modified_gmt":"2025-10-29T11:38:20","slug":"pride-cover-voor-prikband-maat-m","status":"publish","type":"product","link":"https:\/\/dogpride.nl\/de\/pride-cover-voor-prikband-maat-m\/","title":{"rendered":"PRIDE H\u00fclle f\u00fcr Stechband Gr\u00f6\u00dfe M"},"content":{"rendered":"<h4><span style=\"font-size: 10pt;\">PRIDE H\u00fclle f\u00fcr Stechband Gr\u00f6\u00dfe M<\/span><\/h4>\n<p>Deze nylon cover is geschikt voor de prikband maat M<\/p>\n<p>Modell: CL-037C<\/p>\n<p>L\u00e4nge: 45 cm<\/p>\n<p>Breite: 30 mm<\/p>\n<p>Farbe schwarz<\/p>\n<ul>\n<li><strong>Preisschild nicht im Lieferumfang enthalten!<\/strong><\/li>\n<\/ul>\n<p><i><strong>Geeignet f\u00fcr alle Arten von Druckkn\u00f6pfen. Geben Sie bei der Bestellung Ihre Wunschgr\u00f6\u00dfe an.<\/strong><\/i><\/p>\n<p><a href=\"https:\/\/www.dogpride.eu\/\" target=\"_blank\" rel=\"noopener\"><img loading=\"lazy\" decoding=\"async\" class=\"alignnone wp-image-70657 size-medium\" src=\"https:\/\/dogpride.nl\/wp-content\/uploads\/Logo-Pride2-1-300x96.png\" alt=\"Logo PRIDE\" width=\"300\" height=\"96\" srcset=\"https:\/\/dogpride.nl\/wp-content\/uploads\/Logo-Pride2-1-300x96.png 300w, https:\/\/dogpride.nl\/wp-content\/uploads\/Logo-Pride2-1-250x80.png 250w, https:\/\/dogpride.nl\/wp-content\/uploads\/Logo-Pride2-1-200x64.png 200w, https:\/\/dogpride.nl\/wp-content\/uploads\/Logo-Pride2-1.png 327w\" sizes=\"auto, (max-width: 300px) 100vw, 300px\" \/><\/a><\/p>\n<h2><span style=\"font-size: 10pt;\"><a href=\"https:\/\/dogpride.nl\/de\/pride-cover-voor-prikband-maat-m\/\"><img loading=\"lazy\" decoding=\"async\" class=\"alignnone wp-image-136934\" title=\"PRIDE H\u00fclle f\u00fcr Stechband Gr\u00f6\u00dfe M\" src=\"https:\/\/dogpride.nl\/wp-content\/uploads\/PRIDE-Cover-voor-prikband-maat-M.jpg\" alt=\"PRIDE Cover voor prikband maat M\" width=\"319\" height=\"239\" srcset=\"https:\/\/dogpride.nl\/wp-content\/uploads\/PRIDE-Cover-voor-prikband-maat-M.jpg 500w, https:\/\/dogpride.nl\/wp-content\/uploads\/PRIDE-Cover-voor-prikband-maat-M-300x225.jpg 300w, https:\/\/dogpride.nl\/wp-content\/uploads\/PRIDE-Cover-voor-prikband-maat-M-16x12.jpg 16w, https:\/\/dogpride.nl\/wp-content\/uploads\/PRIDE-Cover-voor-prikband-maat-M-250x188.jpg 250w, https:\/\/dogpride.nl\/wp-content\/uploads\/PRIDE-Cover-voor-prikband-maat-M-400x300.jpg 400w\" sizes=\"auto, (max-width: 319px) 100vw, 319px\" \/><\/a><\/span><\/h2>\n<p>&nbsp;<\/p>","protected":false},"excerpt":{"rendered":"<p>Deze nylon cover is geschikt voor de prikband maat M. Geschikt voor alle typen prikbanden met sluiting. Geef uw gewenste maat op bij uw bestelling.<\/p>","protected":false},"featured_media":21696,"template":"","meta":[],"product_brand":[],"product_cat":[90],"product_tag":[8486,8254,6349,3332,10823,10759,10780,10824,4866,10825,3157,7444,3389],"class_list":{"0":"post-16766","1":"product","2":"type-product","3":"status-publish","4":"has-post-thumbnail","6":"product_cat-pride-hondenhalsbanden","7":"product_tag-comfortabel","8":"product_tag-duurzaam","9":"product_tag-hondenhalsband","10":"product_tag-hondensport","11":"product_tag-luxe-accessoire","12":"product_tag-pride-collectie","13":"product_tag-pride-halsband","14":"product_tag-robuust","15":"product_tag-sterke-halsband","16":"product_tag-stijlvol","17":"product_tag-training","18":"product_tag-verstelbaar","19":"product_tag-werkhond","21":"first","22":"instock","23":"taxable","24":"shipping-taxable","25":"purchasable","26":"product-type-simple"},"mb":[],"mfb_rest_fields":["title"],"_links":{"self":[{"href":"https:\/\/dogpride.nl\/de\/wp-json\/wp\/v2\/product\/16766","targetHints":{"allow":["GET"]}}],"collection":[{"href":"https:\/\/dogpride.nl\/de\/wp-json\/wp\/v2\/product"}],"about":[{"href":"https:\/\/dogpride.nl\/de\/wp-json\/wp\/v2\/types\/product"}],"wp:featuredmedia":[{"embeddable":true,"href":"https:\/\/dogpride.nl\/de\/wp-json\/wp\/v2\/media\/21696"}],"wp:attachment":[{"href":"https:\/\/dogpride.nl\/de\/wp-json\/wp\/v2\/media?parent=16766"}],"wp:term":[{"taxonomy":"product_brand","embeddable":true,"href":"https:\/\/dogpride.nl\/de\/wp-json\/wp\/v2\/product_brand?post=16766"},{"taxonomy":"product_cat","embeddable":true,"href":"https:\/\/dogpride.nl\/de\/wp-json\/wp\/v2\/product_cat?post=16766"},{"taxonomy":"product_tag","embeddable":true,"href":"https:\/\/dogpride.nl\/de\/wp-json\/wp\/v2\/product_tag?post=16766"}],"curies":[{"name":"wp","href":"https:\/\/api.w.org\/{rel}","templated":true}]}}