{"id":16754,"date":"2020-05-06T15:57:51","date_gmt":"2020-05-06T13:57:51","guid":{"rendered":"https:\/\/dogpride1.wpengine.com\/product\/pro-99-worker-sweatshirt-black-3\/"},"modified":"2025-11-07T10:14:07","modified_gmt":"2025-11-07T09:14:07","slug":"arrak-worker-sweatshirt-black-unisex-3","status":"publish","type":"product","link":"https:\/\/dogpride.nl\/de\/arrak-worker-sweatshirt-black-unisex-3\/","title":{"rendered":"ARRAK Worker Sweatshirt Schwarz Unisex"},"content":{"rendered":"<h4>ARRAK Worker Sweatshirt Schwarz Unisex<\/h4>\n<p>Das ARRAK Worker Sweatshirt Black Unisex ist ein sch\u00f6ner Pullover, den Sie das ganze Jahr \u00fcber tragen k\u00f6nnen. Das Hemd eignet sich sowohl f\u00fcr die Arbeit als auch f\u00fcr den Alltag.<\/p>\n<p>Das Shirt hat einen Rundhalsausschnitt mit \u00c4rmeln um Handgelenke und Taille.<\/p>\n<p>Das Shirt ist ein Unisex-Modell<\/p>\n<p>Einzelheiten:<\/p>\n<p>\u2022 65% Baumwolle \/ 35% Polyester<br \/>\n\u2022 Manschetten um Handgelenk und Taille<\/p>\n<p><img loading=\"lazy\" decoding=\"async\" class=\"alignnone wp-image-70338 size-full\" src=\"https:\/\/www.dogpride.nl\/wp-content\/uploads\/Maattabel-Unisex-tops-1.jpg\" alt=\"Maattabel\" width=\"647\" height=\"813\" srcset=\"https:\/\/dogpride.nl\/wp-content\/uploads\/Maattabel-Unisex-tops-1.jpg 647w, https:\/\/dogpride.nl\/wp-content\/uploads\/Maattabel-Unisex-tops-1-250x314.jpg 250w, https:\/\/dogpride.nl\/wp-content\/uploads\/Maattabel-Unisex-tops-1-400x503.jpg 400w, https:\/\/dogpride.nl\/wp-content\/uploads\/Maattabel-Unisex-tops-1-239x300.jpg 239w, https:\/\/dogpride.nl\/wp-content\/uploads\/Maattabel-Unisex-tops-1-200x251.jpg 200w, https:\/\/dogpride.nl\/wp-content\/uploads\/Maattabel-Unisex-tops-1-600x754.jpg 600w\" sizes=\"auto, (max-width: 647px) 100vw, 647px\" \/><\/p>\n<p><a href=\"https:\/\/dogpride.nl\/de\/kleding\/t-shirts-en-polos\/arrak-t-shirts-en-polos\/\"><img loading=\"lazy\" decoding=\"async\" class=\"alignnone wp-image-137201\" src=\"https:\/\/dogpride.nl\/wp-content\/uploads\/ARRAK-Worker-Sweatshirt-Black-Unisex.jpg\" alt=\"ARRAK Worker Sweatshirt Black Unisex\" width=\"168\" height=\"168\" srcset=\"https:\/\/dogpride.nl\/wp-content\/uploads\/ARRAK-Worker-Sweatshirt-Black-Unisex.jpg 700w, https:\/\/dogpride.nl\/wp-content\/uploads\/ARRAK-Worker-Sweatshirt-Black-Unisex-300x300.jpg 300w, https:\/\/dogpride.nl\/wp-content\/uploads\/ARRAK-Worker-Sweatshirt-Black-Unisex-150x150.jpg 150w, https:\/\/dogpride.nl\/wp-content\/uploads\/ARRAK-Worker-Sweatshirt-Black-Unisex-12x12.jpg 12w, https:\/\/dogpride.nl\/wp-content\/uploads\/ARRAK-Worker-Sweatshirt-Black-Unisex-250x250.jpg 250w, https:\/\/dogpride.nl\/wp-content\/uploads\/ARRAK-Worker-Sweatshirt-Black-Unisex-400x400.jpg 400w, https:\/\/dogpride.nl\/wp-content\/uploads\/ARRAK-Worker-Sweatshirt-Black-Unisex-100x100.jpg 100w\" sizes=\"auto, (max-width: 168px) 100vw, 168px\" \/><\/a><\/p>\n<p><span style=\"color: #ffffff;\"><a href=\"https:\/\/arrakoutdoor.com\/\" target=\"_blank\" rel=\"noopener\"><img loading=\"lazy\" decoding=\"async\" class=\"alignnone wp-image-141950 size-medium\" src=\"https:\/\/dogpride.nl\/wp-content\/uploads\/Arrak-1-300x118.jpeg\" alt=\"\" width=\"300\" height=\"118\" srcset=\"https:\/\/dogpride.nl\/wp-content\/uploads\/Arrak-1-300x118.jpeg 300w, https:\/\/dogpride.nl\/wp-content\/uploads\/Arrak-1-768x303.jpeg 768w, https:\/\/dogpride.nl\/wp-content\/uploads\/Arrak-1-18x7.jpeg 18w, https:\/\/dogpride.nl\/wp-content\/uploads\/Arrak-1-250x99.jpeg 250w, https:\/\/dogpride.nl\/wp-content\/uploads\/Arrak-1-400x158.jpeg 400w, https:\/\/dogpride.nl\/wp-content\/uploads\/Arrak-1.jpeg 916w\" sizes=\"auto, (max-width: 300px) 100vw, 300px\" \/><\/a><\/span><span style=\"color: #ffffff;\"><em>Sinds 2015 ben ik (Kelly Albers) actief in de dierensector. Na het volgen van meerdere\u00a0<\/em><\/span><\/p>","protected":false},"excerpt":{"rendered":"<p>Ein sch\u00f6ner Pullover von Arrak Outdoor, den Sie das ganze Jahr \u00fcber tragen k\u00f6nnen. Das Hemd eignet sich sowohl f\u00fcr die Arbeit als auch f\u00fcr den Alltag.<\/p>","protected":false},"featured_media":16755,"template":"","meta":[],"product_brand":[],"product_cat":[3893],"product_tag":[],"class_list":{"0":"post-16754","1":"product","2":"type-product","3":"status-publish","4":"has-post-thumbnail","6":"product_cat-arrak-t-shirts-polos","8":"first","9":"instock","10":"taxable","11":"shipping-taxable","12":"purchasable","13":"product-type-variable"},"mb":[],"mfb_rest_fields":["title"],"_links":{"self":[{"href":"https:\/\/dogpride.nl\/de\/wp-json\/wp\/v2\/product\/16754","targetHints":{"allow":["GET"]}}],"collection":[{"href":"https:\/\/dogpride.nl\/de\/wp-json\/wp\/v2\/product"}],"about":[{"href":"https:\/\/dogpride.nl\/de\/wp-json\/wp\/v2\/types\/product"}],"wp:featuredmedia":[{"embeddable":true,"href":"https:\/\/dogpride.nl\/de\/wp-json\/wp\/v2\/media\/16755"}],"wp:attachment":[{"href":"https:\/\/dogpride.nl\/de\/wp-json\/wp\/v2\/media?parent=16754"}],"wp:term":[{"taxonomy":"product_brand","embeddable":true,"href":"https:\/\/dogpride.nl\/de\/wp-json\/wp\/v2\/product_brand?post=16754"},{"taxonomy":"product_cat","embeddable":true,"href":"https:\/\/dogpride.nl\/de\/wp-json\/wp\/v2\/product_cat?post=16754"},{"taxonomy":"product_tag","embeddable":true,"href":"https:\/\/dogpride.nl\/de\/wp-json\/wp\/v2\/product_tag?post=16754"}],"curies":[{"name":"wp","href":"https:\/\/api.w.org\/{rel}","templated":true}]}}