{"id":16752,"date":"2020-05-01T11:35:29","date_gmt":"2020-05-01T09:35:29","guid":{"rendered":"https:\/\/dogpride1.wpengine.com\/product\/acadia-softshell-vest-black-women-3\/"},"modified":"2026-04-09T17:56:33","modified_gmt":"2026-04-09T15:56:33","slug":"arrak-acadia-softshell-vest-black-women-3","status":"publish","type":"product","link":"https:\/\/dogpride.nl\/de\/arrak-acadia-softshell-vest-black-women-3\/","title":{"rendered":"ARRAK Acadia Softshell Weste Schwarz Damen"},"content":{"rendered":"<h4>ARRAK Acadia Softshell Weste Schwarz Damen<\/h4>\n<p>ARRAK Acadia Softshell Weste Schwarz Damen<\/p>\n<p>Die Softshellweste Acadia ist eine funktionelle und stylische Weste f\u00fcr mehrere Einsatzbereiche.<br \/>\nWenn Sie gerne Sport treiben oder mit Hunden wandern, ist diese Weste die perfekte Erg\u00e4nzung zu unserer Softshelljacke Akka, die diese Weste inspiriert hat.<br \/>\nDie Weste verf\u00fcgt \u00fcber sechs Vordertaschen, davon vier mit Rei\u00dfverschluss und eine gro\u00dfe Ges\u00e4\u00dftasche ohne Rei\u00dfverschluss.<\/p>\n<p>Bei Namensaufdrucken ist die R\u00fcckgabe oder der Umtausch von Gr\u00f6\u00dfen nicht m\u00f6glich. Schauen Sie sich daher bitte die Gr\u00f6\u00dfentabelle an.<\/p>\n<p>* Gro\u00dfe Ges\u00e4\u00dftasche<br \/>\n* Hergestellt aus 100%-Polyester<br \/>\n* Sechs Vordertaschen, davon vier mit Rei\u00dfverschl\u00fcssen<br \/>\n* Verstellbare Taille<br \/>\n* Hoher Kragen<br \/>\n* Karabiner f\u00fcr Wasserflasche, Hundeleine oder Fischernetz<\/p>\n<p><a href=\"https:\/\/arrakoutdoor.com\/\" target=\"_blank\" rel=\"noopener\"><img loading=\"lazy\" decoding=\"async\" class=\"alignnone wp-image-70294 size-large\" src=\"https:\/\/dogpride.nl\/wp-content\/uploads\/women_s_tops_-738x1024.jpg\" alt=\"Maattabel\" width=\"738\" height=\"1024\" srcset=\"https:\/\/dogpride.nl\/wp-content\/uploads\/women_s_tops_-738x1024.jpg 738w, https:\/\/dogpride.nl\/wp-content\/uploads\/women_s_tops_-250x347.jpg 250w, https:\/\/dogpride.nl\/wp-content\/uploads\/women_s_tops_-400x555.jpg 400w, https:\/\/dogpride.nl\/wp-content\/uploads\/women_s_tops_-216x300.jpg 216w, https:\/\/dogpride.nl\/wp-content\/uploads\/women_s_tops_-768x1065.jpg 768w, https:\/\/dogpride.nl\/wp-content\/uploads\/women_s_tops_-200x277.jpg 200w, https:\/\/dogpride.nl\/wp-content\/uploads\/women_s_tops_-600x832.jpg 600w, https:\/\/dogpride.nl\/wp-content\/uploads\/women_s_tops_-800x1110.jpg 800w, https:\/\/dogpride.nl\/wp-content\/uploads\/women_s_tops_.jpg 865w\" sizes=\"auto, (max-width: 738px) 100vw, 738px\" \/><\/a><\/p>\n<p>&nbsp;<\/p>\n<p><a href=\"https:\/\/dogpride.nl\/de\/kleding\/trainingsvesten\/arrak-outdoor-trainingsvesten\/?product-page=3\"><img loading=\"lazy\" decoding=\"async\" class=\"alignnone\" title=\"ARRAK Acadia Softshell Weste Schwarz Damen \" src=\"https:\/\/dogpride.nl\/wp-content\/uploads\/22012_side_lady-150x150.jpg\" alt=\"ARRAK Acadia Softshell Vest Black Women \" width=\"150\" height=\"150\" \/><\/a><img decoding=\"async\" src=\"https:\/\/dogpride.nl\/wp-content\/uploads\/22012_front2_lady-150x150.jpg\" alt=\"ARRAK Acadia Softshell Vest Black Women\" \/><\/p>","protected":false},"excerpt":{"rendered":"<p>Wenn Sie gerne Sport treiben oder mit Hunden wandern, ist diese Weste die perfekte Erg\u00e4nzung zu unserer Softshelljacke Akka, die diese Weste inspiriert hat. Die Weste verf\u00fcgt \u00fcber sechs Vordertaschen, davon vier mit Rei\u00dfverschluss und eine gro\u00dfe Ges\u00e4\u00dftasche ohne Rei\u00dfverschluss.<\/p>","protected":false},"featured_media":27586,"template":"","meta":[],"product_brand":[],"product_cat":[3870],"product_tag":[],"class_list":{"0":"post-16752","1":"product","2":"type-product","3":"status-publish","4":"has-post-thumbnail","6":"product_cat-arrak-outdoor-dames-trainingsvesten","8":"first","9":"instock","10":"taxable","11":"shipping-taxable","12":"purchasable","13":"product-type-variable"},"exclude_global_add_ons":[],"addons":[],"mb":[],"mfb_rest_fields":["title","exclude_global_add_ons","addons"],"_links":{"self":[{"href":"https:\/\/dogpride.nl\/de\/wp-json\/wp\/v2\/product\/16752","targetHints":{"allow":["GET"]}}],"collection":[{"href":"https:\/\/dogpride.nl\/de\/wp-json\/wp\/v2\/product"}],"about":[{"href":"https:\/\/dogpride.nl\/de\/wp-json\/wp\/v2\/types\/product"}],"wp:featuredmedia":[{"embeddable":true,"href":"https:\/\/dogpride.nl\/de\/wp-json\/wp\/v2\/media\/27586"}],"wp:attachment":[{"href":"https:\/\/dogpride.nl\/de\/wp-json\/wp\/v2\/media?parent=16752"}],"wp:term":[{"taxonomy":"product_brand","embeddable":true,"href":"https:\/\/dogpride.nl\/de\/wp-json\/wp\/v2\/product_brand?post=16752"},{"taxonomy":"product_cat","embeddable":true,"href":"https:\/\/dogpride.nl\/de\/wp-json\/wp\/v2\/product_cat?post=16752"},{"taxonomy":"product_tag","embeddable":true,"href":"https:\/\/dogpride.nl\/de\/wp-json\/wp\/v2\/product_tag?post=16752"}],"curies":[{"name":"wp","href":"https:\/\/api.w.org\/{rel}","templated":true}]}}