{"id":16751,"date":"2020-05-01T11:32:45","date_gmt":"2020-05-01T09:32:45","guid":{"rendered":"https:\/\/dogpride1.wpengine.com\/product\/acadia-softshellvest-olive-women-2\/"},"modified":"2025-11-27T17:03:51","modified_gmt":"2025-11-27T16:03:51","slug":"arrak-acadia-softshellvest-olive-women","status":"publish","type":"product","link":"https:\/\/dogpride.nl\/de\/arrak-acadia-softshellvest-olive-women\/","title":{"rendered":"ARRAK Acadia Softshell Cardigan Olive Damen"},"content":{"rendered":"<h4>ARRAK Acadia Softshell Cardigan Olive Damen<\/h4>\n<p>ARRAK Acadia Softshell Cardigan Olive Damen<\/p>\n<p>Die Softshellweste Acadia ist eine funktionelle und stylische Weste f\u00fcr mehrere Einsatzbereiche.<br \/>\nWenn Sie gerne Sport treiben oder mit Hunden wandern, ist diese Weste die perfekte Erg\u00e4nzung zu unserer Softshelljacke Akka, die diese Weste inspiriert hat.<br \/>\nDie Weste verf\u00fcgt \u00fcber sechs Vordertaschen, davon vier mit Rei\u00dfverschluss und eine gro\u00dfe Ges\u00e4\u00dftasche ohne Rei\u00dfverschluss.<\/p>\n<p>Bei Namensaufdrucken ist die R\u00fcckgabe oder der Umtausch von Gr\u00f6\u00dfen nicht m\u00f6glich. Schauen Sie sich daher bitte die Gr\u00f6\u00dfentabelle an.<\/p>\n<p>* Gro\u00dfe Ges\u00e4\u00dftasche<br \/>\n* Hergestellt aus 100%-Polyester<br \/>\n* Sechs Vordertaschen, davon vier mit Rei\u00dfverschl\u00fcssen<br \/>\n* Verstellbare Taille<br \/>\n* Hoher Kragen<br \/>\n* Karabiner f\u00fcr Wasserflasche, Hundeleine oder Fischernetz<\/p>\n<p><img loading=\"lazy\" decoding=\"async\" class=\"alignnone wp-image-70294 size-large\" src=\"https:\/\/www.dogpride.nl\/wp-content\/uploads\/women_s_tops_-738x1024.jpg\" alt=\"\" width=\"738\" height=\"1024\" srcset=\"https:\/\/dogpride.nl\/wp-content\/uploads\/women_s_tops_-738x1024.jpg 738w, https:\/\/dogpride.nl\/wp-content\/uploads\/women_s_tops_-250x347.jpg 250w, https:\/\/dogpride.nl\/wp-content\/uploads\/women_s_tops_-400x555.jpg 400w, https:\/\/dogpride.nl\/wp-content\/uploads\/women_s_tops_-216x300.jpg 216w, https:\/\/dogpride.nl\/wp-content\/uploads\/women_s_tops_-768x1065.jpg 768w, https:\/\/dogpride.nl\/wp-content\/uploads\/women_s_tops_-200x277.jpg 200w, https:\/\/dogpride.nl\/wp-content\/uploads\/women_s_tops_-600x832.jpg 600w, https:\/\/dogpride.nl\/wp-content\/uploads\/women_s_tops_-800x1110.jpg 800w, https:\/\/dogpride.nl\/wp-content\/uploads\/women_s_tops_.jpg 865w\" sizes=\"auto, (max-width: 738px) 100vw, 738px\" \/><\/p>\n<p><a href=\"https:\/\/arrakoutdoor.com\/?gad_source=1&amp;gad_campaignid=17831368039&amp;gbraid=0AAAAADMpsjTjxSYI2mZf6V1fkFItM3rbI&amp;gclid=CjwKCAjw04HIBhB8EiwA8jGNbTSr_IrZliX_1ll-eRCGY88bPjxKvRAx4fBVTE8nCv4BRbxzY3V8bhoCVJkQAvD_BwE\" target=\"_blank\" rel=\"noopener\"><img loading=\"lazy\" decoding=\"async\" class=\"alignnone wp-image-139301 size-medium\" src=\"https:\/\/dogpride.nl\/wp-content\/uploads\/Arrak-300x118.jpeg\" alt=\"Logo\" width=\"300\" height=\"118\" srcset=\"https:\/\/dogpride.nl\/wp-content\/uploads\/Arrak-300x118.jpeg 300w, https:\/\/dogpride.nl\/wp-content\/uploads\/Arrak-768x303.jpeg 768w, https:\/\/dogpride.nl\/wp-content\/uploads\/Arrak-18x7.jpeg 18w, https:\/\/dogpride.nl\/wp-content\/uploads\/Arrak-250x99.jpeg 250w, https:\/\/dogpride.nl\/wp-content\/uploads\/Arrak-400x158.jpeg 400w, https:\/\/dogpride.nl\/wp-content\/uploads\/Arrak.jpeg 916w\" sizes=\"auto, (max-width: 300px) 100vw, 300px\" \/><\/a><\/p>\n<p><a href=\"https:\/\/dogpride.nl\/de\/kleding\/trainingsvesten\/arrak-outdoor-trainingsvesten\/\"><img loading=\"lazy\" decoding=\"async\" class=\"alignnone\" title=\"ARRAK Acadia Softshell Cardigan Olive Damen\" src=\"https:\/\/dogpride.nl\/wp-content\/uploads\/acadia-softshellvest-olive-women-3-150x150.jpg\" alt=\"ARRAK Acadia Softshellvest Olive Women\" width=\"150\" height=\"150\" \/><\/a><\/p>","protected":false},"excerpt":{"rendered":"<p>Wenn Sie gerne Sport treiben oder mit Hunden wandern, ist diese Weste die perfekte Erg\u00e4nzung zu unserer Softshelljacke Akka, die diese Weste inspiriert hat.<\/p>","protected":false},"featured_media":27580,"template":"","meta":[],"product_brand":[],"product_cat":[3870],"product_tag":[8211,3334,3003,11032,3007,3006,3332,5066,5381,4739,4144,4763,5020],"class_list":{"0":"post-16751","1":"product","2":"type-product","3":"status-publish","4":"has-post-thumbnail","6":"product_cat-arrak-outdoor-dames-trainingsvesten","7":"product_tag-ademend","8":"product_tag-arrak-outdoor","9":"product_tag-blauw","10":"product_tag-dark-red","11":"product_tag-geel","12":"product_tag-groen","13":"product_tag-hondensport","14":"product_tag-olijf","15":"product_tag-paars","16":"product_tag-softshell","17":"product_tag-trainingsvest","18":"product_tag-unisex","19":"product_tag-waterafstotend","21":"first","22":"instock","23":"taxable","24":"shipping-taxable","25":"purchasable","26":"product-type-variable"},"mb":[],"mfb_rest_fields":["title"],"_links":{"self":[{"href":"https:\/\/dogpride.nl\/de\/wp-json\/wp\/v2\/product\/16751","targetHints":{"allow":["GET"]}}],"collection":[{"href":"https:\/\/dogpride.nl\/de\/wp-json\/wp\/v2\/product"}],"about":[{"href":"https:\/\/dogpride.nl\/de\/wp-json\/wp\/v2\/types\/product"}],"wp:featuredmedia":[{"embeddable":true,"href":"https:\/\/dogpride.nl\/de\/wp-json\/wp\/v2\/media\/27580"}],"wp:attachment":[{"href":"https:\/\/dogpride.nl\/de\/wp-json\/wp\/v2\/media?parent=16751"}],"wp:term":[{"taxonomy":"product_brand","embeddable":true,"href":"https:\/\/dogpride.nl\/de\/wp-json\/wp\/v2\/product_brand?post=16751"},{"taxonomy":"product_cat","embeddable":true,"href":"https:\/\/dogpride.nl\/de\/wp-json\/wp\/v2\/product_cat?post=16751"},{"taxonomy":"product_tag","embeddable":true,"href":"https:\/\/dogpride.nl\/de\/wp-json\/wp\/v2\/product_tag?post=16751"}],"curies":[{"name":"wp","href":"https:\/\/api.w.org\/{rel}","templated":true}]}}