{"id":16732,"date":"2020-04-30T16:52:52","date_gmt":"2020-04-30T14:52:52","guid":{"rendered":"https:\/\/dogpride1.wpengine.com\/product\/pro-99-polo-shirt-men-grey-2\/"},"modified":"2025-11-07T10:06:32","modified_gmt":"2025-11-07T09:06:32","slug":"arrak-polo-shirt-men-div-kleuren","status":"publish","type":"product","link":"https:\/\/dogpride.nl\/de\/arrak-polo-shirt-men-div-kleuren\/","title":{"rendered":"ARRAK Polo Shirt Men Div Kleuren"},"content":{"rendered":"<h4>ARRAK Polo Shirt Men Div Kleuren<\/h4>\n<p>ARRAK Polo Shirt Men Div Kleuren<\/p>\n<p>Het ARRAK Polo Shirt Men Div Kleuren is een kledingstuk dat je zowel voor een feestje als voor elke dag kunt gebruiken. Als je je gaat verkleden voor een grote wedstrijd, is het poloshirt het juiste kledingstuk voor jou. Het poloshirt is netjes gevormd voor de beste pasvorm.<\/p>\n<p>Der Pullover besteht aus Baumwolle und Elasthan, sodass der Pullover Ihren Bewegungen folgt. An den \u00c4rmeln haben Sie 3 Kn\u00f6pfe und Rippen.<\/p>\n<p>Farbe: Grau<\/p>\n<p><strong>Einzelheiten:<\/strong><\/p>\n<p>\u2022 97% Baumwolle und 3% Elastan<\/p>\n<p>\u2022 240 g\/m3<\/p>\n<p><img loading=\"lazy\" decoding=\"async\" class=\"alignnone wp-image-70336 size-large\" src=\"https:\/\/www.dogpride.nl\/wp-content\/uploads\/men_s_tops_-711x1024.jpg\" alt=\"\" width=\"711\" height=\"1024\" srcset=\"https:\/\/dogpride.nl\/wp-content\/uploads\/men_s_tops_-711x1024.jpg 711w, https:\/\/dogpride.nl\/wp-content\/uploads\/men_s_tops_-250x360.jpg 250w, https:\/\/dogpride.nl\/wp-content\/uploads\/men_s_tops_-400x576.jpg 400w, https:\/\/dogpride.nl\/wp-content\/uploads\/men_s_tops_-208x300.jpg 208w, https:\/\/dogpride.nl\/wp-content\/uploads\/men_s_tops_-768x1106.jpg 768w, https:\/\/dogpride.nl\/wp-content\/uploads\/men_s_tops_-200x288.jpg 200w, https:\/\/dogpride.nl\/wp-content\/uploads\/men_s_tops_-600x864.jpg 600w, https:\/\/dogpride.nl\/wp-content\/uploads\/men_s_tops_-800x1152.jpg 800w, https:\/\/dogpride.nl\/wp-content\/uploads\/men_s_tops_.jpg 833w\" sizes=\"auto, (max-width: 711px) 100vw, 711px\" \/><\/p>\n<p>&nbsp;<\/p>\n<p><a href=\"https:\/\/dogpride.nl\/de\/kleding\/t-shirts-en-polos\/arrak-t-shirts-en-polos\/?product-page=1\"><img loading=\"lazy\" decoding=\"async\" class=\"alignnone wp-image-137220\" src=\"https:\/\/dogpride.nl\/wp-content\/uploads\/ARRAK-Polo-Shirt-Men-Div-Kleuren-4.jpg\" alt=\"ARRAK Polo Shirt Men Div Kleuren\" width=\"74\" height=\"99\" srcset=\"https:\/\/dogpride.nl\/wp-content\/uploads\/ARRAK-Polo-Shirt-Men-Div-Kleuren-4.jpg 300w, https:\/\/dogpride.nl\/wp-content\/uploads\/ARRAK-Polo-Shirt-Men-Div-Kleuren-4-225x300.jpg 225w, https:\/\/dogpride.nl\/wp-content\/uploads\/ARRAK-Polo-Shirt-Men-Div-Kleuren-4-9x12.jpg 9w, https:\/\/dogpride.nl\/wp-content\/uploads\/ARRAK-Polo-Shirt-Men-Div-Kleuren-4-250x333.jpg 250w\" sizes=\"auto, (max-width: 74px) 100vw, 74px\" \/><\/a><\/p>\n<p><a href=\"https:\/\/arrakoutdoor.com\/\" target=\"_blank\" rel=\"noopener\"><img loading=\"lazy\" decoding=\"async\" class=\"alignnone wp-image-141950 size-medium\" src=\"https:\/\/dogpride.nl\/wp-content\/uploads\/Arrak-1-300x118.jpeg\" alt=\"\" width=\"300\" height=\"118\" srcset=\"https:\/\/dogpride.nl\/wp-content\/uploads\/Arrak-1-300x118.jpeg 300w, https:\/\/dogpride.nl\/wp-content\/uploads\/Arrak-1-768x303.jpeg 768w, https:\/\/dogpride.nl\/wp-content\/uploads\/Arrak-1-18x7.jpeg 18w, https:\/\/dogpride.nl\/wp-content\/uploads\/Arrak-1-250x99.jpeg 250w, https:\/\/dogpride.nl\/wp-content\/uploads\/Arrak-1-400x158.jpeg 400w, https:\/\/dogpride.nl\/wp-content\/uploads\/Arrak-1.jpeg 916w\" sizes=\"auto, (max-width: 300px) 100vw, 300px\" \/><\/a><\/p>","protected":false},"excerpt":{"rendered":"<p>Arrak Herren-Poloshirt. Wenn Sie sich f\u00fcr ein gro\u00dfes Spiel schick kleiden m\u00f6chten, ist das Poloshirt das richtige Kleidungsst\u00fcck f\u00fcr Sie. Das Poloshirt ist f\u00fcr eine optimale Passform sauber geformt.<\/p>","protected":false},"featured_media":21681,"template":"","meta":[],"product_brand":[],"product_cat":[3893],"product_tag":[],"class_list":{"0":"post-16732","1":"product","2":"type-product","3":"status-publish","4":"has-post-thumbnail","6":"product_cat-arrak-t-shirts-polos","8":"first","9":"instock","10":"taxable","11":"shipping-taxable","12":"purchasable","13":"product-type-variable"},"mb":[],"mfb_rest_fields":["title"],"_links":{"self":[{"href":"https:\/\/dogpride.nl\/de\/wp-json\/wp\/v2\/product\/16732","targetHints":{"allow":["GET"]}}],"collection":[{"href":"https:\/\/dogpride.nl\/de\/wp-json\/wp\/v2\/product"}],"about":[{"href":"https:\/\/dogpride.nl\/de\/wp-json\/wp\/v2\/types\/product"}],"wp:featuredmedia":[{"embeddable":true,"href":"https:\/\/dogpride.nl\/de\/wp-json\/wp\/v2\/media\/21681"}],"wp:attachment":[{"href":"https:\/\/dogpride.nl\/de\/wp-json\/wp\/v2\/media?parent=16732"}],"wp:term":[{"taxonomy":"product_brand","embeddable":true,"href":"https:\/\/dogpride.nl\/de\/wp-json\/wp\/v2\/product_brand?post=16732"},{"taxonomy":"product_cat","embeddable":true,"href":"https:\/\/dogpride.nl\/de\/wp-json\/wp\/v2\/product_cat?post=16732"},{"taxonomy":"product_tag","embeddable":true,"href":"https:\/\/dogpride.nl\/de\/wp-json\/wp\/v2\/product_tag?post=16732"}],"curies":[{"name":"wp","href":"https:\/\/api.w.org\/{rel}","templated":true}]}}