{"id":16710,"date":"2020-04-30T15:40:53","date_gmt":"2020-04-30T13:40:53","guid":{"rendered":"https:\/\/dogpride1.wpengine.com\/product\/pro-99-classic-polo-shirt-women-navy-3\/"},"modified":"2025-11-07T10:53:52","modified_gmt":"2025-11-07T09:53:52","slug":"arrak-classic-polo-shirt-women-navy-3","status":"publish","type":"product","link":"https:\/\/dogpride.nl\/de\/arrak-classic-polo-shirt-women-navy-3\/","title":{"rendered":"ARRAK Klassisches Poloshirt f\u00fcr Damen, Marineblau"},"content":{"rendered":"<h4>ARRAK Klassisches Poloshirt f\u00fcr Damen, Marineblau<\/h4>\n<p>ARRAK Klassisches Poloshirt f\u00fcr Damen, Marineblau. Dieses klassische Poloshirt ist f\u00fcr alle, die sich gerne schick kleiden und statt eines T-Shirts ein eleganteres Kleidungsst\u00fcck als Poloshirt tragen. F\u00fcr eine bessere Passform ist das Poloshirt k\u00f6rpernah geschnitten.<\/p>\n<p>Der Pullover besteht aus Baumwolle und Elasthan, wodurch der Pullover Ihren Bewegungen folgt. Das Poloshirt hat drei Kn\u00f6pfe und offene \u00c4rmel.<\/p>\n<p><strong>Einzelheiten:<\/strong><\/p>\n<p>* 97% Baumwolle \/ 3% Elasthan<br \/>\n* Kontrastfarbe<br \/>\n* Offene Manschetten<br \/>\n* Passt gut<\/p>\n<p><img loading=\"lazy\" decoding=\"async\" class=\"alignnone wp-image-70501 size-large\" src=\"https:\/\/www.dogpride.nl\/wp-content\/uploads\/women_s_tops_-1-738x1024.jpg\" alt=\"Maattabel\" width=\"738\" height=\"1024\" srcset=\"https:\/\/dogpride.nl\/wp-content\/uploads\/women_s_tops_-1-738x1024.jpg 738w, https:\/\/dogpride.nl\/wp-content\/uploads\/women_s_tops_-1-250x347.jpg 250w, https:\/\/dogpride.nl\/wp-content\/uploads\/women_s_tops_-1-400x555.jpg 400w, https:\/\/dogpride.nl\/wp-content\/uploads\/women_s_tops_-1-216x300.jpg 216w, https:\/\/dogpride.nl\/wp-content\/uploads\/women_s_tops_-1-768x1065.jpg 768w, https:\/\/dogpride.nl\/wp-content\/uploads\/women_s_tops_-1-200x277.jpg 200w, https:\/\/dogpride.nl\/wp-content\/uploads\/women_s_tops_-1-600x832.jpg 600w, https:\/\/dogpride.nl\/wp-content\/uploads\/women_s_tops_-1-800x1110.jpg 800w, https:\/\/dogpride.nl\/wp-content\/uploads\/women_s_tops_-1.jpg 865w\" sizes=\"auto, (max-width: 738px) 100vw, 738px\" \/><\/p>\n<p>&nbsp;<\/p>\n<p><a href=\"https:\/\/arrakoutdoor.com\/\" target=\"_blank\" rel=\"noopener\"><img loading=\"lazy\" decoding=\"async\" class=\"alignnone wp-image-141950 size-medium\" src=\"https:\/\/dogpride.nl\/wp-content\/uploads\/Arrak-1-300x118.jpeg\" alt=\"\" width=\"300\" height=\"118\" srcset=\"https:\/\/dogpride.nl\/wp-content\/uploads\/Arrak-1-300x118.jpeg 300w, https:\/\/dogpride.nl\/wp-content\/uploads\/Arrak-1-768x303.jpeg 768w, https:\/\/dogpride.nl\/wp-content\/uploads\/Arrak-1-18x7.jpeg 18w, https:\/\/dogpride.nl\/wp-content\/uploads\/Arrak-1-250x99.jpeg 250w, https:\/\/dogpride.nl\/wp-content\/uploads\/Arrak-1-400x158.jpeg 400w, https:\/\/dogpride.nl\/wp-content\/uploads\/Arrak-1.jpeg 916w\" sizes=\"auto, (max-width: 300px) 100vw, 300px\" \/><\/a><\/p>\n<p><a href=\"https:\/\/dogpride.nl\/de\/kleding\/t-shirts-en-polos\/arrak-t-shirts-en-polos\/\"><img loading=\"lazy\" decoding=\"async\" class=\"alignnone\" title=\"ARRAK Klassisches Poloshirt f\u00fcr Damen, Marineblau\" src=\"https:\/\/dogpride.nl\/wp-content\/uploads\/pro-99-classic-polo-shirt-women-navy-1.jpg\" alt=\"ARRAK Classic Polo Shirt Women Navy\" width=\"157\" height=\"157\" \/><\/a><\/p>","protected":false},"excerpt":{"rendered":"<p>Dieses klassische Poloshirt ist f\u00fcr alle, die sich gerne schick kleiden und statt eines T-Shirts ein eleganteres Kleidungsst\u00fcck als Poloshirt tragen. F\u00fcr eine bessere Passform ist das Poloshirt k\u00f6rpernah geschnitten.<\/p>","protected":false},"featured_media":16711,"template":"","meta":[],"product_brand":[],"product_cat":[3893],"product_tag":[],"class_list":{"0":"post-16710","1":"product","2":"type-product","3":"status-publish","4":"has-post-thumbnail","6":"product_cat-arrak-t-shirts-polos","8":"first","9":"instock","10":"taxable","11":"shipping-taxable","12":"purchasable","13":"product-type-variable"},"mb":[],"mfb_rest_fields":["title"],"_links":{"self":[{"href":"https:\/\/dogpride.nl\/de\/wp-json\/wp\/v2\/product\/16710","targetHints":{"allow":["GET"]}}],"collection":[{"href":"https:\/\/dogpride.nl\/de\/wp-json\/wp\/v2\/product"}],"about":[{"href":"https:\/\/dogpride.nl\/de\/wp-json\/wp\/v2\/types\/product"}],"wp:featuredmedia":[{"embeddable":true,"href":"https:\/\/dogpride.nl\/de\/wp-json\/wp\/v2\/media\/16711"}],"wp:attachment":[{"href":"https:\/\/dogpride.nl\/de\/wp-json\/wp\/v2\/media?parent=16710"}],"wp:term":[{"taxonomy":"product_brand","embeddable":true,"href":"https:\/\/dogpride.nl\/de\/wp-json\/wp\/v2\/product_brand?post=16710"},{"taxonomy":"product_cat","embeddable":true,"href":"https:\/\/dogpride.nl\/de\/wp-json\/wp\/v2\/product_cat?post=16710"},{"taxonomy":"product_tag","embeddable":true,"href":"https:\/\/dogpride.nl\/de\/wp-json\/wp\/v2\/product_tag?post=16710"}],"curies":[{"name":"wp","href":"https:\/\/api.w.org\/{rel}","templated":true}]}}