{"id":16702,"date":"2020-04-30T15:30:33","date_gmt":"2020-04-30T13:30:33","guid":{"rendered":"https:\/\/dogpride1.wpengine.com\/product\/pro-99-golfer-polo-lady-royal-blue-3\/"},"modified":"2025-11-07T10:20:00","modified_gmt":"2025-11-07T09:20:00","slug":"arrak-golfer-polo-lady-royal-blue-3","status":"publish","type":"product","link":"https:\/\/dogpride.nl\/de\/arrak-golfer-polo-lady-royal-blue-3\/","title":{"rendered":"ARRAK Golfer Polo Lady K\u00f6nigsblau"},"content":{"rendered":"<h4>ARRAK Golfer Polo Lady K\u00f6nigsblau<\/h4>\n<p>ARRAK Golfer Polo Lady K\u00f6nigsblau. Dieses Poloshirt ist weich und geschmeidig und somit die perfekte Wahl f\u00fcr ein Spiel oder Training. Das Hemd ist wundersch\u00f6n gefertigt.<\/p>\n<p>Das Poloshirt besteht aus funktionellem Polyester, das Feuchtigkeit vom K\u00f6rper wegtransportiert und Sie trocken h\u00e4lt.<\/p>\n<p><strong>Einzelheiten:<\/strong><\/p>\n<ul>\n<li>100%-Polyester<\/li>\n<li>Atmungsaktiv<\/li>\n<\/ul>\n<p><img loading=\"lazy\" decoding=\"async\" class=\"alignnone wp-image-70501 size-large\" src=\"https:\/\/www.dogpride.nl\/wp-content\/uploads\/women_s_tops_-1-738x1024.jpg\" alt=\"Maattabel\" width=\"738\" height=\"1024\" srcset=\"https:\/\/dogpride.nl\/wp-content\/uploads\/women_s_tops_-1-738x1024.jpg 738w, https:\/\/dogpride.nl\/wp-content\/uploads\/women_s_tops_-1-250x347.jpg 250w, https:\/\/dogpride.nl\/wp-content\/uploads\/women_s_tops_-1-400x555.jpg 400w, https:\/\/dogpride.nl\/wp-content\/uploads\/women_s_tops_-1-216x300.jpg 216w, https:\/\/dogpride.nl\/wp-content\/uploads\/women_s_tops_-1-768x1065.jpg 768w, https:\/\/dogpride.nl\/wp-content\/uploads\/women_s_tops_-1-200x277.jpg 200w, https:\/\/dogpride.nl\/wp-content\/uploads\/women_s_tops_-1-600x832.jpg 600w, https:\/\/dogpride.nl\/wp-content\/uploads\/women_s_tops_-1-800x1110.jpg 800w, https:\/\/dogpride.nl\/wp-content\/uploads\/women_s_tops_-1.jpg 865w\" sizes=\"auto, (max-width: 738px) 100vw, 738px\" \/><\/p>\n<p><a href=\"https:\/\/dogpride.nl\/de\/kleding\/t-shirts-en-polos\/arrak-t-shirts-en-polos\/?product-page=2\"><img loading=\"lazy\" decoding=\"async\" class=\"alignnone wp-image-137237\" src=\"https:\/\/dogpride.nl\/wp-content\/uploads\/ARRAK-Golfer-Polo-Lady-Royal-Blue.jpg\" alt=\"ARRAK Golfer Polo Lady Royal Blue\" width=\"122\" height=\"122\" srcset=\"https:\/\/dogpride.nl\/wp-content\/uploads\/ARRAK-Golfer-Polo-Lady-Royal-Blue.jpg 700w, https:\/\/dogpride.nl\/wp-content\/uploads\/ARRAK-Golfer-Polo-Lady-Royal-Blue-300x300.jpg 300w, https:\/\/dogpride.nl\/wp-content\/uploads\/ARRAK-Golfer-Polo-Lady-Royal-Blue-150x150.jpg 150w, https:\/\/dogpride.nl\/wp-content\/uploads\/ARRAK-Golfer-Polo-Lady-Royal-Blue-12x12.jpg 12w, https:\/\/dogpride.nl\/wp-content\/uploads\/ARRAK-Golfer-Polo-Lady-Royal-Blue-250x250.jpg 250w, https:\/\/dogpride.nl\/wp-content\/uploads\/ARRAK-Golfer-Polo-Lady-Royal-Blue-400x400.jpg 400w, https:\/\/dogpride.nl\/wp-content\/uploads\/ARRAK-Golfer-Polo-Lady-Royal-Blue-100x100.jpg 100w\" sizes=\"auto, (max-width: 122px) 100vw, 122px\" \/><\/a><\/p>\n<p><span style=\"color: #ffffff;\"><a href=\"https:\/\/arrakoutdoor.com\/\" target=\"_blank\" rel=\"noopener\"><img loading=\"lazy\" decoding=\"async\" class=\"alignnone wp-image-141950 size-medium\" src=\"https:\/\/dogpride.nl\/wp-content\/uploads\/Arrak-1-300x118.jpeg\" alt=\"\" width=\"300\" height=\"118\" srcset=\"https:\/\/dogpride.nl\/wp-content\/uploads\/Arrak-1-300x118.jpeg 300w, https:\/\/dogpride.nl\/wp-content\/uploads\/Arrak-1-768x303.jpeg 768w, https:\/\/dogpride.nl\/wp-content\/uploads\/Arrak-1-18x7.jpeg 18w, https:\/\/dogpride.nl\/wp-content\/uploads\/Arrak-1-250x99.jpeg 250w, https:\/\/dogpride.nl\/wp-content\/uploads\/Arrak-1-400x158.jpeg 400w, https:\/\/dogpride.nl\/wp-content\/uploads\/Arrak-1.jpeg 916w\" sizes=\"auto, (max-width: 300px) 100vw, 300px\" \/><\/a><\/span><\/p>","protected":false},"excerpt":{"rendered":"<p>Dieses Poloshirt ist weich und geschmeidig und somit die perfekte Wahl f\u00fcr ein Spiel oder Training. Das Hemd ist wundersch\u00f6n gefertigt. Das Poloshirt besteht aus funktionellem Polyester, das Feuchtigkeit vom K\u00f6rper wegtransportiert und Sie trocken h\u00e4lt.<\/p>","protected":false},"featured_media":16703,"template":"","meta":[],"product_brand":[],"product_cat":[3893],"product_tag":[],"class_list":{"0":"post-16702","1":"product","2":"type-product","3":"status-publish","4":"has-post-thumbnail","6":"product_cat-arrak-t-shirts-polos","8":"first","9":"instock","10":"taxable","11":"shipping-taxable","12":"purchasable","13":"product-type-variable"},"mb":[],"mfb_rest_fields":["title"],"_links":{"self":[{"href":"https:\/\/dogpride.nl\/de\/wp-json\/wp\/v2\/product\/16702","targetHints":{"allow":["GET"]}}],"collection":[{"href":"https:\/\/dogpride.nl\/de\/wp-json\/wp\/v2\/product"}],"about":[{"href":"https:\/\/dogpride.nl\/de\/wp-json\/wp\/v2\/types\/product"}],"wp:featuredmedia":[{"embeddable":true,"href":"https:\/\/dogpride.nl\/de\/wp-json\/wp\/v2\/media\/16703"}],"wp:attachment":[{"href":"https:\/\/dogpride.nl\/de\/wp-json\/wp\/v2\/media?parent=16702"}],"wp:term":[{"taxonomy":"product_brand","embeddable":true,"href":"https:\/\/dogpride.nl\/de\/wp-json\/wp\/v2\/product_brand?post=16702"},{"taxonomy":"product_cat","embeddable":true,"href":"https:\/\/dogpride.nl\/de\/wp-json\/wp\/v2\/product_cat?post=16702"},{"taxonomy":"product_tag","embeddable":true,"href":"https:\/\/dogpride.nl\/de\/wp-json\/wp\/v2\/product_tag?post=16702"}],"curies":[{"name":"wp","href":"https:\/\/api.w.org\/{rel}","templated":true}]}}