{"id":16670,"date":"2020-04-29T09:34:29","date_gmt":"2020-04-29T07:34:29","guid":{"rendered":"https:\/\/dogpride1.wpengine.com\/product\/hood-sweater-pro99-black-3\/"},"modified":"2025-11-03T10:27:20","modified_gmt":"2025-11-03T09:27:20","slug":"arrak-hood-sweater-black-3","status":"publish","type":"product","link":"https:\/\/dogpride.nl\/de\/arrak-hood-sweater-black-3\/","title":{"rendered":"Arrak Kapuzenpullover Schwarz"},"content":{"rendered":"<h4>Arrak Kapuzenpullover Schwarz<\/h4>\n<p>Arrak Kapuzenpullover Schwarz. Mit diesem robusten Shirt sind Sie f\u00fcr alle Herausforderungen der Woche ger\u00fcstet, sowohl bei der Arbeit als auch in Ihrer Freizeit. Sie tragen das Hemd an k\u00fchlen Sommerabenden oder unter Ihrer Jacke im Winter, wenn es drau\u00dfen besonders kalt ist.<\/p>\n<p>Das Shirt hat eine Kapuze mit Kordelzug, den Sie bei Bedarf ziehen k\u00f6nnen. Elastische Baumwollb\u00fcndchen um Handgelenke und Taille. Die Innenseite ist geb\u00fcrstet, wodurch sich der K\u00f6rper weich und wunderbar anf\u00fchlt.<\/p>\n<p>Der Kapuzenpullover ist ein Unisex-Modell<\/p>\n<p>65% Baumwolle, 35% Polyester<\/p>\n<p><img loading=\"lazy\" decoding=\"async\" class=\"alignnone wp-image-70338 size-full\" src=\"https:\/\/www.dogpride.nl\/wp-content\/uploads\/Maattabel-Unisex-tops-1.jpg\" alt=\"Maattabel\" width=\"647\" height=\"813\" srcset=\"https:\/\/dogpride.nl\/wp-content\/uploads\/Maattabel-Unisex-tops-1.jpg 647w, https:\/\/dogpride.nl\/wp-content\/uploads\/Maattabel-Unisex-tops-1-250x314.jpg 250w, https:\/\/dogpride.nl\/wp-content\/uploads\/Maattabel-Unisex-tops-1-400x503.jpg 400w, https:\/\/dogpride.nl\/wp-content\/uploads\/Maattabel-Unisex-tops-1-239x300.jpg 239w, https:\/\/dogpride.nl\/wp-content\/uploads\/Maattabel-Unisex-tops-1-200x251.jpg 200w, https:\/\/dogpride.nl\/wp-content\/uploads\/Maattabel-Unisex-tops-1-600x754.jpg 600w\" sizes=\"auto, (max-width: 647px) 100vw, 647px\" \/><\/p>\n<p><a href=\"https:\/\/arrakoutdoor.com\/\" target=\"_blank\" rel=\"noopener\"><img loading=\"lazy\" decoding=\"async\" class=\"alignnone wp-image-139301 size-medium\" src=\"https:\/\/dogpride.nl\/wp-content\/uploads\/Arrak-300x118.jpeg\" alt=\"Logo\" width=\"300\" height=\"118\" srcset=\"https:\/\/dogpride.nl\/wp-content\/uploads\/Arrak-300x118.jpeg 300w, https:\/\/dogpride.nl\/wp-content\/uploads\/Arrak-768x303.jpeg 768w, https:\/\/dogpride.nl\/wp-content\/uploads\/Arrak-18x7.jpeg 18w, https:\/\/dogpride.nl\/wp-content\/uploads\/Arrak-250x99.jpeg 250w, https:\/\/dogpride.nl\/wp-content\/uploads\/Arrak-400x158.jpeg 400w, https:\/\/dogpride.nl\/wp-content\/uploads\/Arrak.jpeg 916w\" sizes=\"auto, (max-width: 300px) 100vw, 300px\" \/><\/a><\/p>\n<p><a href=\"https:\/\/dogpride.nl\/de\/kleding\/hoodies\/arrak-outdoor-hoodies\/\"><img loading=\"lazy\" decoding=\"async\" class=\"alignnone\" title=\"Arrak Kapuzenpullover Schwarz\" src=\"https:\/\/dogpride.nl\/wp-content\/uploads\/60019-99_black_front-150x150.jpg\" alt=\"Arrak Hood Sweater Black\" width=\"150\" height=\"150\" \/><\/a><\/p>","protected":false},"excerpt":{"rendered":"<p>Mit diesem robusten Shirt sind Sie f\u00fcr alle Herausforderungen der Woche ger\u00fcstet, sowohl bei der Arbeit als auch in Ihrer Freizeit. Sie tragen das Hemd an k\u00fchlen Sommerabenden oder unter Ihrer Jacke im Winter, wenn es drau\u00dfen besonders kalt ist.<\/p>","protected":false},"featured_media":70411,"template":"","meta":[],"product_brand":[],"product_cat":[3888],"product_tag":[],"class_list":{"0":"post-16670","1":"product","2":"type-product","3":"status-publish","4":"has-post-thumbnail","6":"product_cat-arrak-outdoor-hoodies","8":"first","9":"instock","10":"taxable","11":"shipping-taxable","12":"purchasable","13":"product-type-variable"},"mb":[],"mfb_rest_fields":["title"],"_links":{"self":[{"href":"https:\/\/dogpride.nl\/de\/wp-json\/wp\/v2\/product\/16670","targetHints":{"allow":["GET"]}}],"collection":[{"href":"https:\/\/dogpride.nl\/de\/wp-json\/wp\/v2\/product"}],"about":[{"href":"https:\/\/dogpride.nl\/de\/wp-json\/wp\/v2\/types\/product"}],"wp:featuredmedia":[{"embeddable":true,"href":"https:\/\/dogpride.nl\/de\/wp-json\/wp\/v2\/media\/70411"}],"wp:attachment":[{"href":"https:\/\/dogpride.nl\/de\/wp-json\/wp\/v2\/media?parent=16670"}],"wp:term":[{"taxonomy":"product_brand","embeddable":true,"href":"https:\/\/dogpride.nl\/de\/wp-json\/wp\/v2\/product_brand?post=16670"},{"taxonomy":"product_cat","embeddable":true,"href":"https:\/\/dogpride.nl\/de\/wp-json\/wp\/v2\/product_cat?post=16670"},{"taxonomy":"product_tag","embeddable":true,"href":"https:\/\/dogpride.nl\/de\/wp-json\/wp\/v2\/product_tag?post=16670"}],"curies":[{"name":"wp","href":"https:\/\/api.w.org\/{rel}","templated":true}]}}