{"id":16309,"date":"2020-03-25T14:42:51","date_gmt":"2020-03-25T13:42:51","guid":{"rendered":"https:\/\/dogpride1.wpengine.com\/product\/kong-corestrength-bone-145x55x3-cm-3\/"},"modified":"2025-11-24T11:23:51","modified_gmt":"2025-11-24T10:23:51","slug":"kong-corestrength-bone-3","status":"publish","type":"product","link":"https:\/\/dogpride.nl\/de\/kong-corestrength-bone-3\/","title":{"rendered":"KONG Corestrength Bone"},"content":{"rendered":"<h4>KONG Corestrength Bone<\/h4>\n<p>Der KONG Corestrength Bone ist ein einzigartiges mehrschichtiges Spielzeug. Die Au\u00dfenseite verf\u00fcgt \u00fcber eine spezielle Struktur, die das Zahnfleisch massiert und die Z\u00e4hne reinigt. Die Innenseite besteht aus robustem Material, das f\u00fcr extra langes Kauvergn\u00fcgen sorgt.<\/p>\n<p>Gr\u00f6\u00dfe:<\/p>\n<p>S\/M &#8211;\u00a0 14 cm<br \/>\nM\/L &#8211;\u00a0 18 cm<\/p>\n<p>Farbe: Blau mit Gr\u00fcn<\/p>\n<p><a href=\"https:\/\/www.kongcompany.com\/\" target=\"_blank\" rel=\"noopener\"><img loading=\"lazy\" decoding=\"async\" class=\"alignnone wp-image-31 size-thumbnail\" src=\"https:\/\/dogpride.nl\/wp-content\/uploads\/kong_solid_logo_red-thumb-150x150.jpg\" alt=\"\" width=\"150\" height=\"150\" srcset=\"https:\/\/dogpride.nl\/wp-content\/uploads\/kong_solid_logo_red-thumb.jpg 150w, https:\/\/dogpride.nl\/wp-content\/uploads\/kong_solid_logo_red-thumb-100x100.jpg 100w, https:\/\/dogpride.nl\/wp-content\/uploads\/kong_solid_logo_red-thumb-66x66.jpg 66w\" sizes=\"auto, (max-width: 150px) 100vw, 150px\" \/><\/a><\/p>\n<p><a href=\"https:\/\/dogpride.nl\/de\/speelgoed\/kauwspeelgoed\/\"><img loading=\"lazy\" decoding=\"async\" class=\"alignnone\" title=\"KONG Corestrength Bone\" src=\"https:\/\/dogpride.nl\/wp-content\/uploads\/PFC11E-3-5-150x150.jpg\" alt=\"KONG Corestrength Bone\" width=\"150\" height=\"150\" \/><\/a><\/p>","protected":false},"excerpt":{"rendered":"<p>Ein einzigartiges Spielzeug, das aus mehreren Schichten besteht. Die Au\u00dfenseite verf\u00fcgt \u00fcber eine spezielle Struktur, die das Zahnfleisch massiert und die Z\u00e4hne reinigt. Die Innenseite besteht aus robustem Material, das f\u00fcr extra langes Kauvergn\u00fcgen sorgt.<\/p>","protected":false},"featured_media":26941,"template":"","meta":[],"product_brand":[],"product_cat":[187],"product_tag":[],"class_list":{"0":"post-16309","1":"product","2":"type-product","3":"status-publish","4":"has-post-thumbnail","6":"product_cat-kauwspeelgoed","8":"first","9":"instock","10":"taxable","11":"shipping-taxable","12":"purchasable","13":"product-type-variable"},"mb":[],"mfb_rest_fields":["title"],"_links":{"self":[{"href":"https:\/\/dogpride.nl\/de\/wp-json\/wp\/v2\/product\/16309","targetHints":{"allow":["GET"]}}],"collection":[{"href":"https:\/\/dogpride.nl\/de\/wp-json\/wp\/v2\/product"}],"about":[{"href":"https:\/\/dogpride.nl\/de\/wp-json\/wp\/v2\/types\/product"}],"wp:featuredmedia":[{"embeddable":true,"href":"https:\/\/dogpride.nl\/de\/wp-json\/wp\/v2\/media\/26941"}],"wp:attachment":[{"href":"https:\/\/dogpride.nl\/de\/wp-json\/wp\/v2\/media?parent=16309"}],"wp:term":[{"taxonomy":"product_brand","embeddable":true,"href":"https:\/\/dogpride.nl\/de\/wp-json\/wp\/v2\/product_brand?post=16309"},{"taxonomy":"product_cat","embeddable":true,"href":"https:\/\/dogpride.nl\/de\/wp-json\/wp\/v2\/product_cat?post=16309"},{"taxonomy":"product_tag","embeddable":true,"href":"https:\/\/dogpride.nl\/de\/wp-json\/wp\/v2\/product_tag?post=16309"}],"curies":[{"name":"wp","href":"https:\/\/api.w.org\/{rel}","templated":true}]}}