{"id":16261,"date":"2020-03-24T16:20:54","date_gmt":"2020-03-24T15:20:54","guid":{"rendered":"https:\/\/dogpride1.wpengine.com\/product\/kong-dotz-circle-small-2\/"},"modified":"2025-11-24T13:37:24","modified_gmt":"2025-11-24T12:37:24","slug":"kong-dotz-circle-small-2","status":"publish","type":"product","link":"https:\/\/dogpride.nl\/de\/kong-dotz-circle-small-2\/","title":{"rendered":"KONG Dotz Circle"},"content":{"rendered":"<h4>KONG Dotz Circle<\/h4>\n<p><strong>KONG Dotz Circle<\/strong><br \/>\nKONG Dotz bietet durch die unterschiedlichen Texturen viel Kauvergn\u00fcgen. Der spielerische, unvorhersehbare Sprung des Spielzeugs sorgt f\u00fcr Spa\u00df, w\u00e4hrend die Noppen dazu beitragen, Z\u00e4hne und Zahnfleisch sauber zu halten. Mit Quietscher f\u00fcr noch mehr Spielspa\u00df.<\/p>\n<p>\u2022 Geschichtete Texturen sorgen f\u00fcr vielf\u00e4ltige Kaufreuden<br \/>\n\u2022 Springt in unvorhersehbare Richtungen<br \/>\n\u2022 Die Noppen helfen, Z\u00e4hne und Zahnfleisch sauber zu halten<br \/>\n\u2022 Piepser im Inneren<\/p>\n<p><strong>Format<\/strong><br \/>\nKONGTDD31E Klein \u2013 \u00f8 10 cm<br \/>\nKONGTDD11E Gro\u00df \u2013 \u00f8 16 cm<\/p>\n<p><a href=\"https:\/\/www.kongcompany.com\/\" target=\"_blank\" rel=\"noopener\"><img loading=\"lazy\" decoding=\"async\" class=\"alignnone wp-image-90622 size-thumbnail\" src=\"https:\/\/dogpride.nl\/wp-content\/uploads\/kong_solid_logo_red-thumb-3-150x150.jpg\" alt=\"KONG\" width=\"150\" height=\"150\" srcset=\"https:\/\/dogpride.nl\/wp-content\/uploads\/kong_solid_logo_red-thumb-3.jpg 150w, https:\/\/dogpride.nl\/wp-content\/uploads\/kong_solid_logo_red-thumb-3-100x100.jpg 100w, https:\/\/dogpride.nl\/wp-content\/uploads\/kong_solid_logo_red-thumb-3-66x66.jpg 66w\" sizes=\"auto, (max-width: 150px) 100vw, 150px\" \/><\/a><\/p>\n<p><a href=\"https:\/\/dogpride.nl\/de\/speelgoed\/kauwspeelgoed\/\"><img loading=\"lazy\" decoding=\"async\" class=\"alignnone\" title=\"KONG Dotz Circle\" src=\"https:\/\/dogpride.nl\/wp-content\/uploads\/TDD11E-3-4-150x150.jpg\" alt=\"KONG Dotz Circle\" width=\"150\" height=\"150\" \/><\/a><\/p>","protected":false},"excerpt":{"rendered":"<p>KONG Dotz bietet durch die unterschiedlichen Texturen viel Kauvergn\u00fcgen. Der spielerische, unvorhersehbare Sprung des Spielzeugs sorgt f\u00fcr Spa\u00df, w\u00e4hrend die Noppen dazu beitragen, Z\u00e4hne und Zahnfleisch sauber zu halten. Mit Quietscher f\u00fcr noch mehr Spielspa\u00df.<\/p>","protected":false},"featured_media":26853,"template":"","meta":[],"product_brand":[],"product_cat":[187],"product_tag":[],"class_list":{"0":"post-16261","1":"product","2":"type-product","3":"status-publish","4":"has-post-thumbnail","6":"product_cat-kauwspeelgoed","8":"first","9":"instock","10":"taxable","11":"shipping-taxable","12":"purchasable","13":"product-type-variable"},"exclude_global_add_ons":[],"addons":[],"mb":[],"mfb_rest_fields":["title","exclude_global_add_ons","addons"],"_links":{"self":[{"href":"https:\/\/dogpride.nl\/de\/wp-json\/wp\/v2\/product\/16261","targetHints":{"allow":["GET"]}}],"collection":[{"href":"https:\/\/dogpride.nl\/de\/wp-json\/wp\/v2\/product"}],"about":[{"href":"https:\/\/dogpride.nl\/de\/wp-json\/wp\/v2\/types\/product"}],"wp:featuredmedia":[{"embeddable":true,"href":"https:\/\/dogpride.nl\/de\/wp-json\/wp\/v2\/media\/26853"}],"wp:attachment":[{"href":"https:\/\/dogpride.nl\/de\/wp-json\/wp\/v2\/media?parent=16261"}],"wp:term":[{"taxonomy":"product_brand","embeddable":true,"href":"https:\/\/dogpride.nl\/de\/wp-json\/wp\/v2\/product_brand?post=16261"},{"taxonomy":"product_cat","embeddable":true,"href":"https:\/\/dogpride.nl\/de\/wp-json\/wp\/v2\/product_cat?post=16261"},{"taxonomy":"product_tag","embeddable":true,"href":"https:\/\/dogpride.nl\/de\/wp-json\/wp\/v2\/product_tag?post=16261"}],"curies":[{"name":"wp","href":"https:\/\/api.w.org\/{rel}","templated":true}]}}