{"id":16253,"date":"2020-03-24T15:39:57","date_gmt":"2020-03-24T14:39:57","guid":{"rendered":"https:\/\/dogpride1.wpengine.com\/product\/kong-goodie-ribbon-large-3\/"},"modified":"2025-11-24T13:41:25","modified_gmt":"2025-11-24T12:41:25","slug":"kong-goodie-ribbon-large-3","status":"publish","type":"product","link":"https:\/\/dogpride.nl\/de\/kong-goodie-ribbon-large-3\/","title":{"rendered":"KONG Goodie-Band"},"content":{"rendered":"<h4>\u00a0KONG Goodie-Band<\/h4>\n<p><strong>KONG Goodie-Band\u00a0<\/strong><br \/>\nF\u00fcr eine noch gr\u00f6\u00dfere Herausforderung geben Sie Ihrem Hund die tollen Spielzeuge von KONG! In diesem Spielzeug k\u00f6nnen an 4 Stellen Leckerchen abgelegt werden, was langen Spielspa\u00df garantiert. Hergestellt aus dem ber\u00fchmten KONG-GUMMI! SEHR STARK!<\/p>\n<p>F\u00fcllen Sie es mit Erdnussbutter, Trockenfutter oder den Lieblingssnacks Ihres Hundes.<br \/>\n<strong>SPITZE:<\/strong>\u00a0Nachdem Sie es beispielsweise mit Easy Treat bef\u00fcllt haben, legen Sie es in den Gefrierschrank und geben Sie es Ihrem Hund gefroren f\u00fcr noch mehr Herausforderung.<\/p>\n<ul>\n<li>Geistige Herausforderung<\/li>\n<li>Stundenlanger Spa\u00df<\/li>\n<li>Strapazierf\u00e4higer Naturkautschuk<\/li>\n<li>Befriedigt den nat\u00fcrlichen Kauinstinkt<\/li>\n<\/ul>\n<p><strong>Format<\/strong><br \/>\nKONTGS3E \u2013 klein<br \/>\nKONGTGS2E \u2013 mittel<br \/>\nKONTGS1E \u2013 gro\u00df<\/p>\n<p><a href=\"https:\/\/www.kongcompany.com\/\" target=\"_blank\" rel=\"noopener\"><img loading=\"lazy\" decoding=\"async\" class=\"alignnone wp-image-90622 size-thumbnail\" src=\"https:\/\/dogpride.nl\/wp-content\/uploads\/kong_solid_logo_red-thumb-3-150x150.jpg\" alt=\"KONG\" width=\"150\" height=\"150\" srcset=\"https:\/\/dogpride.nl\/wp-content\/uploads\/kong_solid_logo_red-thumb-3.jpg 150w, https:\/\/dogpride.nl\/wp-content\/uploads\/kong_solid_logo_red-thumb-3-100x100.jpg 100w, https:\/\/dogpride.nl\/wp-content\/uploads\/kong_solid_logo_red-thumb-3-66x66.jpg 66w\" sizes=\"auto, (max-width: 150px) 100vw, 150px\" \/><\/a><\/p>\n<p><a href=\"https:\/\/dogpride.nl\/de\/speelgoed\/kauwspeelgoed\/\"><img loading=\"lazy\" decoding=\"async\" class=\"alignnone\" title=\"KONG Goodie-Band\" src=\"https:\/\/dogpride.nl\/wp-content\/uploads\/TGS1E-2-4-150x150.jpg\" alt=\"KONG Goodie Ribbon\" width=\"150\" height=\"150\" \/><\/a><\/p>","protected":false},"excerpt":{"rendered":"<p>F\u00fcr eine noch gr\u00f6\u00dfere Herausforderung geben Sie Ihrem Hund die tollen Spielzeuge von KONG! In diesem Spielzeug k\u00f6nnen an 4 Stellen Leckerchen abgelegt werden, was langen Spielspa\u00df garantiert. Hergestellt aus dem ber\u00fchmten KONG-GUMMI! SEHR STARK!<\/p>","protected":false},"featured_media":26825,"template":"","meta":[],"product_brand":[],"product_cat":[187],"product_tag":[],"class_list":{"0":"post-16253","1":"product","2":"type-product","3":"status-publish","4":"has-post-thumbnail","6":"product_cat-kauwspeelgoed","8":"first","9":"instock","10":"taxable","11":"shipping-taxable","12":"purchasable","13":"product-type-variable"},"mb":[],"mfb_rest_fields":["title"],"_links":{"self":[{"href":"https:\/\/dogpride.nl\/de\/wp-json\/wp\/v2\/product\/16253","targetHints":{"allow":["GET"]}}],"collection":[{"href":"https:\/\/dogpride.nl\/de\/wp-json\/wp\/v2\/product"}],"about":[{"href":"https:\/\/dogpride.nl\/de\/wp-json\/wp\/v2\/types\/product"}],"wp:featuredmedia":[{"embeddable":true,"href":"https:\/\/dogpride.nl\/de\/wp-json\/wp\/v2\/media\/26825"}],"wp:attachment":[{"href":"https:\/\/dogpride.nl\/de\/wp-json\/wp\/v2\/media?parent=16253"}],"wp:term":[{"taxonomy":"product_brand","embeddable":true,"href":"https:\/\/dogpride.nl\/de\/wp-json\/wp\/v2\/product_brand?post=16253"},{"taxonomy":"product_cat","embeddable":true,"href":"https:\/\/dogpride.nl\/de\/wp-json\/wp\/v2\/product_cat?post=16253"},{"taxonomy":"product_tag","embeddable":true,"href":"https:\/\/dogpride.nl\/de\/wp-json\/wp\/v2\/product_tag?post=16253"}],"curies":[{"name":"wp","href":"https:\/\/api.w.org\/{rel}","templated":true}]}}