{"id":16097,"date":"2020-03-23T12:31:45","date_gmt":"2020-03-23T11:31:45","guid":{"rendered":"https:\/\/dogpride1.wpengine.com\/product\/kong-signature-balls-m-65-cm-2-st-2\/"},"modified":"2026-01-28T16:57:41","modified_gmt":"2026-01-28T15:57:41","slug":"kong-signature-balls-2st","status":"publish","type":"product","link":"https:\/\/dogpride.nl\/de\/kong-signature-balls-2st\/","title":{"rendered":"KONG Signature Balls 2ST"},"content":{"rendered":"<h4>KONG Signature Balls 2ST<\/h4>\n<p>KONG Signature Balls 2ST<\/p>\n<p>De KONG Signature Balls 2ST\u00a0 is hondenspeelgoed in de vorm van zeer duurzame ballen met veel stuitervermogen en het KONG-logo.<br \/>\nMit diesem lustigen Ball wird jedes Apportierspiel zur Party! Kong wird mit diesem Hundespielzeug mit einem extrem haltbaren Ball geliefert. Dieser lustige rote Ball tr\u00e4gt das wei\u00dfe KONG-Logo und ist ideal zum Spielen mit Ihrem Hund. F\u00fcr noch mehr Spa\u00df springt der Ball besonders hoch!<\/p>\n<p>\u2013 Spielzeug f\u00fcr Kongs Hund<br \/>\n\u2013 Springt sehr hoch<br \/>\n- Langlebig<br \/>\n\u2013 Mit dem KONG-Logo<\/p>\n<p>Gr\u00f6\u00dfe M<br \/>\nAfmetingen: 5 x 5 x 5 cm<\/p>\n<p>Gr\u00f6\u00dfe M<br \/>\nAbmessungen: 6,5 x 6,5 x 6,5 cm<\/p>\n<p>Gr\u00f6\u00dfe L<br \/>\nAbmessungen: 8,5 x 8,5 x 8,5 cm<\/p>\n<p>Inhalt: 2 St\u00fcck<\/p>\n<p><a href=\"https:\/\/www.kongcompany.com\/\" target=\"_blank\" rel=\"noopener\"><img loading=\"lazy\" decoding=\"async\" class=\"alignnone wp-image-71733 size-full\" src=\"https:\/\/dogpride.nl\/wp-content\/uploads\/kong_solid_logo_red-thumb-1.jpg\" alt=\"KONG\" width=\"150\" height=\"150\" srcset=\"https:\/\/dogpride.nl\/wp-content\/uploads\/kong_solid_logo_red-thumb-1.jpg 150w, https:\/\/dogpride.nl\/wp-content\/uploads\/kong_solid_logo_red-thumb-1-100x100.jpg 100w, https:\/\/dogpride.nl\/wp-content\/uploads\/kong_solid_logo_red-thumb-1-66x66.jpg 66w\" sizes=\"auto, (max-width: 150px) 100vw, 150px\" \/><\/a><\/p>\n<p><a href=\"https:\/\/dogpride.nl\/de\/speelgoed\/ballen-apporteren\/?product-page=3\"><img loading=\"lazy\" decoding=\"async\" class=\"alignnone\" title=\"KONG Signature Balls M of L 2ST\" src=\"https:\/\/dogpride.nl\/wp-content\/uploads\/SKB3E-3-5-150x150.jpg\" alt=\"KONG Signature Balls M of L 2ST\" width=\"150\" height=\"150\" \/><\/a><\/p>","protected":false},"excerpt":{"rendered":"<p>Mit diesem lustigen Ball wird jedes Apportierspiel zur Party! Kong wird mit diesem Hundespielzeug mit einem extrem haltbaren Ball geliefert. Dieser lustige rote Ball tr\u00e4gt das wei\u00dfe KONG-Logo und ist ideal zum Spielen mit Ihrem Hund.<\/p>","protected":false},"featured_media":26616,"template":"","meta":[],"product_brand":[],"product_cat":[22512],"product_tag":[7298],"class_list":{"0":"post-16097","1":"product","2":"type-product","3":"status-publish","4":"has-post-thumbnail","6":"product_cat-kong-speelgoed","7":"product_tag-kong","9":"first","10":"instock","11":"taxable","12":"shipping-taxable","13":"purchasable","14":"product-type-variable"},"mb":[],"mfb_rest_fields":["title"],"_links":{"self":[{"href":"https:\/\/dogpride.nl\/de\/wp-json\/wp\/v2\/product\/16097","targetHints":{"allow":["GET"]}}],"collection":[{"href":"https:\/\/dogpride.nl\/de\/wp-json\/wp\/v2\/product"}],"about":[{"href":"https:\/\/dogpride.nl\/de\/wp-json\/wp\/v2\/types\/product"}],"wp:featuredmedia":[{"embeddable":true,"href":"https:\/\/dogpride.nl\/de\/wp-json\/wp\/v2\/media\/26616"}],"wp:attachment":[{"href":"https:\/\/dogpride.nl\/de\/wp-json\/wp\/v2\/media?parent=16097"}],"wp:term":[{"taxonomy":"product_brand","embeddable":true,"href":"https:\/\/dogpride.nl\/de\/wp-json\/wp\/v2\/product_brand?post=16097"},{"taxonomy":"product_cat","embeddable":true,"href":"https:\/\/dogpride.nl\/de\/wp-json\/wp\/v2\/product_cat?post=16097"},{"taxonomy":"product_tag","embeddable":true,"href":"https:\/\/dogpride.nl\/de\/wp-json\/wp\/v2\/product_tag?post=16097"}],"curies":[{"name":"wp","href":"https:\/\/api.w.org\/{rel}","templated":true}]}}